{"id":21,"date":"2022-05-18T16:59:52","date_gmt":"2022-05-18T16:59:52","guid":{"rendered":"https:\/\/polarparty.no\/pp30\/?page_id=21"},"modified":"2022-10-01T12:22:53","modified_gmt":"2022-10-01T11:22:53","slug":"info-til-foresatte","status":"publish","type":"page","link":"https:\/\/polarparty.no\/pp30\/info-til-foresatte\/","title":{"rendered":"Info til foresatte"},"content":{"rendered":"\t\t<div data-elementor-type=\"wp-page\" data-elementor-id=\"21\" class=\"elementor elementor-21\" data-elementor-post-type=\"page\">\n\t\t\t\t\t\t<section class=\"elementor-section elementor-top-section elementor-element elementor-element-2d4effa elementor-section-full_width elementor-section-height-default elementor-section-height-default\" data-id=\"2d4effa\" data-element_type=\"section\" data-e-type=\"section\">\n\t\t\t\t\t\t<div class=\"elementor-container elementor-column-gap-default\">\n\t\t\t\t\t<div class=\"elementor-column elementor-col-100 elementor-top-column elementor-element elementor-element-951d13e\" data-id=\"951d13e\" data-element_type=\"column\" data-e-type=\"column\">\n\t\t\t<div class=\"elementor-widget-wrap elementor-element-populated\">\n\t\t\t\t\t\t<div class=\"elementor-element elementor-element-64b251b elementor-widget elementor-widget-heading\" data-id=\"64b251b\" data-element_type=\"widget\" data-e-type=\"widget\" data-widget_type=\"heading.default\">\n\t\t\t\t<div class=\"elementor-widget-container\">\n\t\t\t\t\t<h5 class=\"elementor-heading-title elementor-size-default\">F\u00f8rst og fremst: Polar Party arrangeres av frivillige. Ingen f\u00e5r betalt. Vi har ingen eiere. Alt er ideelt arbeid.<\/h5>\t\t\t\t<\/div>\n\t\t\t\t<\/div>\n\t\t\t\t<div class=\"elementor-element elementor-element-863bcee elementor-widget elementor-widget-text-editor\" data-id=\"863bcee\" data-element_type=\"widget\" data-e-type=\"widget\" data-widget_type=\"text-editor.default\">\n\t\t\t\t<div class=\"elementor-widget-container\">\n\t\t\t\t\t\t\t\t\t<p>Polar Party blir arrangert av Polar Interesseorganisasjon, som er en frivillig organisasjon for datainteressert ungdom, med omtrent 1000 medlemmer fra store deler av Norge med en sentrering rundt \u00d8stlandet.\u00a0<\/p>\n<p>I motsetning til kommersielle akt\u00f8rer, er det ingen enkeltpersoner hos oss som tar ut noe overskudd fra arrangementer \u2013 alt eventuelt overskudd vil bli benyttet til form\u00e5l for medlemmene i organisasjonen.\u00a0<\/p>\n<p>Polar Party er et datatreff og ungdomsfestival som samler ungdom med interesse for data i ulike former og i ulikt kunnskapsniv\u00e5 fra \u00d8stlandet for \u00e5 tilbringe flere dager sammen. Her finner du informasjon som er nyttig for deg som er foresatt, om du vurderer \u00e5 sende en eller flere p\u00e5 Polar Party.<\/p>\t\t\t\t\t\t\t\t<\/div>\n\t\t\t\t<\/div>\n\t\t\t\t\t<\/div>\n\t\t<\/div>\n\t\t\t\t\t<\/div>\n\t\t<\/section>\n\t\t\t\t<section class=\"elementor-section elementor-top-section elementor-element elementor-element-ebebd5f elementor-section-boxed elementor-section-height-default elementor-section-height-default\" data-id=\"ebebd5f\" data-element_type=\"section\" data-e-type=\"section\">\n\t\t\t\t\t\t<div class=\"elementor-container elementor-column-gap-default\">\n\t\t\t\t\t<div class=\"elementor-column elementor-col-100 elementor-top-column elementor-element elementor-element-30a1c22\" data-id=\"30a1c22\" data-element_type=\"column\" data-e-type=\"column\">\n\t\t\t<div class=\"elementor-widget-wrap elementor-element-populated\">\n\t\t\t\t\t\t<div class=\"elementor-element elementor-element-a9b614e elementor-widget elementor-widget-heading\" data-id=\"a9b614e\" data-element_type=\"widget\" data-e-type=\"widget\" data-widget_type=\"heading.default\">\n\t\t\t\t<div class=\"elementor-widget-container\">\n\t\t\t\t\t<h3 class=\"elementor-heading-title elementor-size-default\">Arrang\u00f8rer<\/h3>\t\t\t\t<\/div>\n\t\t\t\t<\/div>\n\t\t\t\t<div class=\"elementor-element elementor-element-dfebc68 elementor-widget elementor-widget-text-editor\" data-id=\"dfebc68\" data-element_type=\"widget\" data-e-type=\"widget\" data-widget_type=\"text-editor.default\">\n\t\t\t\t<div class=\"elementor-widget-container\">\n\t\t\t\t\t\t\t\t\t<p>Arrangementet ledes av en gruppe med erfarne arrang\u00f8rer, hvorav alle har erfaring med arrangering av datatreff, enkelte helt tilbake til 1997.\u00a0<\/p>\n<p>Under seg har disse omtrent 80 personer som jobber frivillig for \u00e5 sikre at arrangementet har h\u00f8yest mulig standard p\u00e5 alle omr\u00e5der, fra sikkerhet til matprodusering.\u00a0<\/p>\n<p>Arrang\u00f8rene understreker at hele arrangementet, fra planlegging til gjennomf\u00f8ring, gj\u00f8res av frivillige personer hvorav ingen mottar \u00f8konomisk godtgj\u00f8relse. Det er heller ingen som eier arrangementet og eventuelt overskudd g\u00e5r til \u00e5 gj\u00f8re framtidige arrangement enda bedre.<\/p>\t\t\t\t\t\t\t\t<\/div>\n\t\t\t\t<\/div>\n\t\t\t\t<div class=\"elementor-element elementor-element-bcb8ff9 elementor-widget elementor-widget-heading\" data-id=\"bcb8ff9\" data-element_type=\"widget\" data-e-type=\"widget\" data-widget_type=\"heading.default\">\n\t\t\t\t<div class=\"elementor-widget-container\">\n\t\t\t\t\t<h3 class=\"elementor-heading-title elementor-size-default\">Sikkerhet: Alkohol, rusmidler og tyverier<\/h3>\t\t\t\t<\/div>\n\t\t\t\t<\/div>\n\t\t\t\t<div class=\"elementor-element elementor-element-00ec7ac elementor-widget elementor-widget-text-editor\" data-id=\"00ec7ac\" data-element_type=\"widget\" data-e-type=\"widget\" data-widget_type=\"text-editor.default\">\n\t\t\t\t<div class=\"elementor-widget-container\">\n\t\t\t\t\t\t\t\t\t<p>Polar har en nulltoleranse for nyting av rusmidler inne i hallen. Vi konfiskerer alle rusmidler, og i de tilfeller dette blir funnet p\u00e5 personer under 18 \u00e5r vil foresatte bli kontaktet. Funn av rusmidler vil bli politianmeldt. Det er fast vakthold i hallen, som ogs\u00e5 sjekker alle som g\u00e5r inn for adgangstegn.\u00a0<\/p>\n<p>Det er sv\u00e6rt lite tyverier som skjer p\u00e5 v\u00e5re arrangementer, men vi anbefaler p\u00e5 det sterkeste at man sitter sammen med bekjente som kan passe p\u00e5 utstyret, at b\u00e6rbare maskiner er fastlenket og at man ikke legger igjen mobiltelefon, lommebok eller andre verdisaker. De tyverier som har skjedd p\u00e5 v\u00e5re arrangementer hadde v\u00e6rt avverget om denne tommelfingerregelen hadde blitt fulgt.<\/p>\t\t\t\t\t\t\t\t<\/div>\n\t\t\t\t<\/div>\n\t\t\t\t<div class=\"elementor-element elementor-element-ee8e6ea elementor-widget elementor-widget-heading\" data-id=\"ee8e6ea\" data-element_type=\"widget\" data-e-type=\"widget\" data-widget_type=\"heading.default\">\n\t\t\t\t<div class=\"elementor-widget-container\">\n\t\t\t\t\t<h3 class=\"elementor-heading-title elementor-size-default\">Nulltoleranse for mobbing<\/h3>\t\t\t\t<\/div>\n\t\t\t\t<\/div>\n\t\t\t\t<div class=\"elementor-element elementor-element-7979732 elementor-widget elementor-widget-text-editor\" data-id=\"7979732\" data-element_type=\"widget\" data-e-type=\"widget\" data-widget_type=\"text-editor.default\">\n\t\t\t\t<div class=\"elementor-widget-container\">\n\t\t\t\t\t\t\t\t\t<p>Polar Party har nulltoleranse for mobbing. Dette inkluderer, men er ikke avgrenset til, mobbing p\u00e5 bakgrunn av personlighet, rase, kj\u00f8nn, ferdigheter, religion og seksuell legning. Alle rapporter om dette vil bli tatt seri\u00f8st.<\/p>\t\t\t\t\t\t\t\t<\/div>\n\t\t\t\t<\/div>\n\t\t\t\t<div class=\"elementor-element elementor-element-9177460 elementor-widget elementor-widget-heading\" data-id=\"9177460\" data-element_type=\"widget\" data-e-type=\"widget\" data-widget_type=\"heading.default\">\n\t\t\t\t<div class=\"elementor-widget-container\">\n\t\t\t\t\t<h3 class=\"elementor-heading-title elementor-size-default\">Plasst\u00f8rrelse<\/h3>\t\t\t\t<\/div>\n\t\t\t\t<\/div>\n\t\t\t\t<div class=\"elementor-element elementor-element-38ac59e elementor-widget elementor-widget-text-editor\" data-id=\"38ac59e\" data-element_type=\"widget\" data-e-type=\"widget\" data-widget_type=\"text-editor.default\">\n\t\t\t\t<div class=\"elementor-widget-container\">\n\t\t\t\t\t\t\t\t\t<p>Under er to bilder som forklarer plasst\u00f8rrelse, lengde p\u00e5 rader, pris og hallkartet som viser hvor radene er plassert i hallen og alt annet du finner p\u00e5 Polar Party.<\/p>\t\t\t\t\t\t\t\t<\/div>\n\t\t\t\t<\/div>\n\t\t\t\t<section class=\"elementor-section elementor-inner-section elementor-element elementor-element-6c02188 elementor-section-boxed elementor-section-height-default elementor-section-height-default\" data-id=\"6c02188\" data-element_type=\"section\" data-e-type=\"section\">\n\t\t\t\t\t\t<div class=\"elementor-container elementor-column-gap-default\">\n\t\t\t\t\t<div class=\"elementor-column elementor-col-50 elementor-inner-column elementor-element elementor-element-9143013\" data-id=\"9143013\" data-element_type=\"column\" data-e-type=\"column\">\n\t\t\t<div class=\"elementor-widget-wrap elementor-element-populated\">\n\t\t\t\t\t\t<div class=\"elementor-element elementor-element-a476825 elementor-widget elementor-widget-image\" data-id=\"a476825\" data-element_type=\"widget\" data-e-type=\"widget\" data-widget_type=\"image.default\">\n\t\t\t\t<div class=\"elementor-widget-container\">\n\t\t\t\t\t\t\t\t\t\t\t\t\t\t\t<img loading=\"lazy\" width=\"640\" height=\"640\" src=\"https:\/\/polarparty.no\/pp30\/wp-content\/uploads\/sites\/3\/2022\/10\/PP30plasstorrelse-nett-1024x1024.png\" class=\"attachment-large size-large wp-image-451\" alt=\"PP30plasst\u00f8rrelse nett\" decoding=\"async\" srcset=\"https:\/\/polarparty.no\/pp30\/wp-content\/uploads\/sites\/3\/2022\/10\/PP30plasstorrelse-nett-1024x1024.png 1024w, https:\/\/polarparty.no\/pp30\/wp-content\/uploads\/sites\/3\/2022\/10\/PP30plasstorrelse-nett-300x300.png 300w, https:\/\/polarparty.no\/pp30\/wp-content\/uploads\/sites\/3\/2022\/10\/PP30plasstorrelse-nett-150x150.png 150w, https:\/\/polarparty.no\/pp30\/wp-content\/uploads\/sites\/3\/2022\/10\/PP30plasstorrelse-nett-768x768.png 768w, https:\/\/polarparty.no\/pp30\/wp-content\/uploads\/sites\/3\/2022\/10\/PP30plasstorrelse-nett.png 1080w\" sizes=\"auto, (max-width: 640px) 100vw, 640px\" loading=\"lazy\" \/>\t\t\t\t\t\t\t\t\t\t\t\t\t\t\t<\/div>\n\t\t\t\t<\/div>\n\t\t\t\t\t<\/div>\n\t\t<\/div>\n\t\t\t\t<div class=\"elementor-column elementor-col-50 elementor-inner-column elementor-element elementor-element-acfdb4a\" data-id=\"acfdb4a\" data-element_type=\"column\" data-e-type=\"column\">\n\t\t\t<div class=\"elementor-widget-wrap elementor-element-populated\">\n\t\t\t\t\t\t<div class=\"elementor-element elementor-element-6a7c514 elementor-widget elementor-widget-image\" data-id=\"6a7c514\" data-element_type=\"widget\" data-e-type=\"widget\" data-widget_type=\"image.default\">\n\t\t\t\t<div class=\"elementor-widget-container\">\n\t\t\t\t\t\t\t\t\t\t\t\t\t\t\t<img loading=\"lazy\" width=\"640\" height=\"640\" src=\"https:\/\/polarparty.no\/pp30\/wp-content\/uploads\/sites\/3\/2022\/10\/PP30-Hallkart-deltakere-2-1024x1024.png\" class=\"attachment-large size-large wp-image-452\" alt=\"PP30 Hallkart deltakere 2\" decoding=\"async\" srcset=\"https:\/\/polarparty.no\/pp30\/wp-content\/uploads\/sites\/3\/2022\/10\/PP30-Hallkart-deltakere-2-1024x1024.png 1024w, https:\/\/polarparty.no\/pp30\/wp-content\/uploads\/sites\/3\/2022\/10\/PP30-Hallkart-deltakere-2-300x300.png 300w, https:\/\/polarparty.no\/pp30\/wp-content\/uploads\/sites\/3\/2022\/10\/PP30-Hallkart-deltakere-2-150x150.png 150w, https:\/\/polarparty.no\/pp30\/wp-content\/uploads\/sites\/3\/2022\/10\/PP30-Hallkart-deltakere-2-768x768.png 768w, https:\/\/polarparty.no\/pp30\/wp-content\/uploads\/sites\/3\/2022\/10\/PP30-Hallkart-deltakere-2.png 1080w\" sizes=\"auto, (max-width: 640px) 100vw, 640px\" loading=\"lazy\" \/>\t\t\t\t\t\t\t\t\t\t\t\t\t\t\t<\/div>\n\t\t\t\t<\/div>\n\t\t\t\t\t<\/div>\n\t\t<\/div>\n\t\t\t\t\t<\/div>\n\t\t<\/section>\n\t\t\t\t<div class=\"elementor-element elementor-element-dcd54df elementor-widget elementor-widget-heading\" data-id=\"dcd54df\" data-element_type=\"widget\" data-e-type=\"widget\" data-widget_type=\"heading.default\">\n\t\t\t\t<div class=\"elementor-widget-container\">\n\t\t\t\t\t<h3 class=\"elementor-heading-title elementor-size-default\">Fasiliteter: Soving, dusjing og toaletter<\/h3>\t\t\t\t<\/div>\n\t\t\t\t<\/div>\n\t\t\t\t<div class=\"elementor-element elementor-element-604b7ca elementor-widget elementor-widget-text-editor\" data-id=\"604b7ca\" data-element_type=\"widget\" data-e-type=\"widget\" data-widget_type=\"text-editor.default\">\n\t\t\t\t<div class=\"elementor-widget-container\">\n\t\t\t\t\t\t\t\t\t<p>Det er soveomr\u00e5der tilgjengelig for alle deltakere. Vi anbefaler at alle tar med seg sovepose og liggeunderlag eller seng som kan sl\u00e5s sammen. Det er ikke tillatt \u00e5 oppbevare soveutstyr i soveomr\u00e5dene, hensatt soveutstyr vil bli fjernet.\u00a0<\/p>\n<p>Ved kj\u00f8p av soveplass, har deltakeren en fast soveplass, der liggeunderlag med mer kan ligge fast. Dusjer er det mer enn nok av.\u00a0<\/p>\n<p>Det er egne garderober til gutter og jenter. Det er ogs\u00e5 et eget handicaptoalett.<\/p>\t\t\t\t\t\t\t\t<\/div>\n\t\t\t\t<\/div>\n\t\t\t\t<div class=\"elementor-element elementor-element-37887d1 elementor-widget elementor-widget-heading\" data-id=\"37887d1\" data-element_type=\"widget\" data-e-type=\"widget\" data-widget_type=\"heading.default\">\n\t\t\t\t<div class=\"elementor-widget-container\">\n\t\t\t\t\t<h3 class=\"elementor-heading-title elementor-size-default\">Aldersgrense og anbefalinger<\/h3>\t\t\t\t<\/div>\n\t\t\t\t<\/div>\n\t\t\t\t<div class=\"elementor-element elementor-element-9b77179 elementor-widget elementor-widget-text-editor\" data-id=\"9b77179\" data-element_type=\"widget\" data-e-type=\"widget\" data-widget_type=\"text-editor.default\">\n\t\t\t\t<div class=\"elementor-widget-container\">\n\t\t\t\t\t\t\t\t\t<p>Det er ikke aldersgrense p\u00e5 Polar Party. V\u00e5re ressurser er dog begrenset, s\u00e5 vi tar ikke p\u00e5 oss ansvar for \u00e5 passe p\u00e5 enkeltindivider. Personer under 12 \u00e5r som ikke har tidligere datatrefferfaring eller er sammen med en st\u00f8rre gruppe venner burde overnatte hjemme under arrangementet.\u00a0<\/p>\n<p>Vi holder d\u00f8gn\u00e5pent, og det er opp til hver enkelt deltaker \u00e5 legge seg n\u00e5r han\/hun \u00f8nsker det. Ved mangel p\u00e5 s\u00f8vn kan inntrykket av datatreff v\u00e6re ganske ekstremt for de yngste. Alle er derimot unike, s\u00e5 vi h\u00e5per at du som foresatt tar en beslutning om hvilken grad deres barn skal delta.<\/p>\t\t\t\t\t\t\t\t<\/div>\n\t\t\t\t<\/div>\n\t\t\t\t<div class=\"elementor-element elementor-element-92c0047 elementor-widget elementor-widget-heading\" data-id=\"92c0047\" data-element_type=\"widget\" data-e-type=\"widget\" data-widget_type=\"heading.default\">\n\t\t\t\t<div class=\"elementor-widget-container\">\n\t\t\t\t\t<h3 class=\"elementor-heading-title elementor-size-default\">Teknisk assistanse<\/h3>\t\t\t\t<\/div>\n\t\t\t\t<\/div>\n\t\t\t\t<div class=\"elementor-element elementor-element-32da547 elementor-widget elementor-widget-text-editor\" data-id=\"32da547\" data-element_type=\"widget\" data-e-type=\"widget\" data-widget_type=\"text-editor.default\">\n\t\t\t\t<div class=\"elementor-widget-container\">\n\t\t\t\t\t\t\t\t\t<p>Arrang\u00f8rene har ikke mulighet til \u00e5 yte teknisk assistanse til alle som har tekniske problemer p\u00e5 Polar Party, s\u00e5 vi oppfordrer at deltakerne selv l\u00e6rer seg nye ting og gjerne tar kontakt med andre for \u00e5 l\u00e6re nye ting.\u00a0<\/p>\n<p>Vi er derimot behjelpelig om det virkelig er vanskelig \u00e5 feils\u00f8ke, forutsatt at vi har ledig kapasitet.<\/p>\t\t\t\t\t\t\t\t<\/div>\n\t\t\t\t<\/div>\n\t\t\t\t<div class=\"elementor-element elementor-element-63f5338 elementor-widget elementor-widget-heading\" data-id=\"63f5338\" data-element_type=\"widget\" data-e-type=\"widget\" data-widget_type=\"heading.default\">\n\t\t\t\t<div class=\"elementor-widget-container\">\n\t\t\t\t\t<h3 class=\"elementor-heading-title elementor-size-default\">Mattilbud<\/h3>\t\t\t\t<\/div>\n\t\t\t\t<\/div>\n\t\t\t\t<div class=\"elementor-element elementor-element-6da2467 elementor-widget elementor-widget-text-editor\" data-id=\"6da2467\" data-element_type=\"widget\" data-e-type=\"widget\" data-widget_type=\"text-editor.default\">\n\t\t\t\t<div class=\"elementor-widget-container\">\n\t\t\t\t\t\t\t\t\t<p>Vi har et variert tilbud i kantinen, med alt fra hurtigmat til sunne rundstykker, salater og lignende. I tillegg selges det brus, kaffe, te, energidrikk, snacks, godteri og frukt. Det vil til enhver tid v\u00e6re gratis \u00e5 fylle flasker med vann.\u00a0<\/p><p>Fullstendig meny vil bli lagt ut n\u00e5r det n\u00e6rmer seg arrangementet. Prisene vil alltid v\u00e6re samme som eller billigere en i butikken!<\/p>\t\t\t\t\t\t\t\t<\/div>\n\t\t\t\t<\/div>\n\t\t\t\t<div class=\"elementor-element elementor-element-89b8730 elementor-widget elementor-widget-heading\" data-id=\"89b8730\" data-element_type=\"widget\" data-e-type=\"widget\" data-widget_type=\"heading.default\">\n\t\t\t\t<div class=\"elementor-widget-container\">\n\t\t\t\t\t<h3 class=\"elementor-heading-title elementor-size-default\">Hygienekontroll<\/h3>\t\t\t\t<\/div>\n\t\t\t\t<\/div>\n\t\t\t\t<div class=\"elementor-element elementor-element-2a50979 elementor-widget elementor-widget-text-editor\" data-id=\"2a50979\" data-element_type=\"widget\" data-e-type=\"widget\" data-widget_type=\"text-editor.default\">\n\t\t\t\t<div class=\"elementor-widget-container\">\n\t\t\t\t\t\t\t\t\t<p>Vi har sterk fokus p\u00e5 hygiene p\u00e5 alle omr\u00e5der, og vaktpersonalet har som oppgave \u00e5 tilse at hygienekravene blir oppfylt. Alle toaletter blir vasket minst tre ganger i d\u00f8gnet, dusjer minst en gang i d\u00f8gnet og kantina har sv\u00e6rt strenge hygienekrav til matproduksjon.<\/p>\n<p>\u00a0<\/p>\t\t\t\t\t\t\t\t<\/div>\n\t\t\t\t<\/div>\n\t\t\t\t<div class=\"elementor-element elementor-element-5e2eadf elementor-widget elementor-widget-heading\" data-id=\"5e2eadf\" data-element_type=\"widget\" data-e-type=\"widget\" data-widget_type=\"heading.default\">\n\t\t\t\t<div class=\"elementor-widget-container\">\n\t\t\t\t\t<h3 class=\"elementor-heading-title elementor-size-default\">Tilpasning for funksjonshemmede<\/h3>\t\t\t\t<\/div>\n\t\t\t\t<\/div>\n\t\t\t\t<div class=\"elementor-element elementor-element-57c6ce4 elementor-widget elementor-widget-text-editor\" data-id=\"57c6ce4\" data-element_type=\"widget\" data-e-type=\"widget\" data-widget_type=\"text-editor.default\">\n\t\t\t\t<div class=\"elementor-widget-container\">\n\t\t\t\t\t\t\t\t\t<p>Polar sine lokaler er tilpasset for rullestolbrukere. Vi har hatt deltakere som har v\u00e6rt brukere av rullestol, krykker og andre hjelpemidler.\u00a0<\/p>\n<p>Vi gj\u00f8r v\u00e5rt beste for at deltakere ikke skal bli forskjellsbehandlet p\u00e5 bakgrunn av slike utfordringer. Vi setter pris p\u00e5 \u00e5 f\u00e5 vite om slikt p\u00e5 forh\u00e5nd.<\/p>\t\t\t\t\t\t\t\t<\/div>\n\t\t\t\t<\/div>\n\t\t\t\t<div class=\"elementor-element elementor-element-ab83ff4 elementor-widget elementor-widget-heading\" data-id=\"ab83ff4\" data-element_type=\"widget\" data-e-type=\"widget\" data-widget_type=\"heading.default\">\n\t\t\t\t<div class=\"elementor-widget-container\">\n\t\t\t\t\t<h3 class=\"elementor-heading-title elementor-size-default\">Teknisk behov for de med egen datamaskin\/spillkonsoll<\/h3>\t\t\t\t<\/div>\n\t\t\t\t<\/div>\n\t\t\t\t<div class=\"elementor-element elementor-element-f947a40 elementor-widget elementor-widget-text-editor\" data-id=\"f947a40\" data-element_type=\"widget\" data-e-type=\"widget\" data-widget_type=\"text-editor.default\">\n\t\t\t\t<div class=\"elementor-widget-container\">\n\t\t\t\t\t\t\t\t\t<p>Ved deltakelse p\u00e5 et dataparty er det normalt \u00e5 ha med seg datamaskin\/spillkonsoll. Denne b\u00f8r p\u00e5 forh\u00e5nd v\u00e6re klargjort med alt n\u00f8dvendig teknisk utstyr, inkludert en ti meter lang nettverkskabel (dette kan ogs\u00e5 kj\u00f8pes p\u00e5 arrangementet ved behov).\u00a0<\/p><p>Hver deltaker f\u00e5r bare ett str\u00f8muttak og m\u00e5 selv bes\u00f8rge str\u00f8mpad\/forgrener dersom dette ikke er nok. Det er anbefalt \u00e5 aktivere antivirus f\u00f8r man ankommer arrangementet. Har dere ikke dette installert, ta kontakt med v\u00e5rt personale for assistanse. Polar stiller med bordplass og stol, men det er mulig \u00e5 ta med egen stol dersom det er \u00f8nskelig \u2013 denne m\u00e5 dog tas med ved avreise.<\/p><p>Det er fortsatt mest vanlig \u00e5 reise p\u00e5 dataparty med egen datamaskin\/spillkonsoll, men det er ogs\u00e5 mulig \u00e5 kj\u00f8pe festivalbillett for de som bare skal v\u00e6re innom litt. For bes\u00f8kende har vi blant annet arkade, kantine og sceneshow.<\/p>\t\t\t\t\t\t\t\t<\/div>\n\t\t\t\t<\/div>\n\t\t\t\t<div class=\"elementor-element elementor-element-c07fb12 elementor-widget elementor-widget-heading\" data-id=\"c07fb12\" data-element_type=\"widget\" data-e-type=\"widget\" data-widget_type=\"heading.default\">\n\t\t\t\t<div class=\"elementor-widget-container\">\n\t\t\t\t\t<h3 class=\"elementor-heading-title elementor-size-default\">Ankomst og avreise<\/h3>\t\t\t\t<\/div>\n\t\t\t\t<\/div>\n\t\t\t\t<div class=\"elementor-element elementor-element-9ce0b74 elementor-widget elementor-widget-text-editor\" data-id=\"9ce0b74\" data-element_type=\"widget\" data-e-type=\"widget\" data-widget_type=\"text-editor.default\">\n\t\t\t\t<div class=\"elementor-widget-container\">\n\t\t\t\t\t\t\t\t\t<p>Dagen vi starter er det mange som kommer. Det er ikke n\u00f8dvendig \u00e5 komme tidligere enn et kvarter f\u00f8r vi \u00e5pner, vi har dessverre ikke mulighet til \u00e5 gi spesialbehandling uavhengig av hvor mye utstyr som blir tatt med. Fredag anbefaler vi \u00e5 reise fra arrangementet f\u00f8r kl 12. Merk at ingen uten billett, inkludert foresatte, har adgang til hallen.<\/p>\t\t\t\t\t\t\t\t<\/div>\n\t\t\t\t<\/div>\n\t\t\t\t<div class=\"elementor-element elementor-element-19c1028 elementor-widget elementor-widget-heading\" data-id=\"19c1028\" data-element_type=\"widget\" data-e-type=\"widget\" data-widget_type=\"heading.default\">\n\t\t\t\t<div class=\"elementor-widget-container\">\n\t\t\t\t\t<h3 class=\"elementor-heading-title elementor-size-default\">Lommepenger<\/h3>\t\t\t\t<\/div>\n\t\t\t\t<\/div>\n\t\t\t\t<div class=\"elementor-element elementor-element-d49656a elementor-widget elementor-widget-text-editor\" data-id=\"d49656a\" data-element_type=\"widget\" data-e-type=\"widget\" data-widget_type=\"text-editor.default\">\n\t\t\t\t<div class=\"elementor-widget-container\">\n\t\t\t\t\t\t\t\t\t<p>P\u00e5 et dataparty vil alle ha behov for penger. Kantina selger god og variert mat og i tillegg kan det v\u00e6re \u00f8nskelig \u00e5 f\u00e5 i seg drikke, kj\u00f8pe snacks og lignende. Prisene i kantina er gode, og vi har fokus p\u00e5 \u00e5 v\u00e6re like billige eller billigere enn n\u00e6rmeste butikk.\u00a0<\/p><p>Polar Party har en cashless l\u00f8sning hvor du fyller p\u00e5 p\u00e5 penger, som registreres p\u00e5 armb\u00e5ndet. Vi jobber med muligheter for \u00e5 kunne fylle p\u00e5 penger via andre l\u00f8sninger enn \u00e5 fysisk v\u00e6re i hallen. Mer info om v\u00e5r cashless l\u00f8sning kommer!<\/p>\t\t\t\t\t\t\t\t<\/div>\n\t\t\t\t<\/div>\n\t\t\t\t<div class=\"elementor-element elementor-element-ad329ec elementor-widget elementor-widget-heading\" data-id=\"ad329ec\" data-element_type=\"widget\" data-e-type=\"widget\" data-widget_type=\"heading.default\">\n\t\t\t\t<div class=\"elementor-widget-container\">\n\t\t\t\t\t<h3 class=\"elementor-heading-title elementor-size-default\">Bes\u00f8k<\/h3>\t\t\t\t<\/div>\n\t\t\t\t<\/div>\n\t\t\t\t<div class=\"elementor-element elementor-element-4b198c6 elementor-widget elementor-widget-text-editor\" data-id=\"4b198c6\" data-element_type=\"widget\" data-e-type=\"widget\" data-widget_type=\"text-editor.default\">\n\t\t\t\t<div class=\"elementor-widget-container\">\n\t\t\t\t\t\t\t\t\t<p>Kun innehavere av gyldig billett har adgang til Polar Party. Dette inneb\u00e6rer at for eksempel foresatte som vil bes\u00f8ke sitt\/sine barn p\u00e5 arrangementet m\u00e5 kj\u00f8pe festivalpass. Dette er blant annet for deltakernes sikkerhet.\u00a0<\/p><p>Personer med festivalpass kan ikke ta med utstyr ut av hallen. Prisen for et festivalpass et 100 kroner og gjelder hele uken.\u00a0<\/p>\t\t\t\t\t\t\t\t<\/div>\n\t\t\t\t<\/div>\n\t\t\t\t<div class=\"elementor-element elementor-element-edda6c1 elementor-widget elementor-widget-heading\" data-id=\"edda6c1\" data-element_type=\"widget\" data-e-type=\"widget\" data-widget_type=\"heading.default\">\n\t\t\t\t<div class=\"elementor-widget-container\">\n\t\t\t\t\t<h3 class=\"elementor-heading-title elementor-size-default\">Samtalen<\/h3>\t\t\t\t<\/div>\n\t\t\t\t<\/div>\n\t\t\t\t<div class=\"elementor-element elementor-element-503c41e elementor-widget elementor-widget-text-editor\" data-id=\"503c41e\" data-element_type=\"widget\" data-e-type=\"widget\" data-widget_type=\"text-editor.default\">\n\t\t\t\t<div class=\"elementor-widget-container\">\n\t\t\t\t\t\t\t\t\t<p>F\u00f8r deltakelse p\u00e5 arrangementet anbefaler vi foresatte som har barn under 16 \u00e5r \u00e5 ta en samtale om forventninger og utfordringer. Snakk gjerne om telefonkontakt en gang om dagen, hvor mye mer man f\u00e5r ut av arrangementet ved \u00e5 sove hver dag.&nbsp;<\/p>\n<p>Fortell at man b\u00f8r drikke minst 2,5 liter med drikke hver dag hvor minst 1,5 liter b\u00f8r v\u00e6re vann. \u00c5 tro at ungdom som reiser p\u00e5 dataparty ikke spiser usunn mat er \u00e5 villede seg selv, men be dem ogs\u00e5 f\u00e5 i seg variert mat i l\u00f8pet av d\u00f8gnet.<\/p>\t\t\t\t\t\t\t\t<\/div>\n\t\t\t\t<\/div>\n\t\t\t\t\t<\/div>\n\t\t<\/div>\n\t\t\t\t\t<\/div>\n\t\t<\/section>\n\t\t\t\t<\/div>\n\t\t","protected":false},"excerpt":{"rendered":"<p>F\u00f8rst og fremst: Polar Party arrangeres av frivillige. Ingen f\u00e5r betalt. Vi har ingen eiere.<\/p>\n","protected":false},"author":2,"featured_media":0,"parent":0,"menu_order":0,"comment_status":"closed","ping_status":"closed","template":"","meta":{"_monsterinsights_skip_tracking":false,"_monsterinsights_sitenote_active":false,"_monsterinsights_sitenote_note":"","_monsterinsights_sitenote_category":0,"footnotes":""},"class_list":["post-21","page","type-page","status-publish","hentry"],"_links":{"self":[{"href":"https:\/\/polarparty.no\/pp30\/wp-json\/wp\/v2\/pages\/21","targetHints":{"allow":["GET"]}}],"collection":[{"href":"https:\/\/polarparty.no\/pp30\/wp-json\/wp\/v2\/pages"}],"about":[{"href":"https:\/\/polarparty.no\/pp30\/wp-json\/wp\/v2\/types\/page"}],"author":[{"embeddable":true,"href":"https:\/\/polarparty.no\/pp30\/wp-json\/wp\/v2\/users\/2"}],"replies":[{"embeddable":true,"href":"https:\/\/polarparty.no\/pp30\/wp-json\/wp\/v2\/comments?post=21"}],"version-history":[{"count":23,"href":"https:\/\/polarparty.no\/pp30\/wp-json\/wp\/v2\/pages\/21\/revisions"}],"predecessor-version":[{"id":564,"href":"https:\/\/polarparty.no\/pp30\/wp-json\/wp\/v2\/pages\/21\/revisions\/564"}],"wp:attachment":[{"href":"https:\/\/polarparty.no\/pp30\/wp-json\/wp\/v2\/media?parent=21"}],"curies":[{"name":"wp","href":"https:\/\/api.w.org\/{rel}","templated":true}]}}