{"id":114,"date":"2024-03-07T22:37:19","date_gmt":"2024-03-07T21:37:19","guid":{"rendered":"https:\/\/polarparty.no\/pp31\/wild-2\/"},"modified":"2024-04-04T23:43:20","modified_gmt":"2024-04-04T21:43:20","slug":"wild-2","status":"publish","type":"page","link":"https:\/\/polarparty.no\/pp31\/wild-2\/","title":{"rendered":"Wild"},"content":{"rendered":"\t\t<div data-elementor-type=\"wp-page\" data-elementor-id=\"114\" class=\"elementor elementor-114\" data-elementor-post-type=\"page\">\n\t\t\t\t\t\t<section class=\"elementor-section elementor-top-section elementor-element elementor-element-549622ee elementor-section-boxed elementor-section-height-default elementor-section-height-default\" data-id=\"549622ee\" data-element_type=\"section\" data-e-type=\"section\">\n\t\t\t\t\t\t<div class=\"elementor-container elementor-column-gap-default\">\n\t\t\t\t\t<div class=\"elementor-column elementor-col-100 elementor-top-column elementor-element elementor-element-4fa0722\" data-id=\"4fa0722\" data-element_type=\"column\" data-e-type=\"column\">\n\t\t\t<div class=\"elementor-widget-wrap elementor-element-populated\">\n\t\t\t\t\t\t<div class=\"elementor-element elementor-element-53135b07 elementor-widget elementor-widget-heading\" data-id=\"53135b07\" data-element_type=\"widget\" data-e-type=\"widget\" data-widget_type=\"heading.default\">\n\t\t\t\t<div class=\"elementor-widget-container\">\n\t\t\t\t\t<h2 class=\"elementor-heading-title elementor-size-default\">Wild<\/h2>\t\t\t\t<\/div>\n\t\t\t\t<\/div>\n\t\t\t\t\t<\/div>\n\t\t<\/div>\n\t\t\t\t\t<\/div>\n\t\t<\/section>\n\t\t\t\t<section class=\"elementor-section elementor-top-section elementor-element elementor-element-34265586 elementor-section-boxed elementor-section-height-default elementor-section-height-default\" data-id=\"34265586\" data-element_type=\"section\" data-e-type=\"section\">\n\t\t\t\t\t\t<div class=\"elementor-container elementor-column-gap-default\">\n\t\t\t\t\t<div class=\"elementor-column elementor-col-100 elementor-top-column elementor-element elementor-element-1b79c519\" data-id=\"1b79c519\" data-element_type=\"column\" data-e-type=\"column\">\n\t\t\t<div class=\"elementor-widget-wrap elementor-element-populated\">\n\t\t\t\t\t\t<div class=\"elementor-element elementor-element-4e8f7020 elementor-widget elementor-widget-text-editor\" data-id=\"4e8f7020\" data-element_type=\"widget\" data-e-type=\"widget\" data-widget_type=\"text-editor.default\">\n\t\t\t\t<div class=\"elementor-widget-container\">\n\t\t\t\t\t\t\t\t\t<ul><li>Ingen former for pornografisk innhold.<\/li><li>Ingen former for dyremishandling.<\/li><li>Ingen ikke-virtuell brutalitet og blodig innhold (animert blod er dermed tillat).<\/li><li>Ingen tekst som er ekstremt st\u00f8tende eller ekstremt rasistisk.<\/li><li>Polar Party forbeholder seg retten til \u00e5 tolke innholdet og sletter bidrag uten forvarsel. Bidrag slettes hvis de kan \u00e5penbart tolkes som en av restriksjonene over &#8211; Tolkningen blir gjort at flere personer og deltakere har ingen &#8211;\u00a0 klagerett mot slettingen.<\/li><li><em>Globale kreative regler gjelder, samt Discord TOS gjelder i denne og alle andre kreative konkurranser.<\/em><\/li><\/ul><div>Leveringsformat:<\/div><ul><li>.jpeg<\/li><li>.png<\/li><li>Samt andre vanlige former for bildeformat. .mp4 .avi .mkv .gif .webm og vanlige former for videoformat p\u00e5 under ett minutt i varighet. .wav .mp3 og vanlige former for lydformat p\u00e5 under 3 minutter i varighet.<\/li><\/ul><div>Bidraget m\u00e5 lastes opp p\u00e5 Polar Party sin Discord i relevant kanal, bilder lagt ut i andre kanaler blir ikke telt. (Se i discord kanalen for videre info om tema, tema-slipp og leveringsfrist for bidrag).<\/div><p><a style=\"text-decoration: none;\" href=\"https:\/\/polarparty.no\/pp31\/regler\/\"><span style=\"font-family: conthrax; font-size: 15pt;\">Klikk her for Globale regler<\/span><\/a><\/p>\t\t\t\t\t\t\t\t<\/div>\n\t\t\t\t<\/div>\n\t\t\t\t\t<\/div>\n\t\t<\/div>\n\t\t\t\t\t<\/div>\n\t\t<\/section>\n\t\t\t\t<section class=\"elementor-section elementor-top-section elementor-element elementor-element-49940f44 elementor-section-boxed elementor-section-height-default elementor-section-height-default\" data-id=\"49940f44\" data-element_type=\"section\" data-e-type=\"section\">\n\t\t\t\t\t\t<div class=\"elementor-container elementor-column-gap-default\">\n\t\t\t\t\t<div class=\"elementor-column elementor-col-100 elementor-top-column elementor-element elementor-element-51e07ee\" data-id=\"51e07ee\" data-element_type=\"column\" data-e-type=\"column\">\n\t\t\t<div class=\"elementor-widget-wrap elementor-element-populated\">\n\t\t\t\t\t\t<div class=\"elementor-element elementor-element-fc0418 elementor-align-center elementor-mobile-align-center elementor-widget__width-initial elementor-widget-mobile__width-initial elementor-widget elementor-widget-button\" data-id=\"fc0418\" data-element_type=\"widget\" data-e-type=\"widget\" data-widget_type=\"button.default\">\n\t\t\t\t<div class=\"elementor-widget-container\">\n\t\t\t\t\t\t\t\t\t<div class=\"elementor-button-wrapper\">\n\t\t\t\t\t<a class=\"elementor-button elementor-button-link elementor-size-md\" href=\"https:\/\/discord.gg\/u7TWYnapAX\">\n\t\t\t\t\t\t<span class=\"elementor-button-content-wrapper\">\n\t\t\t\t\t\t\t\t\t<span class=\"elementor-button-text\">Bli med i discord her!<\/span>\n\t\t\t\t\t<\/span>\n\t\t\t\t\t<\/a>\n\t\t\t\t<\/div>\n\t\t\t\t\t\t\t\t<\/div>\n\t\t\t\t<\/div>\n\t\t\t\t\t<\/div>\n\t\t<\/div>\n\t\t\t\t\t<\/div>\n\t\t<\/section>\n\t\t\t\t<\/div>\n\t\t","protected":false},"excerpt":{"rendered":"<p>Wild Ingen former for pornografisk innhold. Ingen former for dyremishandling. Ingen ikke-virtuell brutalitet og blodig innhold (animert blod er dermed tillat). Ingen tekst som er ekstremt st\u00f8tende eller ekstremt rasistisk. Polar Party forbeholder seg retten til \u00e5 tolke innholdet og sletter bidrag uten forvarsel. Bidrag slettes hvis de kan \u00e5penbart tolkes som en av restriksjonene &#8230; <a title=\"Wild\" class=\"read-more\" href=\"https:\/\/polarparty.no\/pp31\/wild-2\/\" aria-label=\"Read more about Wild\">Les mer<\/a><\/p>\n","protected":false},"author":12,"featured_media":0,"parent":0,"menu_order":0,"comment_status":"closed","ping_status":"closed","template":"","meta":{"_monsterinsights_skip_tracking":false,"_monsterinsights_sitenote_active":false,"_monsterinsights_sitenote_note":"","_monsterinsights_sitenote_category":0,"footnotes":""},"class_list":["post-114","page","type-page","status-publish"],"_links":{"self":[{"href":"https:\/\/polarparty.no\/pp31\/wp-json\/wp\/v2\/pages\/114","targetHints":{"allow":["GET"]}}],"collection":[{"href":"https:\/\/polarparty.no\/pp31\/wp-json\/wp\/v2\/pages"}],"about":[{"href":"https:\/\/polarparty.no\/pp31\/wp-json\/wp\/v2\/types\/page"}],"author":[{"embeddable":true,"href":"https:\/\/polarparty.no\/pp31\/wp-json\/wp\/v2\/users\/12"}],"replies":[{"embeddable":true,"href":"https:\/\/polarparty.no\/pp31\/wp-json\/wp\/v2\/comments?post=114"}],"version-history":[{"count":7,"href":"https:\/\/polarparty.no\/pp31\/wp-json\/wp\/v2\/pages\/114\/revisions"}],"predecessor-version":[{"id":268,"href":"https:\/\/polarparty.no\/pp31\/wp-json\/wp\/v2\/pages\/114\/revisions\/268"}],"wp:attachment":[{"href":"https:\/\/polarparty.no\/pp31\/wp-json\/wp\/v2\/media?parent=114"}],"curies":[{"name":"wp","href":"https:\/\/api.w.org\/{rel}","templated":true}]}}