{"id":126,"date":"2024-03-07T22:37:19","date_gmt":"2024-03-07T21:37:19","guid":{"rendered":"https:\/\/polarparty.no\/pp31\/fortnite-2\/"},"modified":"2024-04-04T23:40:49","modified_gmt":"2024-04-04T21:40:49","slug":"fortnite-2","status":"publish","type":"page","link":"https:\/\/polarparty.no\/pp31\/fortnite-2\/","title":{"rendered":"Fortnite"},"content":{"rendered":"\t\t<div data-elementor-type=\"wp-page\" data-elementor-id=\"126\" class=\"elementor elementor-126\" data-elementor-post-type=\"page\">\n\t\t\t\t\t\t<section class=\"elementor-section elementor-top-section elementor-element elementor-element-5027271a elementor-section-boxed elementor-section-height-default elementor-section-height-default\" data-id=\"5027271a\" data-element_type=\"section\" data-e-type=\"section\">\n\t\t\t\t\t\t<div class=\"elementor-container elementor-column-gap-default\">\n\t\t\t\t\t<div class=\"elementor-column elementor-col-100 elementor-top-column elementor-element elementor-element-1fb0a5b\" data-id=\"1fb0a5b\" data-element_type=\"column\" data-e-type=\"column\">\n\t\t\t<div class=\"elementor-widget-wrap elementor-element-populated\">\n\t\t\t\t\t\t<div class=\"elementor-element elementor-element-5e1c3f55 elementor-widget elementor-widget-heading\" data-id=\"5e1c3f55\" data-element_type=\"widget\" data-e-type=\"widget\" data-widget_type=\"heading.default\">\n\t\t\t\t<div class=\"elementor-widget-container\">\n\t\t\t\t\t<h2 class=\"elementor-heading-title elementor-size-default\">Fortnite<\/h2>\t\t\t\t<\/div>\n\t\t\t\t<\/div>\n\t\t\t\t<div class=\"elementor-element elementor-element-1a8cb906 elementor-align-center elementor-widget elementor-widget-button\" data-id=\"1a8cb906\" data-element_type=\"widget\" data-e-type=\"widget\" data-widget_type=\"button.default\">\n\t\t\t\t<div class=\"elementor-widget-container\">\n\t\t\t\t\t\t\t\t\t<div class=\"elementor-button-wrapper\">\n\t\t\t\t\t<a class=\"elementor-button elementor-button-link elementor-size-lg\" href=\"https:\/\/www.gamer.no\/turneringer\/polar-ft-fortnite-2023\/11890\">\n\t\t\t\t\t\t<span class=\"elementor-button-content-wrapper\">\n\t\t\t\t\t\t\t\t\t<span class=\"elementor-button-text\">Meld deg p\u00e5 her!<\/span>\n\t\t\t\t\t<\/span>\n\t\t\t\t\t<\/a>\n\t\t\t\t<\/div>\n\t\t\t\t\t\t\t\t<\/div>\n\t\t\t\t<\/div>\n\t\t\t\t\t<\/div>\n\t\t<\/div>\n\t\t\t\t\t<\/div>\n\t\t<\/section>\n\t\t\t\t<section class=\"elementor-section elementor-top-section elementor-element elementor-element-79524e1b elementor-section-boxed elementor-section-height-default elementor-section-height-default\" data-id=\"79524e1b\" data-element_type=\"section\" data-e-type=\"section\">\n\t\t\t\t\t\t<div class=\"elementor-container elementor-column-gap-default\">\n\t\t\t\t\t<div class=\"elementor-column elementor-col-100 elementor-top-column elementor-element elementor-element-78a35a4d\" data-id=\"78a35a4d\" data-element_type=\"column\" data-e-type=\"column\">\n\t\t\t<div class=\"elementor-widget-wrap elementor-element-populated\">\n\t\t\t\t\t\t<div class=\"elementor-element elementor-element-47b797df elementor-widget elementor-widget-text-editor\" data-id=\"47b797df\" data-element_type=\"widget\" data-e-type=\"widget\" data-widget_type=\"text-editor.default\">\n\t\t\t\t<div class=\"elementor-widget-container\">\n\t\t\t\t\t\t\t\t\t<p class=\"c15\"><span class=\"c11 c22\">Hvordan det skjer:<\/span><span class=\"c11\"><br \/><\/span><span class=\"c4\">Turneringen spilles ferdig samme kveld.<\/span><\/p><p class=\"c20\"><span class=\"c4 c18\">Game mode blir annonsert p\u00e5 n\u00e5r turnering annonseres<\/span><\/p><ul class=\"c6 lst-kix_633pcf15dix-0 start\"><li class=\"c7 li-bullet-0\">Spillerne m\u00e5 v\u00e6re til stede 10 minutter f\u00f8r kampstart slik at alle kommer inn p\u00e5 serveren og skriver inn koden som gir tilgang til turneringens runde.<span class=\"c12 c11\"><br \/><\/span><\/li><li class=\"c7 li-bullet-0\"><span class=\"c9\">Ved likt resultat, avgj\u00f8res det hvem som vinner med flest antall Victory Royale. Ved likt antall wins, blir det laget med flest antall kills, siste tiebreak er laget med lavest tall sammenlagt i placements.<br \/><\/span><\/li><li class=\"c7 li-bullet-0\"><span class=\"c12 c11\">Alle deltaker skal lese reglene under f\u00f8r de deltar i turneringen, i tilfelle det foreligger nye regler eller endringer.<\/span><\/li><\/ul><p class=\"c10\"><span class=\"c11\">PS:<\/span>\u00a0N\u00e5r man tar screenshot og sender det inn, pass p\u00e5 at laget sin plassering + begge spillernes kill score er\u00a0<span class=\"c11\">TYDELIG<\/span><span class=\"c9\">, slik at det blir lagt inn rett resultat. Videre pass p\u00e5 at screenshotet blir lagt inn under rett kamp. Ser vi ikke plassering eller kills gir vi ikke poeng.<\/span><\/p><p class=\"c15\"><span class=\"c12 c11\"><br \/>Poengfordelingen:<\/span><\/p><p class=\"c15\"><span class=\"c9\">1. plass: 15 poeng<\/span><\/p><p class=\"c15\"><span class=\"c9\">2. plass: 12 poeng<\/span><\/p><p class=\"c15\"><span class=\"c9\">3. plass: 10 poeng<\/span><\/p><p class=\"c15\"><span class=\"c9\">4.-5. plass: 7 poeng<\/span><\/p><p class=\"c15\"><span class=\"c9\">6.-10. plass: 5 poeng<\/span><\/p><p class=\"c15\"><span class=\"c9\">11.-15. plass: 3 poeng<\/span><\/p><p class=\"c15\"><span class=\"c9\">16.-20. plass: 1 poeng<\/span><\/p><p class=\"c15\"><span class=\"c12 c11\">+1 poeng per eliminering<\/span><\/p><p class=\"c10\"><span class=\"c11\">\u00a70.1 Verkt\u00f8y dere m\u00e5 ha forberedt og m\u00e5 kunne bruke for \u00e5 oppgi resultat:<\/span><br \/>Bruk shadowplay, plays.tv etc for \u00e5 ta opp de siste 30 sekundene av en kamp. Dette gjelder om du ikke streamer og skal anklage det andre laget for, cheat, d\u00e5rlig sports\u00e5nd o.l. Bruk Puush, Lightshot, Gyazo eller andre screenshot verkt\u00f8y n\u00e5r du skal ta screenshot av score. Spiller du p\u00e5 Playstation, Xbox eller Nintendo s\u00e5 kan du ogs\u00e5 ta bilde med mobilen. Ved uklarheter knyttet mot flere hevde de har samme plassering, kreves det bildedokumentasjon. \u00a0N\u00f8dl\u00f8sning kan v\u00e6re \u00e5 se p\u00e5 replay og dokumentere at det er rett game og hvilken plassering den viser, om det ikke foreligger andre bevis.<span class=\"c4\"><br \/><\/span><\/p><p class=\"c10\"><span class=\"c11\">\u00a70.2 Anklagelser, rapport om motstanders brudd p\u00e5 regler:<\/span><br \/>Alle anklagene mot motstanders brudd p\u00e5 regel under kamper skal recordes med shadowplay, plays.tv eller andre recording software, lastes opp p\u00e5 youtube som\u00a0<span class=\"c2\">UNLISTED<\/span><\/p><p class=\"c10\"><span class=\"c9\">og sendes inn.<\/span><\/p><p class=\"c10\"><span class=\"c12 c11\"><br \/>\u00a70.3 Deltakelse med hensikt \u00e5 \u00f8delegge for andre:<\/span><\/p><p class=\"c10\">G\u00e5r du inn med hensikt \u00e5 ikke spille for \u00e5 konkurrere, men \u00e5 dele rundt\/leake koden, eller blir med etter \u00e5 ha f\u00e5tt koden fra noen som har meldt seg p\u00e5 vil det bli konsekvenser utenfor turneringen som\u00a0<span class=\"c11\">ban<\/span>\u00a0fra facebookgruppen, discorden, og vi vil ta det opp med politiet som forstyrrelser og obstruksjon av privat arrangement.<span class=\"c12 c11\"><br \/><\/span><\/p><p class=\"c15\"><span class=\"c2\">**Ved deltagelse p\u00e5 v\u00e5re arrangementer godtar man at Fortnite Norge og v\u00e5re partnere kan gi utestengelse, eller gj\u00f8re andre avgj\u00f8relser som er gjeldende for deltakeren. Dette m\u00e5 deltakerne respektere og etterf\u00f8lge, admins og arrang\u00f8r har siste ordet**<\/span><\/p><p class=\"c15\"><span class=\"c2\">Reglene fortsetter p\u00e5 neste side<\/span><\/p><p class=\"c10\"><span class=\"c12 c11\">\u00a71 Oppdatert og etterf\u00f8lger<\/span><\/p><ol class=\"c6 lst-kix_h0hdtrf2keys-0 start\" start=\"1\"><li class=\"c7 li-bullet-0\"><span class=\"c9\">Deltakere for v\u00e5re arrangementer, plikter \u00e5 v\u00e6re oppdatert p\u00e5 reglene og etterf\u00f8lge de etter beste evne. Uvitenhet om endringer vil ikke bli tatt hensyn til ved brudd. Arrang\u00f8r sammen med partnere vil v\u00e6re den som gir sanksjoner med mer, s\u00e5 lenge annet ikke fremkommer i regelen.<\/span><\/li><li class=\"c7 li-bullet-0\"><span class=\"c9\">Regler\/endringer som oppst\u00e5r har ikke tilbakevirkende kraft, men er like gjeldende som andre regler etter den er vedtatt av arrang\u00f8r.<\/span><\/li><li class=\"c7 li-bullet-0\"><span class=\"c9\">Ved brudd p\u00e5 regel som har blitt endret\/opprettet under en turnering skal det ut\u00f8ves mild skj\u00f8nn. unntak fra mild skj\u00f8nn anvendelse er ved grove brudd eller brudd p\u00e5 fundamentale regler.<\/span><\/li><\/ol><p class=\"c10 c13\"><span class=\"c12 c11\">\u00a71.1 Oppm\u00f8te<\/span><\/p><ol class=\"c6 lst-kix_djqgyntq699h-0 start\" start=\"1\"><li class=\"c7 li-bullet-0\">Alle f\u00e5r tildelt koder samtidig, kampen starter etter 5 minutter time elapsed fra\u00a0<span class=\"c4\">host<\/span><span class=\"c9\">, er du ikke inne p\u00e5 serveren innen da mister du muligheten til \u00e5 motta poeng.<\/span><\/li><\/ol><p class=\"c10\"><span class=\"c12 c11\">\u00a71.2 Godkjente resultater:<\/span><\/p><ol class=\"c6 lst-kix_n2hkjdyf9gza-0 start\" start=\"1\"><li class=\"c7 li-bullet-0\"><span class=\"c9\">Det er kun skjermbilder som har blitt opplastet p\u00e5 anvist sted (her Gamer.no) som vil bli registrert for \u00e5 f\u00e5 poeng. \u00a0<\/span><\/li><li class=\"c7 li-bullet-0\"><span class=\"c9\">Om en laster opp bildene p\u00e5 Discord eller andre plasser, vil en ikke f\u00e5 godkjent poeng for gjennomf\u00f8rt game, med mindre enn opplaster korrekte bilder p\u00e5 Gamer.no siden.<br \/>Etter siste game er ferdig har spillerne 15 minutter til \u00e5 laste opp resultatet til kamp siden og gj\u00f8re endringer f\u00f8r det blir stengt.<\/span><\/li><\/ol><p class=\"c10\"><span class=\"c12 c11\">\u00a71.3 Forstyrrende atferd ved rapportering av resultater<\/span><\/p><ol class=\"c6 lst-kix_q6vm4qg3dcwe-0 start\" start=\"1\"><li class=\"c7 li-bullet-0\"><span class=\"c9\">Spillere som forstyrrer turneringen, i form av \u00e5 poste useri\u00f8se screenshot, eller un\u00f8dvendig mange screenshots vil risikere \u00e5 miste poeng, eller nektet \u00e5 fullf\u00f8re turneringen ved grov misbruk av innmeldings funksjonen.<\/span><\/li><\/ol><p class=\"c10\"><span class=\"c12 c11\">\u00a71.4 Diskvalifisering ved bruk av utenlandsk spiller<\/span><\/p><ol class=\"c6 lst-kix_uok2t9zbjnc9-0 start\" start=\"1\"><li class=\"c7 li-bullet-0\"><span class=\"c9\">Blir det oppdaget p\u00e5 noe som helst tidspunkt at en av spillerne i turneringen p\u00e5 laget ikke er:<\/span><\/li><\/ol><p class=\"c10 c13\"><span class=\"c9\">a. Fra Norge<\/span><\/p><p class=\"c10 c13\"><span class=\"c9\">b. Har Norsk statsborgerskap<\/span><\/p><p class=\"c10 c13\"><span class=\"c9\">c. Bor\/oppholder seg i Norge<\/span><\/p><p class=\"c10 c13\"><span class=\"c11\">\u00a0<\/span><span class=\"c9\">Om et av disse punktene ikke er oppfylt vil laget bli \u00a0diskvalifisert umiddelbart og den norske spilleren vil f\u00e5 sanksjoner fra arrang\u00f8r. \u00a0<\/span><\/p><p class=\"c10\"><span class=\"c12 c11\">\u00a71.5 Korrekt navn<\/span><\/p><p class=\"c10 c13\"><span class=\"c9\">Spillere plikter \u00e5 ha oppdatert sine Gamer profiler, Discord profiler og Fortnite profiler, slik at de stemmer overens. Om det er uriktig informasjon og spilleren selv ikke fikser det, f\u00f8r arrang\u00f8r eller andre p\u00e5peker feilen kan arrang\u00f8r diskvalifisere spilleren\/laget eller nekte de \u00e5 fortsette \u00e5 spille turneringen. Ved mindre feil (som feil\/utdatert team tag) , kan det bli akseptert av arrang\u00f8r til turneringen er fullf\u00f8rt .<\/span><\/p><p class=\"c10\"><span class=\"c12 c11\">\u00a71.6 Deltakere i laget<\/span><\/p><p class=\"c10 c13\">Det er ikke anledning at flere enn 2 registrert p\u00e5 samme lag er i samme turnering. Dette vil inkludere listen av innbyttere, det vil dermed kun v\u00e6re lov \u00e5 benytte innbyttere som ikke deltok i turneringen fra f\u00f8r under andre lag. Oppdager vi brudd p\u00e5 denne regelen forbeholder vi retten til \u00e5 diskvalifisere enkeltspillere eller\/og lag. Et lag har ikke lov til \u00e5 registrere seg flere ganger, man har lov til \u00e5 bruke s\u00f8sken lag som feks Fortnite Norge 1 og Fortnite Norge 2 s\u00e5 lenge ingen av spillerne overlapper<span class=\"c12 c11\"><br \/><\/span><\/p><p class=\"c10\"><span class=\"c12 c11\">\u00a72 Disconnect il\u00f8pet av\/f\u00f8r\/etter en kamp<\/span><\/p><ol class=\"c6 lst-kix_6ws18a2pdbaa-0 start\" start=\"1\"><li class=\"c7 li-bullet-0\"><span class=\"c9\">Disconnecter du fra kampen m\u00e5 du dessverre vente ut kampen for s\u00e5 i bli med p\u00e5 neste. \u00a0<\/span><\/li><li class=\"c7 li-bullet-0\">Skulle dere disconnecte under runden og ikke kan dokumentere hvilken plassering dere fikk har dere\u00a0<span class=\"c11\">IKKE\u00a0<\/span><span class=\"c9\">mulighet \u00e5 f\u00e5 poeng for plassering.<\/span><\/li><li class=\"c7 li-bullet-0\"><span class=\"c9\">Skulle dere disconnecte og glemme \u00e5 ta screenshots av elimineringer blir det ikke gitt poeng for antall kills, med mindre det foreligger gode nok bevis (dette vil bli vurdert av arrang\u00f8r)<\/span><\/li><\/ol><p class=\"c10\"><span class=\"c12 c11\">\u00a73 Hacking eller annen form for ulovlig sabotasje ved hjelp av software eller internet access.<\/span><\/p><ol class=\"c6 lst-kix_mvxeb28m7ebb-0 start\" start=\"1\"><li class=\"c7 li-bullet-0\">Blir du tatt i \u00e5 hacke blir du\u00a0<span class=\"c4\">og<\/span><span class=\"c9\">\u00a0din partner diskvalifisert med en gang. Din partner m\u00e5 st\u00e5 over neste turnering og du selv blir utestengt i et \u00e5r fra alle kommende turneringer. Dette kommer ann p\u00e5 hvor kraftige cheats som ble brukt og vi forbeholder oss retten til \u00e5 utestenge cheaters i en lengre periode.<\/span><\/li><\/ol><ol class=\"c6 lst-kix_mvxeb28m7ebb-0\" start=\"2\"><li class=\"c7 li-bullet-0\"><span class=\"c9\">Ved cheat eller hacking vil laget som helhet diskvalifisert fra p\u00e5g\u00e5ende turnering. Det vil i ettertid bli oppf\u00f8rt sak mot laget, hvor arrang\u00f8r med partnerne vil utforske n\u00e6rmere anklagelsene. Arrang\u00f8r og partnere skal styre saken og komme med en konkluderende tiltak som gjelder laget. Det er ingen grenser for hvilke tiltak som kan gj\u00f8res innenfor de gjeldende partenes virksomheter. \u00a0Om beslutningen fattes \u00e5 v\u00e6re utenfor partenes virkeomr\u00e5de, er det adgang for \u00e5 hente inn andre myndigheter til \u00e5 etterforske forholdene. ( eksempelvis politi eller datatilsynet)<br \/><\/span><\/li><\/ol><p class=\"c10\"><span class=\"c12 c11\">\u00a74.1 DDOS<\/span><\/p><ol class=\"c6 lst-kix_m710dp1mmzv9-0 start\" start=\"1\"><li class=\"c7 li-bullet-0\">DDOS, fors\u00f8k p\u00e5 DDOS eller annen form for \u00e5 \u00f8delegge for en annen spiller via internet access eller internettleverand\u00f8r resulteres i direkte diskvalifisering for laget. Det vil og opprettes sak slik som nevnt i \u00a73-1. Ved \u00e5 involvere tredjepart, vil ikke arrang\u00f8r eller partene styre saken, utover deres egne virksomheter som st\u00e5r fritt til \u00e5 sanksjonere mistenkte.<\/li><\/ol><p class=\"c10\"><span class=\"c11\">\u00a75 Sports\u00e5nd<\/span><\/p><ol class=\"c6 lst-kix_3o2raei07033-0 start\" start=\"1\"><li class=\"c7 li-bullet-0\"><span class=\"c9\">Vi forventer at spillere har en sportslig oppf\u00f8rsel b\u00e5de p\u00e5 og av slagmarken. Ha en fin tone med hverandre f\u00f8r, under og etter kampen s\u00e5 vi fortsatt har et godt milj\u00f8.<\/span><\/li><li class=\"c7 li-bullet-0\"><span class=\"c9\">Banter og andre interne vitser skal ikke komme til uttrykk under turneringen eller i offentlighet ( andre sosiale forum som kan klassifiseres som offentlighet).<\/span><\/li><\/ol><p class=\"c15\"><span class=\"c23 c4 c24\">Om det fremkommer annen oppf\u00f8rsel enn nevnt i \u00a75, vil det bli anledning for arrang\u00f8r \u00e5 gi sanksjoner passende for upassende oppf\u00f8rsel. Det vil v\u00e6re krav om at oppf\u00f8rsel i normativt syn, er krenkende eller upassende overfor de som deltar, eller andre for \u00e5 diskvalifisere et lag.<\/span><\/p><p class=\"c10\"><span class=\"c11\">\u00a76 Rasisme, homofobi, funksjonshemmede, skjellsord og annen form for uthenging<\/span><\/p><ol class=\"c6 lst-kix_h8iz0v3cjr6i-0 start\" start=\"1\"><li class=\"c7 li-bullet-0\"><span class=\"c9\">Under ingen omstendigheter skal homofobiske, rasistiske, nedlatende skjellsord eller uthenginger ta sted. Dette vil resultere fra advarsel til utestengelse alt etter hvor dr\u00f8y\/ekstrem hendelsen er. arrang\u00f8r med partnere vil ta dette case by case og det er rom for tolkning.<\/span><\/li><\/ol><ol class=\"c6 lst-kix_h8iz0v3cjr6i-0\" start=\"2\"><li class=\"c7 li-bullet-0\"><span class=\"c9\">Dette gjelder ogs\u00e5 p\u00e5 stream, videoer, eller andre sammenhenger hvor du som spiller i v\u00e5re turneringer, ligaer eller community games, ikke oppf\u00f8rer deg og f\u00f8lger retningslinjene, uavhengig om det er mot en motstander eller andre individer.<\/span><\/li><\/ol><ol class=\"c6 lst-kix_h8iz0v3cjr6i-0\" start=\"3\"><li class=\"c7 li-bullet-0\"><span class=\"c9\">Ved grove nok overtredelser, vil saken bli sendt videre til norske myndigheter for videre behandling. Alt av dokumentasjon fra hendelsen vil f\u00f8lge med saken.<\/span><\/li><\/ol><p class=\"c10\"><span class=\"c12 c11\">\u00a77 Samarbeid<\/span><\/p><ol class=\"c6 lst-kix_h1i3p2gyaeg7-0 start\" start=\"1\"><li class=\"c7 li-bullet-0\"><span class=\"c9\">Kampfiksing er strengt forbudt (melde seg p\u00e5 og tape med vilje til andre i organisasjonen) og andre former for urettferdig fors\u00f8k p\u00e5 \u00e5 gj\u00f8re det enklere for spillere fra samme organisasjon til \u00e5 komme seg lengre i turneringen.<\/span><\/li><\/ol><p class=\"c10 c13\"><span class=\"c9\">\u00a0Det gjelder og n\u00e5r man hjelper andre spillere uavhengig av relasjon. Om det blir en situasjon etter siste ledd i \u00a77-1, vil arrang\u00f8rene se p\u00e5 situasjonen i sin helhet, og ta en avgj\u00f8relse.<\/span><\/p><ol class=\"c6 lst-kix_h1i3p2gyaeg7-0\" start=\"2\"><li class=\"c7 li-bullet-0\"><span class=\"c9\">Det er ikke anledning \u00e5 planlegge, eller inng\u00e5 avtaler med andre spillere, som vil p\u00e5virke den naturlige flyten i gamen, eller gi informasjon som man ellers ikke skulle hatt. Dette vil inkludere plasser man dropper, at dette ikke er anledning til \u00e5 planlegge for \u00e5 unng\u00e5 \u00e5 m\u00f8te hverandre.<\/span><\/li><\/ol><ol class=\"c6 lst-kix_h1i3p2gyaeg7-0\" start=\"3\"><li class=\"c7 li-bullet-0\">Det er ikke anledning til \u00e5 dele koden som blir publisert av arrang\u00f8r. Den er forbeholdt registrerte spillere. Ved brudd p\u00e5 denne regelen, slik at\u00a0<span class=\"c11\">IKKE<\/span><span class=\"c9\">\u00a0registrerte spillere kommer inn, vil medf\u00f8re permanent utestengelse fra eventer som arrangeres av Fortnite Norge, samt v\u00e5re plattformer.<\/span><\/li><\/ol><p class=\"c15\"><span class=\"c4\">Oppdateringslogg og Legal p\u00e5 neste side<\/span><\/p><p class=\"c10\"><span class=\"c16 c5\">\u201cTHIS EVENT IS IN NO WAY SPONSORED, ENDORSED, OR ADMINISTERED BY, OR OTHERWISE ASSOCIATED WITH, EPIC GAMES, INC. THE INFORMATION PLAYERS PROVIDE IN CONNECTION WITH THIS EVENT IS BEING PROVIDED TO EVENT ORGANIZER AND NOT TO EPIC GAMES, INC.\u201d<\/span><\/p><p class=\"c10\"><span class=\"c16 c5\">\u201cBY PARTICIPATING IN THIS EVENT, TO THE EXTENT PERMITTED BY APPLICABLE LAW, PLAYERS AGREE TO RELEASE AND HOLD HARMLESS EPIC GAMES, INC., ITS LICENSORS, ITS AND THEIR AFFILIATES, AND ITS AND THEIR EMPLOYEES, OFFICERS, DIRECTORS, AGENTS, CONTRACTORS, AND OTHER REPRESENTATIVES FROM ALL CLAIMS, DEMANDS, ACTIONS, LOSSES, LIABILITIES, AND EXPENSES RELATED TO THE EVENT.&raquo;<\/span><\/p><p class=\"c10\"><span class=\"c4\">PS: Vi forbeholder oss retten til \u00e5 endre reglene om vi m\u00e5, metaen endres, spillet oppdateres eller vi ser det er n\u00f8dvendig!<\/span><\/p><p>\u00a0<\/p><p><a style=\"text-decoration: none;\" href=\"https:\/\/polarparty.no\/pp31\/regler\/\"><span style=\"font-family: conthrax; font-size: 15pt;\">Klikk her for Globale regler<\/span><\/a><\/p>\t\t\t\t\t\t\t\t<\/div>\n\t\t\t\t<\/div>\n\t\t\t\t\t<\/div>\n\t\t<\/div>\n\t\t\t\t\t<\/div>\n\t\t<\/section>\n\t\t\t\t<section class=\"elementor-section elementor-top-section elementor-element elementor-element-5888688c elementor-section-boxed elementor-section-height-default elementor-section-height-default\" data-id=\"5888688c\" data-element_type=\"section\" data-e-type=\"section\">\n\t\t\t\t\t\t<div class=\"elementor-container elementor-column-gap-default\">\n\t\t\t\t\t<div class=\"elementor-column elementor-col-100 elementor-top-column elementor-element elementor-element-13cd5fea\" data-id=\"13cd5fea\" data-element_type=\"column\" data-e-type=\"column\">\n\t\t\t<div class=\"elementor-widget-wrap elementor-element-populated\">\n\t\t\t\t\t\t<div class=\"elementor-element elementor-element-2e6b7c52 elementor-align-center elementor-mobile-align-center elementor-widget__width-initial elementor-widget-mobile__width-initial elementor-widget elementor-widget-button\" data-id=\"2e6b7c52\" data-element_type=\"widget\" data-e-type=\"widget\" data-widget_type=\"button.default\">\n\t\t\t\t<div class=\"elementor-widget-container\">\n\t\t\t\t\t\t\t\t\t<div class=\"elementor-button-wrapper\">\n\t\t\t\t\t<a class=\"elementor-button elementor-button-link elementor-size-md\" href=\"https:\/\/discord.gg\/KtApkPt4Cm\">\n\t\t\t\t\t\t<span class=\"elementor-button-content-wrapper\">\n\t\t\t\t\t\t\t\t\t<span class=\"elementor-button-text\">Bli med i discord her!<\/span>\n\t\t\t\t\t<\/span>\n\t\t\t\t\t<\/a>\n\t\t\t\t<\/div>\n\t\t\t\t\t\t\t\t<\/div>\n\t\t\t\t<\/div>\n\t\t\t\t\t<\/div>\n\t\t<\/div>\n\t\t\t\t\t<\/div>\n\t\t<\/section>\n\t\t\t\t<\/div>\n\t\t","protected":false},"excerpt":{"rendered":"<p>Fortnite Meld deg p\u00e5 her! Hvordan det skjer:Turneringen spilles ferdig samme kveld. Game mode blir annonsert p\u00e5 n\u00e5r turnering annonseres Spillerne m\u00e5 v\u00e6re til stede 10 minutter f\u00f8r kampstart slik at alle kommer inn p\u00e5 serveren og skriver inn koden som gir tilgang til turneringens runde. Ved likt resultat, avgj\u00f8res det hvem som vinner med &#8230; <a title=\"Fortnite\" class=\"read-more\" href=\"https:\/\/polarparty.no\/pp31\/fortnite-2\/\" aria-label=\"Read more about Fortnite\">Les mer<\/a><\/p>\n","protected":false},"author":12,"featured_media":0,"parent":0,"menu_order":0,"comment_status":"closed","ping_status":"closed","template":"","meta":{"_monsterinsights_skip_tracking":false,"_monsterinsights_sitenote_active":false,"_monsterinsights_sitenote_note":"","_monsterinsights_sitenote_category":0,"footnotes":""},"class_list":["post-126","page","type-page","status-publish"],"_links":{"self":[{"href":"https:\/\/polarparty.no\/pp31\/wp-json\/wp\/v2\/pages\/126","targetHints":{"allow":["GET"]}}],"collection":[{"href":"https:\/\/polarparty.no\/pp31\/wp-json\/wp\/v2\/pages"}],"about":[{"href":"https:\/\/polarparty.no\/pp31\/wp-json\/wp\/v2\/types\/page"}],"author":[{"embeddable":true,"href":"https:\/\/polarparty.no\/pp31\/wp-json\/wp\/v2\/users\/12"}],"replies":[{"embeddable":true,"href":"https:\/\/polarparty.no\/pp31\/wp-json\/wp\/v2\/comments?post=126"}],"version-history":[{"count":7,"href":"https:\/\/polarparty.no\/pp31\/wp-json\/wp\/v2\/pages\/126\/revisions"}],"predecessor-version":[{"id":261,"href":"https:\/\/polarparty.no\/pp31\/wp-json\/wp\/v2\/pages\/126\/revisions\/261"}],"wp:attachment":[{"href":"https:\/\/polarparty.no\/pp31\/wp-json\/wp\/v2\/media?parent=126"}],"curies":[{"name":"wp","href":"https:\/\/api.w.org\/{rel}","templated":true}]}}