{"id":141,"date":"2024-03-07T22:37:20","date_gmt":"2024-03-07T21:37:20","guid":{"rendered":"https:\/\/polarparty.no\/pp31\/kantinemeny-2\/"},"modified":"2024-03-07T22:37:51","modified_gmt":"2024-03-07T21:37:51","slug":"kantinemeny-2","status":"publish","type":"page","link":"https:\/\/polarparty.no\/pp31\/kantinemeny-2\/","title":{"rendered":"KantineMeny"},"content":{"rendered":"\t\t<div data-elementor-type=\"wp-page\" data-elementor-id=\"141\" class=\"elementor elementor-141\" data-elementor-post-type=\"page\">\n\t\t\t\t\t\t<section class=\"elementor-section elementor-top-section elementor-element elementor-element-1067052a elementor-section-boxed elementor-section-height-default elementor-section-height-default\" data-id=\"1067052a\" data-element_type=\"section\" data-e-type=\"section\">\n\t\t\t\t\t\t<div class=\"elementor-container elementor-column-gap-default\">\n\t\t\t\t\t<div class=\"elementor-column elementor-col-100 elementor-top-column elementor-element elementor-element-31410d19\" data-id=\"31410d19\" data-element_type=\"column\" data-e-type=\"column\">\n\t\t\t<div class=\"elementor-widget-wrap elementor-element-populated\">\n\t\t\t\t\t\t<div class=\"elementor-element elementor-element-4eda822e elementor-widget elementor-widget-heading\" data-id=\"4eda822e\" data-element_type=\"widget\" data-e-type=\"widget\" data-widget_type=\"heading.default\">\n\t\t\t\t<div class=\"elementor-widget-container\">\n\t\t\t\t\t<h2 class=\"elementor-heading-title elementor-size-default\">Kantinemeny<\/h2>\t\t\t\t<\/div>\n\t\t\t\t<\/div>\n\t\t\t\t\t<\/div>\n\t\t<\/div>\n\t\t\t\t\t<\/div>\n\t\t<\/section>\n\t\t\t\t<section class=\"elementor-section elementor-top-section elementor-element elementor-element-ce73c54 elementor-section-boxed elementor-section-height-default elementor-section-height-default\" data-id=\"ce73c54\" data-element_type=\"section\" data-e-type=\"section\">\n\t\t\t\t\t\t<div class=\"elementor-container elementor-column-gap-default\">\n\t\t\t\t\t<div class=\"elementor-column elementor-col-100 elementor-top-column elementor-element elementor-element-181e3de4\" data-id=\"181e3de4\" data-element_type=\"column\" data-e-type=\"column\">\n\t\t\t<div class=\"elementor-widget-wrap elementor-element-populated\">\n\t\t\t\t\t\t<div class=\"elementor-element elementor-element-2d766a3d elementor-arrows-position-inside elementor-pagination-position-outside elementor-widget elementor-widget-image-carousel\" data-id=\"2d766a3d\" data-element_type=\"widget\" data-e-type=\"widget\" data-settings=\"{&quot;navigation&quot;:&quot;both&quot;,&quot;autoplay&quot;:&quot;yes&quot;,&quot;pause_on_hover&quot;:&quot;yes&quot;,&quot;pause_on_interaction&quot;:&quot;yes&quot;,&quot;autoplay_speed&quot;:5000,&quot;infinite&quot;:&quot;yes&quot;,&quot;speed&quot;:500}\" data-widget_type=\"image-carousel.default\">\n\t\t\t\t<div class=\"elementor-widget-container\">\n\t\t\t\t\t\t\t<div class=\"elementor-image-carousel-wrapper swiper\" role=\"region\" aria-roledescription=\"carousel\" aria-label=\"Bildekarusell\" dir=\"ltr\">\n\t\t\t<div class=\"elementor-image-carousel swiper-wrapper\" aria-live=\"off\">\n\t\t\t\t\t\t\t\t<div class=\"swiper-slide\" role=\"group\" aria-roledescription=\"slide\" aria-label=\"1 av 2\"><figure class=\"swiper-slide-inner\"><img decoding=\"async\" class=\"swiper-slide-image\" src=\"https:\/\/polarparty.no\/pp31\/wp-content\/uploads\/sites\/6\/2024\/03\/snickers-chokladbit-1-150x150.png\" alt=\"snickers-chokladbit-1.png\" \/><\/figure><\/div><div class=\"swiper-slide\" role=\"group\" aria-roledescription=\"slide\" aria-label=\"2 av 2\"><figure class=\"swiper-slide-inner\"><img decoding=\"async\" class=\"swiper-slide-image\" src=\"https:\/\/polarparty.no\/pp31\/wp-content\/uploads\/sites\/6\/2024\/03\/Monster-150x150.png\" alt=\"Monster.png\" \/><\/figure><\/div>\t\t\t<\/div>\n\t\t\t\t\t\t\t\t\t\t\t\t<div class=\"elementor-swiper-button elementor-swiper-button-prev\" role=\"button\" tabindex=\"0\">\n\t\t\t\t\t\t<i aria-hidden=\"true\" class=\"eicon-chevron-left\"><\/i>\t\t\t\t\t<\/div>\n\t\t\t\t\t<div class=\"elementor-swiper-button elementor-swiper-button-next\" role=\"button\" tabindex=\"0\">\n\t\t\t\t\t\t<i aria-hidden=\"true\" class=\"eicon-chevron-right\"><\/i>\t\t\t\t\t<\/div>\n\t\t\t\t\n\t\t\t\t\t\t\t\t\t<div class=\"swiper-pagination\"><\/div>\n\t\t\t\t\t\t\t\t\t<\/div>\n\t\t\t\t\t\t<\/div>\n\t\t\t\t<\/div>\n\t\t\t\t\t<\/div>\n\t\t<\/div>\n\t\t\t\t\t<\/div>\n\t\t<\/section>\n\t\t\t\t<section class=\"elementor-section elementor-top-section elementor-element elementor-element-5f732a09 elementor-section-boxed elementor-section-height-default elementor-section-height-default\" data-id=\"5f732a09\" data-element_type=\"section\" data-e-type=\"section\">\n\t\t\t\t\t\t<div class=\"elementor-container elementor-column-gap-default\">\n\t\t\t\t\t<div class=\"elementor-column elementor-col-33 elementor-top-column elementor-element elementor-element-48a576fb\" data-id=\"48a576fb\" data-element_type=\"column\" data-e-type=\"column\">\n\t\t\t<div class=\"elementor-widget-wrap elementor-element-populated\">\n\t\t\t\t\t\t<div class=\"elementor-element elementor-element-6cd34693 elementor-widget elementor-widget-text-editor\" data-id=\"6cd34693\" data-element_type=\"widget\" data-e-type=\"widget\" data-widget_type=\"text-editor.default\">\n\t\t\t\t<div class=\"elementor-widget-container\">\n\t\t\t\t\t\t\t\t\t<p><strong>Mat<\/strong><\/p><ul><li>Polar Burger (glutenfri +5kr) 95kr<\/li><li>Level up Burger (glutenfri +5kr) 135kr<\/li><li>Nudler Kylling 20kr<\/li><li>Nudler Biff 20kr<\/li><li>Toast Skinke 25kr<\/li><li>Toast Kalkun 25kr<\/li><li>Baguett Skinke og Ost (Glutenfri +5kr) 40kr<\/li><li>Baguett Kylling (glutenfri +5kr) 45kr<\/li><li>Sandwich Ost og Skinke 30kr<\/li><li>Sandwich Egg og Bacon 30kr<\/li><li>God morgen Yoghurt Vanilje 15kr<\/li><li>God morgen Yoghurt Skogsb\u00e6r 15kr<\/li><li>Salat 25kr<\/li><li>Buito 25kr<\/li><\/ul>\t\t\t\t\t\t\t\t<\/div>\n\t\t\t\t<\/div>\n\t\t\t\t\t<\/div>\n\t\t<\/div>\n\t\t\t\t<div class=\"elementor-column elementor-col-33 elementor-top-column elementor-element elementor-element-15b2addc\" data-id=\"15b2addc\" data-element_type=\"column\" data-e-type=\"column\">\n\t\t\t<div class=\"elementor-widget-wrap elementor-element-populated\">\n\t\t\t\t\t\t<div class=\"elementor-element elementor-element-5043db49 elementor-widget elementor-widget-text-editor\" data-id=\"5043db49\" data-element_type=\"widget\" data-e-type=\"widget\" data-widget_type=\"text-editor.default\">\n\t\t\t\t<div class=\"elementor-widget-container\">\n\t\t\t\t\t\t\t\t\t<p><strong>Sjokolade<\/strong><\/p><ul><li>Plopp 20kr<\/li><li>Kex 20kr<\/li><li>Chrispo 20kr<\/li><li>Snickers 20kr<\/li><li>Salted Caramell Brownie 20kr<\/li><li>Twist Salted Caramell 20kr<\/li><li>Bounty Mini 15kr<\/li><\/ul>\t\t\t\t\t\t\t\t<\/div>\n\t\t\t\t<\/div>\n\t\t\t\t\t<\/div>\n\t\t<\/div>\n\t\t\t\t<div class=\"elementor-column elementor-col-33 elementor-top-column elementor-element elementor-element-7c47c75\" data-id=\"7c47c75\" data-element_type=\"column\" data-e-type=\"column\">\n\t\t\t<div class=\"elementor-widget-wrap elementor-element-populated\">\n\t\t\t\t\t\t<div class=\"elementor-element elementor-element-704fc57a elementor-widget elementor-widget-text-editor\" data-id=\"704fc57a\" data-element_type=\"widget\" data-e-type=\"widget\" data-widget_type=\"text-editor.default\">\n\t\t\t\t<div class=\"elementor-widget-container\">\n\t\t\t\t\t\t\t\t\t<p><strong>Godteri <\/strong><\/p><ul><li>Biler 20kr<\/li><li>Biler sure 20kr<\/li><li>Chocolat Brownies 2 pak 20kr<\/li><li>Tic Tac Fruit Mix 15kr<\/li><li>Crocodiller 40kr<\/li><li>Harribo Matadormix 12kr<\/li><li>Harribo Stjernemix 12kr<\/li><li>Kj\u00e6rlighet p\u00e5 pinne 5kr<\/li><\/ul>\t\t\t\t\t\t\t\t<\/div>\n\t\t\t\t<\/div>\n\t\t\t\t\t<\/div>\n\t\t<\/div>\n\t\t\t\t\t<\/div>\n\t\t<\/section>\n\t\t\t\t<section class=\"elementor-section elementor-top-section elementor-element elementor-element-4c63285f elementor-section-boxed elementor-section-height-default elementor-section-height-default\" data-id=\"4c63285f\" data-element_type=\"section\" data-e-type=\"section\">\n\t\t\t\t\t\t<div class=\"elementor-container elementor-column-gap-default\">\n\t\t\t\t\t<div class=\"elementor-column elementor-col-33 elementor-top-column elementor-element elementor-element-4a7ad86d\" data-id=\"4a7ad86d\" data-element_type=\"column\" data-e-type=\"column\">\n\t\t\t<div class=\"elementor-widget-wrap elementor-element-populated\">\n\t\t\t\t\t\t<div class=\"elementor-element elementor-element-245c6d09 elementor-widget elementor-widget-text-editor\" data-id=\"245c6d09\" data-element_type=\"widget\" data-e-type=\"widget\" data-widget_type=\"text-editor.default\">\n\t\t\t\t<div class=\"elementor-widget-container\">\n\t\t\t\t\t\t\t\t\t<p><strong>Snax<\/strong><\/p><ul><li>Pringles Orginal 30kr<\/li><li>Pringles Paprika 30kr<\/li><li>Pringles Sour Cream 30kr<\/li><li>Popkorn 20kr<\/li><li>Fruktkopper 30kr<\/li><\/ul>\t\t\t\t\t\t\t\t<\/div>\n\t\t\t\t<\/div>\n\t\t\t\t\t<\/div>\n\t\t<\/div>\n\t\t\t\t<div class=\"elementor-column elementor-col-33 elementor-top-column elementor-element elementor-element-259ee774\" data-id=\"259ee774\" data-element_type=\"column\" data-e-type=\"column\">\n\t\t\t<div class=\"elementor-widget-wrap elementor-element-populated\">\n\t\t\t\t\t\t<div class=\"elementor-element elementor-element-2171c6f9 elementor-widget elementor-widget-text-editor\" data-id=\"2171c6f9\" data-element_type=\"widget\" data-e-type=\"widget\" data-widget_type=\"text-editor.default\">\n\t\t\t\t<div class=\"elementor-widget-container\">\n\t\t\t\t\t\t\t\t\t<p><strong>Energi drikke<\/strong><\/p><ul><li>Redbull 26kr<\/li><li>Monster Ultra White 26kr<\/li><li>Monster Mango Loco 26kr<\/li><li>Monster Monark 26kr<\/li><\/ul>\t\t\t\t\t\t\t\t<\/div>\n\t\t\t\t<\/div>\n\t\t\t\t\t<\/div>\n\t\t<\/div>\n\t\t\t\t<div class=\"elementor-column elementor-col-33 elementor-top-column elementor-element elementor-element-6c8164c0\" data-id=\"6c8164c0\" data-element_type=\"column\" data-e-type=\"column\">\n\t\t\t<div class=\"elementor-widget-wrap elementor-element-populated\">\n\t\t\t\t\t\t<div class=\"elementor-element elementor-element-31cda56f elementor-widget elementor-widget-text-editor\" data-id=\"31cda56f\" data-element_type=\"widget\" data-e-type=\"widget\" data-widget_type=\"text-editor.default\">\n\t\t\t\t<div class=\"elementor-widget-container\">\n\t\t\t\t\t\t\t\t\t<p><strong>Brus<\/strong><\/p><ul><li>Cola 15kr<\/li><li>Cola Zero 15kr<\/li><li>Pepsi Max 15kr<\/li><li>Dr Pepper 15kr<\/li><li>Zingo 15kr<\/li><li>Sprite 15kr<\/li><li>Fanta 15kr<\/li><li>Mountain Dew 15kr<\/li><li>Raml\u00f8sa Orginal 15kr<\/li><li>Raml\u00f8sa Sitrus 15kr<\/li><\/ul>\t\t\t\t\t\t\t\t<\/div>\n\t\t\t\t<\/div>\n\t\t\t\t\t<\/div>\n\t\t<\/div>\n\t\t\t\t\t<\/div>\n\t\t<\/section>\n\t\t\t\t<section class=\"elementor-section elementor-top-section elementor-element elementor-element-54e69d59 elementor-section-boxed elementor-section-height-default elementor-section-height-default\" data-id=\"54e69d59\" data-element_type=\"section\" data-e-type=\"section\">\n\t\t\t\t\t\t<div class=\"elementor-container elementor-column-gap-default\">\n\t\t\t\t\t<div class=\"elementor-column elementor-col-100 elementor-top-column elementor-element elementor-element-5eb1bf12\" data-id=\"5eb1bf12\" data-element_type=\"column\" data-e-type=\"column\">\n\t\t\t<div class=\"elementor-widget-wrap elementor-element-populated\">\n\t\t\t\t\t\t<div class=\"elementor-element elementor-element-f512a49 elementor-widget elementor-widget-heading\" data-id=\"f512a49\" data-element_type=\"widget\" data-e-type=\"widget\" data-widget_type=\"heading.default\">\n\t\t\t\t<div class=\"elementor-widget-container\">\n\t\t\t\t\t<h2 class=\"elementor-heading-title elementor-size-default\">Polar-P\u00e6ng<\/h2>\t\t\t\t<\/div>\n\t\t\t\t<\/div>\n\t\t\t\t\t<\/div>\n\t\t<\/div>\n\t\t\t\t\t<\/div>\n\t\t<\/section>\n\t\t\t\t<section class=\"elementor-section elementor-top-section elementor-element elementor-element-6175a8ee elementor-section-boxed elementor-section-height-default elementor-section-height-default\" data-id=\"6175a8ee\" data-element_type=\"section\" data-e-type=\"section\">\n\t\t\t\t\t\t<div class=\"elementor-container elementor-column-gap-default\">\n\t\t\t\t\t<div class=\"elementor-column elementor-col-100 elementor-top-column elementor-element elementor-element-64a114a2\" data-id=\"64a114a2\" data-element_type=\"column\" data-e-type=\"column\">\n\t\t\t<div class=\"elementor-widget-wrap elementor-element-populated\">\n\t\t\t\t\t\t<div class=\"elementor-element elementor-element-19144795 elementor-widget elementor-widget-text-editor\" data-id=\"19144795\" data-element_type=\"widget\" data-e-type=\"widget\" data-widget_type=\"text-editor.default\">\n\t\t\t\t<div class=\"elementor-widget-container\">\n\t\t\t\t\t\t\t\t\t<div class=\"elementor-element elementor-element-e3cb080 elementor-widget elementor-widget-text-editor\" data-id=\"e3cb080\" data-element_type=\"widget\" data-widget_type=\"text-editor.default\">\n<div class=\"elementor-widget-container\">\n<p>I \u00e5r som f\u00f8r slipper du \u00e5 ta ut kontanter for \u00e5 kj\u00f8pe ting i kantina. Du bruker bare brikka p\u00e5 armb\u00e5ndet ditt! V\u00e5r cashlessl\u00f8sning er integrert i v\u00e5rt egenutviklede kantinesystem og koster deg ingenting \u00e5 fylle p\u00e5 penger eller f\u00e5 penger tilbake.<\/p>\n<p>Har du penger til overs p\u00e5 brikka? Fyll&nbsp;<a href=\"https:\/\/polint.no\/polarp%C3%A6ng\/\">ut skjema for refundering<\/a>. For utfyllinger til og med 25. oktober er det ingen gebyr ved refundering.<\/p>\n<\/div>\n<\/div>\n<div class=\"elementor-element elementor-element-f0172ec elementor-widget elementor-widget-heading\" data-id=\"f0172ec\" data-element_type=\"widget\" data-widget_type=\"heading.default\">\n<div class=\"elementor-widget-container\">\n<h4 class=\"elementor-heading-title elementor-size-default\">Hvordan fungerer systemet?<\/h4>\n<\/div>\n<\/div>\n<div class=\"elementor-element elementor-element-e02263e elementor-widget elementor-widget-text-editor\" data-id=\"e02263e\" data-element_type=\"widget\" data-widget_type=\"text-editor.default\">\n<div class=\"elementor-widget-container\">\n<p>Cashlessystemet er integrert i v\u00e5rt kantinesystem. Du fyller p\u00e5 penger i sikkerhetsdesken i inngangen, med kontant eller bankkort. Det er ingen gebyrer ved p\u00e5fylling av penger, men det er et minimumsbel\u00f8p p\u00e5 50,- for \u00e5 forhindre un\u00f8dig mange transaksjoner.<\/p>\n<p>I bruk er det veldig enkelt. Vi har en infostasjon du kan skanne din brikke p\u00e5, som viser deg hvor mye du har igjen og de siste kj\u00f8pene dine. For \u00e5 handle kj\u00f8per du mat i kiosken som vanlig, men skanner brikken din istedenfor \u00e5 betale med kontant. Ved \u00e5 gj\u00f8re det slik g\u00e5r det raskere og du f\u00e5r ogs\u00e5 maten din raskere&nbsp;<img decoding=\"async\" class=\"emoji\" src=\"https:\/\/s.w.org\/images\/core\/emoji\/11\/svg\/1f642.svg\" alt=\"\ud83d\ude42\"><\/p>\n<\/div>\n<\/div>\n<div class=\"elementor-element elementor-element-2adb7e7 elementor-widget elementor-widget-heading\" data-id=\"2adb7e7\" data-element_type=\"widget\" data-widget_type=\"heading.default\">\n<div class=\"elementor-widget-container\">\n<h4 class=\"elementor-heading-title elementor-size-default\">Noen sm\u00e5 detaljer:<\/h4>\n<\/div>\n<\/div>\n<div class=\"elementor-element elementor-element-1d10d9a elementor-widget elementor-widget-text-editor\" data-id=\"1d10d9a\" data-element_type=\"widget\" data-widget_type=\"text-editor.default\">\n<div class=\"elementor-widget-container\">\n<p>Det er gratis \u00e5 fylle p\u00e5 penger p\u00e5 brikka di med kontanter og vanlige bankkort (debet\/BankAxept). Dersom du bruker kredittkort, m\u00e5 vi betale 3% gebyr, og da tar vi et lite gebyr fra deg ogs\u00e5. Dersom du ikke fyller ut refunderingsskjema p\u00e5 arrangementet, tar vi et gebyr p\u00e5 35 kroner for \u00e5 overf\u00f8re pengene etterp\u00e5. Vi kan kun utbetale til bankkonto. Dersom du ikke kontakter oss innen \u00e5ret er ferdig f\u00e5r vi merarbeid med regnskap, og trekker 10 kroner per p\u00e5begynte m\u00e5ned fra saldoen.<\/p>\n<\/div>\n<\/div>\n<div class=\"elementor-element elementor-element-ba24731 elementor-widget elementor-widget-heading\" data-id=\"ba24731\" data-element_type=\"widget\" data-widget_type=\"heading.default\">\n<div class=\"elementor-widget-container\">\n<h4 class=\"elementor-heading-title elementor-size-default\">Tilbakebetaling:<\/h4>\n<\/div>\n<\/div>\n<div class=\"elementor-element elementor-element-3d84593 elementor-widget elementor-widget-text-editor\" data-id=\"3d84593\" data-element_type=\"widget\" data-widget_type=\"text-editor.default\">\n<div class=\"elementor-widget-container\">\n<p>Vi \u00f8nsker \u00e5 gj\u00f8re cashlessystemet s\u00e5 enkelt som mulig. For \u00e5 f\u00e5 penger tilbake i slutten av arrangementet om du skulle ha noe igjen fyller du ut et skjema i sikkerhetsdesken i inngangen. Det koster ingenting \u00e5 tilbakef\u00f8re penger s\u00e5 lenge du fyller ut skjema f\u00f8r du reiser. Vi tilbakebetaler til bankkonto 1-2 uker etter arrangementet. Dersom du reiser f\u00f8r du har fylt ut skjema tar du kontakt med oss p\u00e5&nbsp;postkasse@polint.no&nbsp;s\u00e5 ordner vi dette!<\/p>\n<\/div>\n<\/div>\t\t\t\t\t\t\t\t<\/div>\n\t\t\t\t<\/div>\n\t\t\t\t\t<\/div>\n\t\t<\/div>\n\t\t\t\t\t<\/div>\n\t\t<\/section>\n\t\t\t\t<\/div>\n\t\t","protected":false},"excerpt":{"rendered":"<p>Kantinemeny Forrige bilde Neste bilde Mat Polar Burger (glutenfri +5kr) 95kr Level up Burger (glutenfri +5kr) 135kr Nudler Kylling 20kr Nudler Biff 20kr Toast Skinke 25kr Toast Kalkun 25kr Baguett Skinke og Ost (Glutenfri +5kr) 40kr Baguett Kylling (glutenfri +5kr) 45kr Sandwich Ost og Skinke 30kr Sandwich Egg og Bacon 30kr God morgen Yoghurt Vanilje &#8230; <a title=\"KantineMeny\" class=\"read-more\" href=\"https:\/\/polarparty.no\/pp31\/kantinemeny-2\/\" aria-label=\"Read more about KantineMeny\">Les mer<\/a><\/p>\n","protected":false},"author":12,"featured_media":0,"parent":0,"menu_order":0,"comment_status":"closed","ping_status":"closed","template":"","meta":{"_monsterinsights_skip_tracking":false,"_monsterinsights_sitenote_active":false,"_monsterinsights_sitenote_note":"","_monsterinsights_sitenote_category":0,"footnotes":""},"class_list":["post-141","page","type-page","status-publish"],"_links":{"self":[{"href":"https:\/\/polarparty.no\/pp31\/wp-json\/wp\/v2\/pages\/141","targetHints":{"allow":["GET"]}}],"collection":[{"href":"https:\/\/polarparty.no\/pp31\/wp-json\/wp\/v2\/pages"}],"about":[{"href":"https:\/\/polarparty.no\/pp31\/wp-json\/wp\/v2\/types\/page"}],"author":[{"embeddable":true,"href":"https:\/\/polarparty.no\/pp31\/wp-json\/wp\/v2\/users\/12"}],"replies":[{"embeddable":true,"href":"https:\/\/polarparty.no\/pp31\/wp-json\/wp\/v2\/comments?post=141"}],"version-history":[{"count":4,"href":"https:\/\/polarparty.no\/pp31\/wp-json\/wp\/v2\/pages\/141\/revisions"}],"predecessor-version":[{"id":230,"href":"https:\/\/polarparty.no\/pp31\/wp-json\/wp\/v2\/pages\/141\/revisions\/230"}],"wp:attachment":[{"href":"https:\/\/polarparty.no\/pp31\/wp-json\/wp\/v2\/media?parent=141"}],"curies":[{"name":"wp","href":"https:\/\/api.w.org\/{rel}","templated":true}]}}