{"id":30,"date":"2023-10-09T12:01:40","date_gmt":"2023-10-09T10:01:40","guid":{"rendered":"https:\/\/polarparty.no\/pp31\/kantinemeny\/"},"modified":"2024-03-01T00:46:30","modified_gmt":"2024-02-29T23:46:30","slug":"kantinemeny","status":"publish","type":"page","link":"https:\/\/polarparty.no\/pp31\/kantinemeny\/","title":{"rendered":"KantineMeny"},"content":{"rendered":"<p>\/*! elementor &#8211; v3.13.3 &#8211; 28-05-2023 *\/<br \/>\n.elementor-heading-title{padding:0;margin:0;line-height:1}.elementor-widget-heading .elementor-heading-title[class*=elementor-size-]&gt;a{color:inherit;font-size:inherit;line-height:inherit}.elementor-widget-heading .elementor-heading-title.elementor-size-small{font-size:15px}.elementor-widget-heading .elementor-heading-title.elementor-size-medium{font-size:19px}.elementor-widget-heading .elementor-heading-title.elementor-size-large{font-size:29px}.elementor-widget-heading .elementor-heading-title.elementor-size-xl{font-size:39px}.elementor-widget-heading .elementor-heading-title.elementor-size-xxl{font-size:59px}<\/p>\n<h2>Kantinemeny<\/h2>\n<p>\t\t\t\/*! elementor &#8211; v3.13.3 &#8211; 28-05-2023 *\/<br \/>\n.elementor-widget-image-carousel .swiper,.elementor-widget-image-carousel .swiper-container{position:static}.elementor-widget-image-carousel .swiper-container .swiper-slide figure,.elementor-widget-image-carousel .swiper .swiper-slide figure{line-height:inherit}.elementor-widget-image-carousel .swiper-slide{text-align:center}.elementor-image-carousel-wrapper:not(.swiper-container-initialized):not(.swiper-initialized) .swiper-slide{max-width:calc(100% \/ var(&#8211;e-image-carousel-slides-to-show, 3))}\t\t<\/p>\n<figure><img decoding=\"async\" src=\"http:\/\/polarparty.no\/wp-content\/uploads\/2023\/10\/snickers-chokladbit-1-150x150.png\" alt=\"snickers-chokladbit-1\" \/><\/figure>\n<figure><img decoding=\"async\" src=\"http:\/\/polarparty.no\/wp-content\/uploads\/2023\/10\/Monster-150x150.png\" alt=\"Monster\" \/><\/figure>\n<p>\t\t\t\t\t\t\t\t\t\t\t\tForrige bilde<br \/>\n\t\t\t\t\t\t\t\t\t\t\t\tNeste bilde<\/p>\n<p><strong>Mat<\/strong><\/p>\n<ul>\n<li>Polar Burger (glutenfri +5kr) 95kr<\/li>\n<li>Level up Burger (glutenfri +5kr) 135kr<\/li>\n<li>Nudler Kylling 20kr<\/li>\n<li>Nudler Biff 20kr<\/li>\n<li>Toast Skinke 25kr<\/li>\n<li>Toast Kalkun 25kr<\/li>\n<li>Baguett Skinke og Ost (Glutenfri +5kr) 40kr<\/li>\n<li>Baguett Kylling (glutenfri +5kr) 45kr<\/li>\n<li>Sandwich Ost og Skinke 30kr<\/li>\n<li>Sandwich Egg og Bacon 30kr<\/li>\n<li>God morgen Yoghurt Vanilje 15kr<\/li>\n<li>God morgen Yoghurt Skogsb\u00e6r 15kr<\/li>\n<li>Salat 25kr<\/li>\n<li>Buito 25kr<\/li>\n<\/ul>\n<p><strong>Sjokolade<\/strong><\/p>\n<ul>\n<li>Plopp 20kr<\/li>\n<li>Kex 20kr<\/li>\n<li>Chrispo 20kr<\/li>\n<li>Snickers 20kr<\/li>\n<li>Salted Caramell Brownie 20kr<\/li>\n<li>Twist Salted Caramell 20kr<\/li>\n<li>Bounty Mini 15kr<\/li>\n<\/ul>\n<p><strong>Godteri <\/strong><\/p>\n<ul>\n<li>Biler 20kr<\/li>\n<li>Biler sure 20kr<\/li>\n<li>Chocolat Brownies 2 pak 20kr<\/li>\n<li>Tic Tac Fruit Mix 15kr<\/li>\n<li>Crocodiller 40kr<\/li>\n<li>Harribo Matadormix 12kr<\/li>\n<li>Harribo Stjernemix 12kr<\/li>\n<li>Kj\u00e6rlighet p\u00e5 pinne 5kr<\/li>\n<\/ul>\n<p><strong>Snax<\/strong><\/p>\n<ul>\n<li>Pringles Orginal 30kr<\/li>\n<li>Pringles Paprika 30kr<\/li>\n<li>Pringles Sour Cream 30kr<\/li>\n<li>Popkorn 20kr<\/li>\n<li>Fruktkopper 30kr<\/li>\n<\/ul>\n<p><strong>Energi drikke<\/strong><\/p>\n<ul>\n<li>Redbull 26kr<\/li>\n<li>Monster Ultra White 26kr<\/li>\n<li>Monster Mango Loco 26kr<\/li>\n<li>Monster Monark 26kr<\/li>\n<\/ul>\n<p><strong>Brus<\/strong><\/p>\n<ul>\n<li>Cola 15kr<\/li>\n<li>Cola Zero 15kr<\/li>\n<li>Pepsi Max 15kr<\/li>\n<li>Dr Pepper 15kr<\/li>\n<li>Zingo 15kr<\/li>\n<li>Sprite 15kr<\/li>\n<li>Fanta 15kr<\/li>\n<li>Mountain Dew 15kr<\/li>\n<li>Raml\u00f8sa Orginal 15kr<\/li>\n<li>Raml\u00f8sa Sitrus 15kr<\/li>\n<\/ul>\n<h2>Polar-P\u00e6ng<\/h2>\n<p>I \u00e5r som f\u00f8r slipper du \u00e5 ta ut kontanter for \u00e5 kj\u00f8pe ting i kantina. Du bruker bare brikka p\u00e5 armb\u00e5ndet ditt! V\u00e5r cashlessl\u00f8sning er integrert i v\u00e5rt egenutviklede kantinesystem og koster deg ingenting \u00e5 fylle p\u00e5 penger eller f\u00e5 penger tilbake.<\/p>\n<p>Har du penger til overs p\u00e5 brikka? Fyll&nbsp;<a href=\"https:\/\/polint.no\/polarp%C3%A6ng\/\">ut skjema for refundering<\/a>. For utfyllinger til og med 25. oktober er det ingen gebyr ved refundering.<\/p>\n<h4>Hvordan fungerer systemet?<\/h4>\n<p>Cashlessystemet er integrert i v\u00e5rt kantinesystem. Du fyller p\u00e5 penger i sikkerhetsdesken i inngangen, med kontant eller bankkort. Det er ingen gebyrer ved p\u00e5fylling av penger, men det er et minimumsbel\u00f8p p\u00e5 50,- for \u00e5 forhindre un\u00f8dig mange transaksjoner.<\/p>\n<p>I bruk er det veldig enkelt. Vi har en infostasjon du kan skanne din brikke p\u00e5, som viser deg hvor mye du har igjen og de siste kj\u00f8pene dine. For \u00e5 handle kj\u00f8per du mat i kiosken som vanlig, men skanner brikken din istedenfor \u00e5 betale med kontant. Ved \u00e5 gj\u00f8re det slik g\u00e5r det raskere og du f\u00e5r ogs\u00e5 maten din raskere&nbsp;<img decoding=\"async\" src=\"https:\/\/s.w.org\/images\/core\/emoji\/11\/svg\/1f642.svg\" alt=\"\ud83d\ude42\"><\/p>\n<h4>Noen sm\u00e5 detaljer:<\/h4>\n<p>Det er gratis \u00e5 fylle p\u00e5 penger p\u00e5 brikka di med kontanter og vanlige bankkort (debet\/BankAxept). Dersom du bruker kredittkort, m\u00e5 vi betale 3% gebyr, og da tar vi et lite gebyr fra deg ogs\u00e5. Dersom du ikke fyller ut refunderingsskjema p\u00e5 arrangementet, tar vi et gebyr p\u00e5 35 kroner for \u00e5 overf\u00f8re pengene etterp\u00e5. Vi kan kun utbetale til bankkonto. Dersom du ikke kontakter oss innen \u00e5ret er ferdig f\u00e5r vi merarbeid med regnskap, og trekker 10 kroner per p\u00e5begynte m\u00e5ned fra saldoen.<\/p>\n<h4>Tilbakebetaling:<\/h4>\n<p>Vi \u00f8nsker \u00e5 gj\u00f8re cashlessystemet s\u00e5 enkelt som mulig. For \u00e5 f\u00e5 penger tilbake i slutten av arrangementet om du skulle ha noe igjen fyller du ut et skjema i sikkerhetsdesken i inngangen. Det koster ingenting \u00e5 tilbakef\u00f8re penger s\u00e5 lenge du fyller ut skjema f\u00f8r du reiser. Vi tilbakebetaler til bankkonto 1-2 uker etter arrangementet. Dersom du reiser f\u00f8r du har fylt ut skjema tar du kontakt med oss p\u00e5&nbsp;postkasse@polint.no&nbsp;s\u00e5 ordner vi dette!<\/p>\n","protected":false},"excerpt":{"rendered":"<p>\/*! elementor &#8211; v3.13.3 &#8211; 28-05-2023 *\/ .elementor-heading-title{padding:0;margin:0;line-height:1}.elementor-widget-heading .elementor-heading-title[class*=elementor-size-]&gt;a{color:inherit;font-size:inherit;line-height:inherit}.elementor-widget-heading .elementor-heading-title.elementor-size-small{font-size:15px}.elementor-widget-heading .elementor-heading-title.elementor-size-medium{font-size:19px}.elementor-widget-heading .elementor-heading-title.elementor-size-large{font-size:29px}.elementor-widget-heading .elementor-heading-title.elementor-size-xl{font-size:39px}.elementor-widget-heading .elementor-heading-title.elementor-size-xxl{font-size:59px} Kantinemeny \/*! elementor &#8211; v3.13.3 &#8211; 28-05-2023 *\/ .elementor-widget-image-carousel .swiper,.elementor-widget-image-carousel .swiper-container{position:static}.elementor-widget-image-carousel .swiper-container .swiper-slide figure,.elementor-widget-image-carousel .swiper .swiper-slide figure{line-height:inherit}.elementor-widget-image-carousel .swiper-slide{text-align:center}.elementor-image-carousel-wrapper:not(.swiper-container-initialized):not(.swiper-initialized) .swiper-slide{max-width:calc(100% \/ var(&#8211;e-image-carousel-slides-to-show, 3))} Forrige bilde Neste bilde Mat Polar Burger (glutenfri +5kr) 95kr Level up Burger (glutenfri +5kr) 135kr Nudler Kylling 20kr &#8230; <a title=\"KantineMeny\" class=\"read-more\" href=\"https:\/\/polarparty.no\/pp31\/kantinemeny\/\" aria-label=\"Read more about KantineMeny\">Les mer<\/a><\/p>\n","protected":false},"author":12,"featured_media":0,"parent":0,"menu_order":0,"comment_status":"closed","ping_status":"closed","template":"","meta":{"_monsterinsights_skip_tracking":false,"_monsterinsights_sitenote_active":false,"_monsterinsights_sitenote_note":"","_monsterinsights_sitenote_category":0,"footnotes":""},"class_list":["post-30","page","type-page","status-publish"],"_links":{"self":[{"href":"https:\/\/polarparty.no\/pp31\/wp-json\/wp\/v2\/pages\/30","targetHints":{"allow":["GET"]}}],"collection":[{"href":"https:\/\/polarparty.no\/pp31\/wp-json\/wp\/v2\/pages"}],"about":[{"href":"https:\/\/polarparty.no\/pp31\/wp-json\/wp\/v2\/types\/page"}],"author":[{"embeddable":true,"href":"https:\/\/polarparty.no\/pp31\/wp-json\/wp\/v2\/users\/12"}],"replies":[{"embeddable":true,"href":"https:\/\/polarparty.no\/pp31\/wp-json\/wp\/v2\/comments?post=30"}],"version-history":[{"count":1,"href":"https:\/\/polarparty.no\/pp31\/wp-json\/wp\/v2\/pages\/30\/revisions"}],"predecessor-version":[{"id":89,"href":"https:\/\/polarparty.no\/pp31\/wp-json\/wp\/v2\/pages\/30\/revisions\/89"}],"wp:attachment":[{"href":"https:\/\/polarparty.no\/pp31\/wp-json\/wp\/v2\/media?parent=30"}],"curies":[{"name":"wp","href":"https:\/\/api.w.org\/{rel}","templated":true}]}}