{"id":370,"date":"2025-09-04T18:36:46","date_gmt":"2025-09-04T16:36:46","guid":{"rendered":"https:\/\/polarparty.no\/pp33\/?page_id=370"},"modified":"2026-03-24T08:07:27","modified_gmt":"2026-03-24T07:07:27","slug":"lei-pc","status":"publish","type":"page","link":"https:\/\/polarparty.no\/pp33\/lei-pc\/","title":{"rendered":"Lei PC"},"content":{"rendered":"\t\t<div data-elementor-type=\"wp-page\" data-elementor-id=\"370\" class=\"elementor elementor-370\" data-elementor-post-type=\"page\">\n\t\t\t\t<div class=\"elementor-element elementor-element-dab577c e-flex e-con-boxed e-con e-parent\" data-id=\"dab577c\" data-element_type=\"container\" data-e-type=\"container\">\n\t\t\t\t\t<div class=\"e-con-inner\">\n\t\t\t\t<div class=\"elementor-element elementor-element-1b074a0 elementor-widget elementor-widget-heading\" data-id=\"1b074a0\" data-element_type=\"widget\" data-e-type=\"widget\" data-widget_type=\"heading.default\">\n\t\t\t\t\t<h1 class=\"elementor-heading-title elementor-size-default\">Leie PC<\/h1>\t\t\t\t<\/div>\n\t\t\t\t<div class=\"elementor-element elementor-element-9154edb elementor-widget elementor-widget-text-editor\" data-id=\"9154edb\" data-element_type=\"widget\" data-e-type=\"widget\" data-widget_type=\"text-editor.default\">\n\t\t\t\t\t\t\t\t\t<p>N\u00e5 kan du l\u00e5ne gaming-PC med skjerm og alt! Lyst til \u00e5 dra p\u00e5 dataparty, men har kanskje ikke utstyr som du kan ta med eller av en grunn ikke f\u00e5r tatt med deg utstyret?<\/p><p>Vi kan rigge klar en PC med skjerm, tastatur og annet du trenger. Vi har i \u00e5r en egen <strong data-start=\"352\" data-end=\"393\">leieordning for ferdig oppsatte PC-er<\/strong> som deltakerne kan bruke under arrangementet, b\u00e5de enkeltdager og hele Polar. Ta med deg selv og kom til en ferdig oppsatt plass hvor vi har gjort klart med utstyret allerede.<\/p>\t\t\t\t\t\t\t\t<\/div>\n\t\t<div class=\"elementor-element elementor-element-00c16d7 e-grid e-con-full e-con e-child\" data-id=\"00c16d7\" data-element_type=\"container\" data-e-type=\"container\">\n\t\t\t\t<div class=\"elementor-element elementor-element-846f65e elementor-widget elementor-widget-image\" data-id=\"846f65e\" data-element_type=\"widget\" data-e-type=\"widget\" data-widget_type=\"image.default\">\n\t\t\t\t\t\t\t\t\t\t\t\t\t\t\t<img loading=\"lazy\" width=\"640\" height=\"427\" src=\"https:\/\/polarparty.no\/pp33\/wp-content\/uploads\/sites\/7\/2025\/09\/Leie-PC-1024x683.png\" class=\"attachment-large size-large wp-image-372\" alt=\"Leie-PC\" srcset=\"https:\/\/polarparty.no\/pp33\/wp-content\/uploads\/sites\/7\/2025\/09\/Leie-PC-1024x683.png 1024w, https:\/\/polarparty.no\/pp33\/wp-content\/uploads\/sites\/7\/2025\/09\/Leie-PC-300x200.png 300w, https:\/\/polarparty.no\/pp33\/wp-content\/uploads\/sites\/7\/2025\/09\/Leie-PC-768x512.png 768w, https:\/\/polarparty.no\/pp33\/wp-content\/uploads\/sites\/7\/2025\/09\/Leie-PC-600x400.png 600w, https:\/\/polarparty.no\/pp33\/wp-content\/uploads\/sites\/7\/2025\/09\/Leie-PC.png 1536w\" sizes=\"auto, (max-width: 640px) 100vw, 640px\" loading=\"lazy\" decoding=\"async\" \/>\t\t\t\t\t\t\t\t\t\t\t\t\t\t\t<\/div>\n\t\t\t\t<div class=\"elementor-element elementor-element-4e04617 elementor-widget elementor-widget-text-editor\" data-id=\"4e04617\" data-element_type=\"widget\" data-e-type=\"widget\" data-widget_type=\"text-editor.default\">\n\t\t\t\t\t\t\t\t\t<p data-start=\"443\" data-end=\"755\">Dette betyr at du kan m\u00f8te opp uten noe som helst utstyr, og likevel f\u00e5 en fullverdig dataparty-opplevelse. V\u00e5re PC-er er klargjort p\u00e5 forh\u00e5nd, og kommer med alt du trenger for \u00e5 kunne spille popul\u00e6re titler som <strong data-start=\"655\" data-end=\"691\">Minecraft, Roblox, Rocket League<\/strong> og flere andre spill som kj\u00f8rer stabilt og godt p\u00e5 maskinene.<\/p><p data-start=\"757\" data-end=\"802\">Du velger selv hvor lenge du \u00f8nsker \u00e5 leie:<\/p><ul><li style=\"list-style-type: none;\"><ul style=\"list-style-type: disc;\"><li><strong data-start=\"805\" data-end=\"815\">\u00c9n dag<\/strong>, dersom du bare vil v\u00e6re med en liten stund.<\/li><li data-start=\"865\" data-end=\"966\"><strong data-start=\"865\" data-end=\"887\">Hele arrangementet<\/strong>, dersom du \u00f8nsker \u00e5 ha en komplett dataparty-opplevelse fra start til slutt.<\/li><\/ul><\/li><\/ul><p data-start=\"968\" data-end=\"1305\">Maskinene er satt opp med n\u00f8dvendig programvare, slik at du kan logge inn p\u00e5 dine egne spillkontoer og komme rett i gang. Det vil ogs\u00e5 v\u00e6re tilgjengelig standard gaming-utstyr (skjerm, tastatur, mus og headset) slik at du slipper \u00e5 ta med noe selv. \u00d8nsker du likevel \u00e5 bruke ditt eget utstyr, er det selvf\u00f8lgelig mulig \u00e5 koble det til.<\/p>\t\t\t\t\t\t\t\t<\/div>\n\t\t\t\t<\/div>\n\t\t\t\t<div class=\"elementor-element elementor-element-f03c64c elementor-widget elementor-widget-text-editor\" data-id=\"f03c64c\" data-element_type=\"widget\" data-e-type=\"widget\" data-widget_type=\"text-editor.default\">\n\t\t\t\t\t\t\t\t\t<p data-start=\"1307\" data-end=\"1539\"><strong>Egne spill?<\/strong> Logg inn p\u00e5 Steam!Du kan naturligvis logge inn p\u00e5 Steam og laste ned egne spill som passer til maskinene.<\/p>\t\t\t\t\t\t\t\t<\/div>\n\t\t\t\t<div class=\"elementor-element elementor-element-0f655d4 elementor-widget elementor-widget-text-editor\" data-id=\"0f655d4\" data-element_type=\"widget\" data-e-type=\"widget\" data-widget_type=\"text-editor.default\">\n\t\t\t\t\t\t\t\t\t<p data-start=\"1307\" data-end=\"1539\">M\u00e5let med denne ordningen er \u00e5 gj\u00f8re dataparty mer inkluderende og tilgjengelig for alle. Enten du er helt ny til LAN, ikke har egen PC som t\u00e5ler spilling, eller bare \u00f8nsker en enklere l\u00f8sning \u2013 s\u00e5 kan du enkelt delta uten stress.<\/p><p data-start=\"1541\" data-end=\"1690\">Vi tror dette vil v\u00e6re en super mulighet for b\u00e5de nye og erfarne deltakere, og gleder oss til \u00e5 se hvordan dette kan senke terskelen for \u00e5 bli med.<\/p>\t\t\t\t\t\t\t\t<\/div>\n\t\t\t\t<div class=\"elementor-element elementor-element-bc38c01 elementor-widget elementor-widget-text-editor\" data-id=\"bc38c01\" data-element_type=\"widget\" data-e-type=\"widget\" data-widget_type=\"text-editor.default\">\n\t\t\t\t\t\t\t\t\t<p data-start=\"1307\" data-end=\"1539\"><strong>Om maskinene<\/strong><\/p><p data-start=\"1541\" data-end=\"1690\">Gaming-laptopene (ASUS VivoBook 16X Ryzen 7 eller tilsvarende) har Ryzen 7 CPU, 16GB RAM og det du trenger for en ok spillopplevelse. De har innebygget skjerm men vi setter opp en dedikert 24&#8243; skjerm s\u00e5 du f\u00e5r best opplevelse.<\/p><p data-start=\"1541\" data-end=\"1690\"><strong>Egne plasser<\/strong><\/p><p data-start=\"1541\" data-end=\"1690\">Merk at det er egne plasser til dette, s\u00e5 vi kan f\u00f8lge litt med p\u00e5 utstyret.<\/p><p data-start=\"1541\" data-end=\"1690\"><strong>Du m\u00e5 signere p\u00e5 ansvar for utstyret<\/strong><\/p><p data-start=\"1541\" data-end=\"1690\">Maskinene er l\u00e5st fast. Men ting kan skje &#8211; og du m\u00e5 behandle de skikkelig. Derfor m\u00e5 du signere p\u00e5 at du tar ansvar for utstyret, og er du under 18 \u00e5r m\u00e5 noen over signere.<\/p>\t\t\t\t\t\t\t\t<\/div>\n\t\t\t\t<div class=\"elementor-element elementor-element-33260f8 elementor-widget elementor-widget-text-editor\" data-id=\"33260f8\" data-element_type=\"widget\" data-e-type=\"widget\" data-widget_type=\"text-editor.default\">\n\t\t\t\t\t\t\t\t\t<p data-start=\"1307\" data-end=\"1539\"><strong>Bestill p\u00e5 Geekevents<\/strong><\/p><p data-start=\"1541\" data-end=\"1690\">Kj\u00f8p de <a href=\"https:\/\/www.geekevents.org\/PP33\/#\/shop\">p\u00e5 Geekevents<\/a> &#8211; se etter produktet &laquo;Utl\u00e5n-PC&raquo;. Husk at du m\u00e5 ha vanlig festivalpass i tillegg, for \u00e5 komme inn.<\/p>\t\t\t\t\t\t\t\t<\/div>\n\t\t\t\t<div class=\"elementor-element elementor-element-890d792 elementor-widget elementor-widget-heading\" data-id=\"890d792\" data-element_type=\"widget\" data-e-type=\"widget\" data-widget_type=\"heading.default\">\n\t\t\t\t\t<h3 class=\"elementor-heading-title elementor-size-default\">Rabatt\/dekka kostnad<\/h3>\t\t\t\t<\/div>\n\t\t\t\t<div class=\"elementor-element elementor-element-f40e296 elementor-widget elementor-widget-text-editor\" data-id=\"f40e296\" data-element_type=\"widget\" data-e-type=\"widget\" data-widget_type=\"text-editor.default\">\n\t\t\t\t\t\t\t\t\t<p>Vi vet at mange har pressa \u00f8konomi for tida. For oss er det viktig at akkurat du kommer p\u00e5 Polar. Trenger du hjelp, ta kontakt med oss p\u00e5 e-post, s\u00e5 finner vi ei ordning.<\/p>\t\t\t\t\t\t\t\t<\/div>\n\t\t\t\t<div class=\"elementor-element elementor-element-d45a13b elementor-widget-divider--view-line elementor-widget elementor-widget-divider\" data-id=\"d45a13b\" data-element_type=\"widget\" data-e-type=\"widget\" data-widget_type=\"divider.default\">\n\t\t\t\t\t\t\t<div class=\"elementor-divider\">\n\t\t\t<span class=\"elementor-divider-separator\">\n\t\t\t\t\t\t<\/span>\n\t\t<\/div>\n\t\t\t\t\t\t<\/div>\n\t\t\t\t<div class=\"elementor-element elementor-element-73ed95f elementor-widget elementor-widget-text-editor\" data-id=\"73ed95f\" data-element_type=\"widget\" data-e-type=\"widget\" data-widget_type=\"text-editor.default\">\n\t\t\t\t\t\t\t\t\t<p style=\"text-align: center;\">Med veldig god st\u00f8tte fra<\/p>\t\t\t\t\t\t\t\t<\/div>\n\t\t\t\t<div class=\"elementor-element elementor-element-e291040 elementor-widget elementor-widget-image\" data-id=\"e291040\" data-element_type=\"widget\" data-e-type=\"widget\" data-widget_type=\"image.default\">\n\t\t\t\t\t\t\t\t\t\t\t\t\t\t\t<img loading=\"lazy\" width=\"150\" height=\"150\" src=\"https:\/\/polarparty.no\/pp33\/wp-content\/uploads\/sites\/7\/2026\/03\/sbs-logo-negative-2-150x150.png\" class=\"attachment-thumbnail size-thumbnail wp-image-647\" alt=\"sbs-logo-negative-2\" srcset=\"https:\/\/polarparty.no\/pp33\/wp-content\/uploads\/sites\/7\/2026\/03\/sbs-logo-negative-2-150x150.png 150w, https:\/\/polarparty.no\/pp33\/wp-content\/uploads\/sites\/7\/2026\/03\/sbs-logo-negative-2-300x300.png 300w, https:\/\/polarparty.no\/pp33\/wp-content\/uploads\/sites\/7\/2026\/03\/sbs-logo-negative-2-100x100.png 100w\" sizes=\"auto, (max-width: 150px) 100vw, 150px\" loading=\"lazy\" decoding=\"async\" \/>\t\t\t\t\t\t\t\t\t\t\t\t\t\t\t<\/div>\n\t\t\t\t\t<\/div>\n\t\t\t\t<\/div>\n\t\t\t\t<\/div>\n\t\t","protected":false},"excerpt":{"rendered":"<p>Leie PC N\u00e5 kan du l\u00e5ne gaming-PC med skjerm og alt! Lyst til \u00e5 dra<\/p>\n","protected":false},"author":12,"featured_media":0,"parent":0,"menu_order":0,"comment_status":"closed","ping_status":"closed","template":"elementor_header_footer","meta":{"_monsterinsights_skip_tracking":false,"_monsterinsights_sitenote_active":false,"_monsterinsights_sitenote_note":"","_monsterinsights_sitenote_category":0,"footnotes":""},"class_list":["post-370","page","type-page","status-publish","hentry"],"_links":{"self":[{"href":"https:\/\/polarparty.no\/pp33\/wp-json\/wp\/v2\/pages\/370","targetHints":{"allow":["GET"]}}],"collection":[{"href":"https:\/\/polarparty.no\/pp33\/wp-json\/wp\/v2\/pages"}],"about":[{"href":"https:\/\/polarparty.no\/pp33\/wp-json\/wp\/v2\/types\/page"}],"author":[{"embeddable":true,"href":"https:\/\/polarparty.no\/pp33\/wp-json\/wp\/v2\/users\/12"}],"replies":[{"embeddable":true,"href":"https:\/\/polarparty.no\/pp33\/wp-json\/wp\/v2\/comments?post=370"}],"version-history":[{"count":31,"href":"https:\/\/polarparty.no\/pp33\/wp-json\/wp\/v2\/pages\/370\/revisions"}],"predecessor-version":[{"id":650,"href":"https:\/\/polarparty.no\/pp33\/wp-json\/wp\/v2\/pages\/370\/revisions\/650"}],"wp:attachment":[{"href":"https:\/\/polarparty.no\/pp33\/wp-json\/wp\/v2\/media?parent=370"}],"curies":[{"name":"wp","href":"https:\/\/api.w.org\/{rel}","templated":true}]}}