{"id":401,"date":"2025-09-04T20:55:26","date_gmt":"2025-09-04T18:55:26","guid":{"rendered":"https:\/\/polarparty.no\/pp33\/?page_id=401"},"modified":"2025-09-04T21:59:22","modified_gmt":"2025-09-04T19:59:22","slug":"lei-utstyr","status":"publish","type":"page","link":"https:\/\/polarparty.no\/pp33\/lei-utstyr\/","title":{"rendered":"Lei Utstyr"},"content":{"rendered":"\t\t<div data-elementor-type=\"wp-page\" data-elementor-id=\"401\" class=\"elementor elementor-401\" data-elementor-post-type=\"page\">\n\t\t\t\t<div class=\"elementor-element elementor-element-2d207f5 e-flex e-con-boxed e-con e-parent\" data-id=\"2d207f5\" data-element_type=\"container\" data-e-type=\"container\">\n\t\t\t\t\t<div class=\"e-con-inner\">\n\t\t\t\t<div class=\"elementor-element elementor-element-f80ec10 elementor-widget elementor-widget-heading\" data-id=\"f80ec10\" data-element_type=\"widget\" data-e-type=\"widget\" data-widget_type=\"heading.default\">\n\t\t\t\t\t<h1 class=\"elementor-heading-title elementor-size-default\">Leie Utstyr<\/h1>\t\t\t\t<\/div>\n\t\t\t\t<div class=\"elementor-element elementor-element-31bdcc1 elementor-widget elementor-widget-text-editor\" data-id=\"31bdcc1\" data-element_type=\"widget\" data-e-type=\"widget\" data-widget_type=\"text-editor.default\">\n\t\t\t\t\t\t\t\t\t<p>N\u00e5 kan du leie utstyr! Vi har n\u00e5 en mulighet til leie deg en skjerm, og hvis behov, mus og tastatur hvis du \u00f8nsker \u00e5 gj\u00f8re det lettvindt med \u00e5 bare ta med spillkonsolen eller bruke for eksempel laptop med ekstern skjerm.\u00a0<\/p><p>Vi s\u00f8rger for at en skjerm st\u00e5r klar til deg med str\u00f8m om alt &#8211; til og med HDMI-kabel klar for at du skal koble til spillkonsoll eller pc. Vi har i \u00e5r en egen <strong data-start=\"352\" data-end=\"393\">leieordning for utstyr<\/strong> som deltakerne kan bruke under arrangementet, sammen med egen foretrukket enhet \u00e5 spille p\u00e5. Ta med deg selv og enheten du \u00f8nsker \u00e5 spille p\u00e5 \u00e5 kom til resten av utstyret allerede i hallen. <a href=\"https:\/\/polarparty.no\/pp33\/lei-pc\/\">Behov for PC ogs\u00e5? Se egen side<\/a><\/p>\t\t\t\t\t\t\t\t<\/div>\n\t\t<div class=\"elementor-element elementor-element-64b8b32 e-grid e-con-full e-con e-child\" data-id=\"64b8b32\" data-element_type=\"container\" data-e-type=\"container\">\n\t\t\t\t<div class=\"elementor-element elementor-element-2e5f3d9 elementor-widget elementor-widget-image\" data-id=\"2e5f3d9\" data-element_type=\"widget\" data-e-type=\"widget\" data-widget_type=\"image.default\">\n\t\t\t\t\t\t\t\t\t\t\t\t\t\t\t<img loading=\"lazy\" width=\"640\" height=\"427\" src=\"https:\/\/polarparty.no\/pp33\/wp-content\/uploads\/sites\/7\/2025\/09\/Gemini_Generated_Image_8wlrzn8wlrzn8wlr-1024x683.png\" class=\"attachment-large size-large wp-image-410\" alt=\"L\u00e5n utstyr\" srcset=\"https:\/\/polarparty.no\/pp33\/wp-content\/uploads\/sites\/7\/2025\/09\/Gemini_Generated_Image_8wlrzn8wlrzn8wlr-1024x683.png 1024w, https:\/\/polarparty.no\/pp33\/wp-content\/uploads\/sites\/7\/2025\/09\/Gemini_Generated_Image_8wlrzn8wlrzn8wlr-300x200.png 300w, https:\/\/polarparty.no\/pp33\/wp-content\/uploads\/sites\/7\/2025\/09\/Gemini_Generated_Image_8wlrzn8wlrzn8wlr-768x512.png 768w, https:\/\/polarparty.no\/pp33\/wp-content\/uploads\/sites\/7\/2025\/09\/Gemini_Generated_Image_8wlrzn8wlrzn8wlr-600x400.png 600w, https:\/\/polarparty.no\/pp33\/wp-content\/uploads\/sites\/7\/2025\/09\/Gemini_Generated_Image_8wlrzn8wlrzn8wlr.png 1248w\" sizes=\"auto, (max-width: 640px) 100vw, 640px\" loading=\"lazy\" decoding=\"async\" \/>\t\t\t\t\t\t\t\t\t\t\t\t\t\t\t<\/div>\n\t\t\t\t<div class=\"elementor-element elementor-element-95c5fd0 elementor-widget elementor-widget-text-editor\" data-id=\"95c5fd0\" data-element_type=\"widget\" data-e-type=\"widget\" data-widget_type=\"text-editor.default\">\n\t\t\t\t\t\t\t\t\t<p data-start=\"443\" data-end=\"755\">Dette betyr at du kan m\u00f8te opp med mindre utstyr, og likevel f\u00e5 en fullverdig dataparty-opplevelse. V\u00e5rt utsytr vil st\u00e5 klart \u00e5 vente p\u00e5 deg ved plassen din n\u00e5r du kommer. Bare koble i HDMI-kabel og str\u00f8m s\u00e5 er du klar til \u00e5 game.<\/p><p data-start=\"968\" data-end=\"1305\">Det vil ogs\u00e5 v\u00e6re tilgjengelig standard gaming-utstyr (skjerm, tastatur, mus og headset) slik at du slipper \u00e5 ta med noe av dette selv. \u00d8nsker du likevel \u00e5 bruke ditt eget utstyr, er det selvf\u00f8lgelig mulig \u00e5 koble det til.<\/p><p data-start=\"968\" data-end=\"1305\">M\u00e5let med denne ordningen er \u00e5 gj\u00f8re dataparty mer inkluderende og tilgjengelig for alle. Enten du er helt ny til LAN, ikke f\u00e5r med dedg alt du trenger, eller bare \u00f8nsker en enklere l\u00f8sning \u2013 s\u00e5 kan du enkelt delta uten stress.<\/p><p data-start=\"968\" data-end=\"1305\">Vi tror dette vil v\u00e6re en super mulighet for b\u00e5de nye og erfarne deltakere, og gleder oss til \u00e5 se hvordan dette kan senke terskelen for \u00e5 bli med.<\/p>\t\t\t\t\t\t\t\t<\/div>\n\t\t\t\t<\/div>\n\t\t\t\t<div class=\"elementor-element elementor-element-11325e2 elementor-widget elementor-widget-text-editor\" data-id=\"11325e2\" data-element_type=\"widget\" data-e-type=\"widget\" data-widget_type=\"text-editor.default\">\n\t\t\t\t\t\t\t\t\t<p data-start=\"1307\" data-end=\"1539\"><strong>Bestill p\u00e5 Geekevents<\/strong><\/p><p data-start=\"1541\" data-end=\"1690\">Kj\u00f8p de <a href=\"https:\/\/www.geekevents.org\/PP33\/#\/shop\">p\u00e5 Geekevents<\/a> &#8211; se etter produktet &laquo;Utl\u00e5n-Utstyr&raquo;. Husk at du m\u00e5 ha vanlig partypass i tillegg, for \u00e5 komme inn.<\/p>\t\t\t\t\t\t\t\t<\/div>\n\t\t\t\t<div class=\"elementor-element elementor-element-b567cd5 elementor-widget elementor-widget-heading\" data-id=\"b567cd5\" data-element_type=\"widget\" data-e-type=\"widget\" data-widget_type=\"heading.default\">\n\t\t\t\t\t<h3 class=\"elementor-heading-title elementor-size-default\">Rabatt\/dekka kostnad<\/h3>\t\t\t\t<\/div>\n\t\t\t\t<div class=\"elementor-element elementor-element-00772ee elementor-widget elementor-widget-text-editor\" data-id=\"00772ee\" data-element_type=\"widget\" data-e-type=\"widget\" data-widget_type=\"text-editor.default\">\n\t\t\t\t\t\t\t\t\t<p>Vi vet at mange har pressa \u00f8konomi for tida. For oss er det viktig at akkurat du kommer p\u00e5 Polar. Trenger du hjelp, ta kontakt med oss p\u00e5 e-post, s\u00e5 finner vi ei ordning.<\/p>\t\t\t\t\t\t\t\t<\/div>\n\t\t\t\t\t<\/div>\n\t\t\t\t<\/div>\n\t\t\t\t<\/div>\n\t\t","protected":false},"excerpt":{"rendered":"<p>Leie Utstyr N\u00e5 kan du leie utstyr! Vi har n\u00e5 en mulighet til leie deg<\/p>\n","protected":false},"author":12,"featured_media":0,"parent":0,"menu_order":0,"comment_status":"closed","ping_status":"closed","template":"elementor_header_footer","meta":{"_monsterinsights_skip_tracking":false,"_monsterinsights_sitenote_active":false,"_monsterinsights_sitenote_note":"","_monsterinsights_sitenote_category":0,"footnotes":""},"class_list":["post-401","page","type-page","status-publish","hentry"],"_links":{"self":[{"href":"https:\/\/polarparty.no\/pp33\/wp-json\/wp\/v2\/pages\/401","targetHints":{"allow":["GET"]}}],"collection":[{"href":"https:\/\/polarparty.no\/pp33\/wp-json\/wp\/v2\/pages"}],"about":[{"href":"https:\/\/polarparty.no\/pp33\/wp-json\/wp\/v2\/types\/page"}],"author":[{"embeddable":true,"href":"https:\/\/polarparty.no\/pp33\/wp-json\/wp\/v2\/users\/12"}],"replies":[{"embeddable":true,"href":"https:\/\/polarparty.no\/pp33\/wp-json\/wp\/v2\/comments?post=401"}],"version-history":[{"count":16,"href":"https:\/\/polarparty.no\/pp33\/wp-json\/wp\/v2\/pages\/401\/revisions"}],"predecessor-version":[{"id":429,"href":"https:\/\/polarparty.no\/pp33\/wp-json\/wp\/v2\/pages\/401\/revisions\/429"}],"wp:attachment":[{"href":"https:\/\/polarparty.no\/pp33\/wp-json\/wp\/v2\/media?parent=401"}],"curies":[{"name":"wp","href":"https:\/\/api.w.org\/{rel}","templated":true}]}}