{"id":434,"date":"2025-09-09T14:49:47","date_gmt":"2025-09-09T12:49:47","guid":{"rendered":"https:\/\/polarparty.no\/pp33\/?page_id=434"},"modified":"2025-09-10T20:47:44","modified_gmt":"2025-09-10T18:47:44","slug":"super-smash-bros","status":"publish","type":"page","link":"https:\/\/polarparty.no\/pp33\/super-smash-bros\/","title":{"rendered":"Super Smash Bros"},"content":{"rendered":"\t\t<div data-elementor-type=\"wp-page\" data-elementor-id=\"434\" class=\"elementor elementor-434\" data-elementor-post-type=\"page\">\n\t\t\t\t<div class=\"elementor-element elementor-element-b00291d e-flex e-con-boxed e-con e-parent\" data-id=\"b00291d\" data-element_type=\"container\" data-e-type=\"container\">\n\t\t\t\t\t<div class=\"e-con-inner\">\n\t\t\t\t<div class=\"elementor-element elementor-element-346a7c3 elementor-widget elementor-widget-heading\" data-id=\"346a7c3\" data-element_type=\"widget\" data-e-type=\"widget\" data-widget_type=\"heading.default\">\n\t\t\t\t\t<h1 class=\"elementor-heading-title elementor-size-default\">Super Smash Bros<\/h1>\t\t\t\t<\/div>\n\t\t\t\t<div class=\"elementor-element elementor-element-86706a3 elementor-widget elementor-widget-heading\" data-id=\"86706a3\" data-element_type=\"widget\" data-e-type=\"widget\" data-widget_type=\"heading.default\">\n\t\t\t\t\t<h5 class=\"elementor-heading-title elementor-size-default\">1v1<\/h5>\t\t\t\t<\/div>\n\t\t\t\t<div class=\"elementor-element elementor-element-c00f0da elementor-widget elementor-widget-image\" data-id=\"c00f0da\" data-element_type=\"widget\" data-e-type=\"widget\" data-widget_type=\"image.default\">\n\t\t\t\t\t\t\t\t\t\t\t\t\t\t\t<img loading=\"lazy\" width=\"500\" height=\"155\" src=\"https:\/\/polarparty.no\/pp33\/wp-content\/uploads\/sites\/7\/2025\/09\/supersmash1.jpg\" class=\"attachment-large size-large wp-image-436\" alt=\"supersmash1.jpg\" srcset=\"https:\/\/polarparty.no\/pp33\/wp-content\/uploads\/sites\/7\/2025\/09\/supersmash1.jpg 500w, https:\/\/polarparty.no\/pp33\/wp-content\/uploads\/sites\/7\/2025\/09\/supersmash1-300x93.jpg 300w\" sizes=\"auto, (max-width: 500px) 100vw, 500px\" loading=\"lazy\" decoding=\"async\" \/>\t\t\t\t\t\t\t\t\t\t\t\t\t\t\t<\/div>\n\t\t\t\t<div class=\"elementor-element elementor-element-a0b0459 elementor-widget elementor-widget-text-editor\" data-id=\"a0b0459\" data-element_type=\"widget\" data-e-type=\"widget\" data-widget_type=\"text-editor.default\">\n\t\t\t\t\t\t\t\t\t<p>I samarbeid med Smash Norge arrangerer vi Super Smash-konkurranse p\u00e5 Polar! Alle i hallen kan delta, det kreves ikke gamingplass for \u00e5 delta.<\/p><p>Vi gjennomf\u00f8rer matcher med best av 3.<\/p>\t\t\t\t\t\t\t\t<\/div>\n\t\t\t\t<div class=\"elementor-element elementor-element-d802769 elementor-widget elementor-widget-heading\" data-id=\"d802769\" data-element_type=\"widget\" data-e-type=\"widget\" data-widget_type=\"heading.default\">\n\t\t\t\t\t<h2 class=\"elementor-heading-title elementor-size-default\">Spilloppsett<\/h2>\t\t\t\t<\/div>\n\t\t\t\t<div class=\"elementor-element elementor-element-8ba4eb3 elementor-icon-list--layout-traditional elementor-list-item-link-full_width elementor-widget elementor-widget-icon-list\" data-id=\"8ba4eb3\" data-element_type=\"widget\" data-e-type=\"widget\" data-widget_type=\"icon-list.default\">\n\t\t\t\t\t\t\t<ul class=\"elementor-icon-list-items\">\n\t\t\t\t\t\t\t<li class=\"elementor-icon-list-item\">\n\t\t\t\t\t\t\t\t\t\t\t<span class=\"elementor-icon-list-icon\">\n\t\t\t\t\t\t\t<svg aria-hidden=\"true\" class=\"e-font-icon-svg e-fas-gavel\" viewBox=\"0 0 512 512\" xmlns=\"http:\/\/www.w3.org\/2000\/svg\"><path d=\"M504.971 199.362l-22.627-22.627c-9.373-9.373-24.569-9.373-33.941 0l-5.657 5.657L329.608 69.255l5.657-5.657c9.373-9.373 9.373-24.569 0-33.941L312.638 7.029c-9.373-9.373-24.569-9.373-33.941 0L154.246 131.48c-9.373 9.373-9.373 24.569 0 33.941l22.627 22.627c9.373 9.373 24.569 9.373 33.941 0l5.657-5.657 39.598 39.598-81.04 81.04-5.657-5.657c-12.497-12.497-32.758-12.497-45.255 0L9.373 412.118c-12.497 12.497-12.497 32.758 0 45.255l45.255 45.255c12.497 12.497 32.758 12.497 45.255 0l114.745-114.745c12.497-12.497 12.497-32.758 0-45.255l-5.657-5.657 81.04-81.04 39.598 39.598-5.657 5.657c-9.373 9.373-9.373 24.569 0 33.941l22.627 22.627c9.373 9.373 24.569 9.373 33.941 0l124.451-124.451c9.372-9.372 9.372-24.568 0-33.941z\"><\/path><\/svg>\t\t\t\t\t\t<\/span>\n\t\t\t\t\t\t\t\t\t\t<span class=\"elementor-icon-list-text\">Ruleset: 3 Stock<\/span>\n\t\t\t\t\t\t\t\t\t<\/li>\n\t\t\t\t\t\t\t\t<li class=\"elementor-icon-list-item\">\n\t\t\t\t\t\t\t\t\t\t\t<span class=\"elementor-icon-list-icon\">\n\t\t\t\t\t\t\t<svg aria-hidden=\"true\" class=\"e-font-icon-svg e-fas-gavel\" viewBox=\"0 0 512 512\" xmlns=\"http:\/\/www.w3.org\/2000\/svg\"><path d=\"M504.971 199.362l-22.627-22.627c-9.373-9.373-24.569-9.373-33.941 0l-5.657 5.657L329.608 69.255l5.657-5.657c9.373-9.373 9.373-24.569 0-33.941L312.638 7.029c-9.373-9.373-24.569-9.373-33.941 0L154.246 131.48c-9.373 9.373-9.373 24.569 0 33.941l22.627 22.627c9.373 9.373 24.569 9.373 33.941 0l5.657-5.657 39.598 39.598-81.04 81.04-5.657-5.657c-12.497-12.497-32.758-12.497-45.255 0L9.373 412.118c-12.497 12.497-12.497 32.758 0 45.255l45.255 45.255c12.497 12.497 32.758 12.497 45.255 0l114.745-114.745c12.497-12.497 12.497-32.758 0-45.255l-5.657-5.657 81.04-81.04 39.598 39.598-5.657 5.657c-9.373 9.373-9.373 24.569 0 33.941l22.627 22.627c9.373 9.373 24.569 9.373 33.941 0l124.451-124.451c9.372-9.372 9.372-24.568 0-33.941z\"><\/path><\/svg>\t\t\t\t\t\t<\/span>\n\t\t\t\t\t\t\t\t\t\t<span class=\"elementor-icon-list-text\">Time Limit: 7 minutes<\/span>\n\t\t\t\t\t\t\t\t\t<\/li>\n\t\t\t\t\t\t\t\t<li class=\"elementor-icon-list-item\">\n\t\t\t\t\t\t\t\t\t\t\t<span class=\"elementor-icon-list-icon\">\n\t\t\t\t\t\t\t<svg aria-hidden=\"true\" class=\"e-font-icon-svg e-fas-gavel\" viewBox=\"0 0 512 512\" xmlns=\"http:\/\/www.w3.org\/2000\/svg\"><path d=\"M504.971 199.362l-22.627-22.627c-9.373-9.373-24.569-9.373-33.941 0l-5.657 5.657L329.608 69.255l5.657-5.657c9.373-9.373 9.373-24.569 0-33.941L312.638 7.029c-9.373-9.373-24.569-9.373-33.941 0L154.246 131.48c-9.373 9.373-9.373 24.569 0 33.941l22.627 22.627c9.373 9.373 24.569 9.373 33.941 0l5.657-5.657 39.598 39.598-81.04 81.04-5.657-5.657c-12.497-12.497-32.758-12.497-45.255 0L9.373 412.118c-12.497 12.497-12.497 32.758 0 45.255l45.255 45.255c12.497 12.497 32.758 12.497 45.255 0l114.745-114.745c12.497-12.497 12.497-32.758 0-45.255l-5.657-5.657 81.04-81.04 39.598 39.598-5.657 5.657c-9.373 9.373-9.373 24.569 0 33.941l22.627 22.627c9.373 9.373 24.569 9.373 33.941 0l124.451-124.451c9.372-9.372 9.372-24.568 0-33.941z\"><\/path><\/svg>\t\t\t\t\t\t<\/span>\n\t\t\t\t\t\t\t\t\t\t<span class=\"elementor-icon-list-text\">Items: Off<\/span>\n\t\t\t\t\t\t\t\t\t<\/li>\n\t\t\t\t\t\t\t\t<li class=\"elementor-icon-list-item\">\n\t\t\t\t\t\t\t\t\t\t\t<span class=\"elementor-icon-list-icon\">\n\t\t\t\t\t\t\t<svg aria-hidden=\"true\" class=\"e-font-icon-svg e-fas-gavel\" viewBox=\"0 0 512 512\" xmlns=\"http:\/\/www.w3.org\/2000\/svg\"><path d=\"M504.971 199.362l-22.627-22.627c-9.373-9.373-24.569-9.373-33.941 0l-5.657 5.657L329.608 69.255l5.657-5.657c9.373-9.373 9.373-24.569 0-33.941L312.638 7.029c-9.373-9.373-24.569-9.373-33.941 0L154.246 131.48c-9.373 9.373-9.373 24.569 0 33.941l22.627 22.627c9.373 9.373 24.569 9.373 33.941 0l5.657-5.657 39.598 39.598-81.04 81.04-5.657-5.657c-12.497-12.497-32.758-12.497-45.255 0L9.373 412.118c-12.497 12.497-12.497 32.758 0 45.255l45.255 45.255c12.497 12.497 32.758 12.497 45.255 0l114.745-114.745c12.497-12.497 12.497-32.758 0-45.255l-5.657-5.657 81.04-81.04 39.598 39.598-5.657 5.657c-9.373 9.373-9.373 24.569 0 33.941l22.627 22.627c9.373 9.373 24.569 9.373 33.941 0l124.451-124.451c9.372-9.372 9.372-24.568 0-33.941z\"><\/path><\/svg>\t\t\t\t\t\t<\/span>\n\t\t\t\t\t\t\t\t\t\t<span class=\"elementor-icon-list-text\">Stage Selection: Anyone<\/span>\n\t\t\t\t\t\t\t\t\t<\/li>\n\t\t\t\t\t\t\t\t<li class=\"elementor-icon-list-item\">\n\t\t\t\t\t\t\t\t\t\t\t<span class=\"elementor-icon-list-icon\">\n\t\t\t\t\t\t\t<svg aria-hidden=\"true\" class=\"e-font-icon-svg e-fas-gavel\" viewBox=\"0 0 512 512\" xmlns=\"http:\/\/www.w3.org\/2000\/svg\"><path d=\"M504.971 199.362l-22.627-22.627c-9.373-9.373-24.569-9.373-33.941 0l-5.657 5.657L329.608 69.255l5.657-5.657c9.373-9.373 9.373-24.569 0-33.941L312.638 7.029c-9.373-9.373-24.569-9.373-33.941 0L154.246 131.48c-9.373 9.373-9.373 24.569 0 33.941l22.627 22.627c9.373 9.373 24.569 9.373 33.941 0l5.657-5.657 39.598 39.598-81.04 81.04-5.657-5.657c-12.497-12.497-32.758-12.497-45.255 0L9.373 412.118c-12.497 12.497-12.497 32.758 0 45.255l45.255 45.255c12.497 12.497 32.758 12.497 45.255 0l114.745-114.745c12.497-12.497 12.497-32.758 0-45.255l-5.657-5.657 81.04-81.04 39.598 39.598-5.657 5.657c-9.373 9.373-9.373 24.569 0 33.941l22.627 22.627c9.373 9.373 24.569 9.373 33.941 0l124.451-124.451c9.372-9.372 9.372-24.568 0-33.941z\"><\/path><\/svg>\t\t\t\t\t\t<\/span>\n\t\t\t\t\t\t\t\t\t\t<span class=\"elementor-icon-list-text\">Stage Hazard Toggle: Off<\/span>\n\t\t\t\t\t\t\t\t\t<\/li>\n\t\t\t\t\t\t\t\t<li class=\"elementor-icon-list-item\">\n\t\t\t\t\t\t\t\t\t\t\t<span class=\"elementor-icon-list-icon\">\n\t\t\t\t\t\t\t<svg aria-hidden=\"true\" class=\"e-font-icon-svg e-fas-gavel\" viewBox=\"0 0 512 512\" xmlns=\"http:\/\/www.w3.org\/2000\/svg\"><path d=\"M504.971 199.362l-22.627-22.627c-9.373-9.373-24.569-9.373-33.941 0l-5.657 5.657L329.608 69.255l5.657-5.657c9.373-9.373 9.373-24.569 0-33.941L312.638 7.029c-9.373-9.373-24.569-9.373-33.941 0L154.246 131.48c-9.373 9.373-9.373 24.569 0 33.941l22.627 22.627c9.373 9.373 24.569 9.373 33.941 0l5.657-5.657 39.598 39.598-81.04 81.04-5.657-5.657c-12.497-12.497-32.758-12.497-45.255 0L9.373 412.118c-12.497 12.497-12.497 32.758 0 45.255l45.255 45.255c12.497 12.497 32.758 12.497 45.255 0l114.745-114.745c12.497-12.497 12.497-32.758 0-45.255l-5.657-5.657 81.04-81.04 39.598 39.598-5.657 5.657c-9.373 9.373-9.373 24.569 0 33.941l22.627 22.627c9.373 9.373 24.569 9.373 33.941 0l124.451-124.451c9.372-9.372 9.372-24.568 0-33.941z\"><\/path><\/svg>\t\t\t\t\t\t<\/span>\n\t\t\t\t\t\t\t\t\t\t<span class=\"elementor-icon-list-text\">Final Smash Meter: Off<\/span>\n\t\t\t\t\t\t\t\t\t<\/li>\n\t\t\t\t\t\t\t\t<li class=\"elementor-icon-list-item\">\n\t\t\t\t\t\t\t\t\t\t\t<span class=\"elementor-icon-list-icon\">\n\t\t\t\t\t\t\t<svg aria-hidden=\"true\" class=\"e-font-icon-svg e-fas-gavel\" viewBox=\"0 0 512 512\" xmlns=\"http:\/\/www.w3.org\/2000\/svg\"><path d=\"M504.971 199.362l-22.627-22.627c-9.373-9.373-24.569-9.373-33.941 0l-5.657 5.657L329.608 69.255l5.657-5.657c9.373-9.373 9.373-24.569 0-33.941L312.638 7.029c-9.373-9.373-24.569-9.373-33.941 0L154.246 131.48c-9.373 9.373-9.373 24.569 0 33.941l22.627 22.627c9.373 9.373 24.569 9.373 33.941 0l5.657-5.657 39.598 39.598-81.04 81.04-5.657-5.657c-12.497-12.497-32.758-12.497-45.255 0L9.373 412.118c-12.497 12.497-12.497 32.758 0 45.255l45.255 45.255c12.497 12.497 32.758 12.497 45.255 0l114.745-114.745c12.497-12.497 12.497-32.758 0-45.255l-5.657-5.657 81.04-81.04 39.598 39.598-5.657 5.657c-9.373 9.373-9.373 24.569 0 33.941l22.627 22.627c9.373 9.373 24.569 9.373 33.941 0l124.451-124.451c9.372-9.372 9.372-24.568 0-33.941z\"><\/path><\/svg>\t\t\t\t\t\t<\/span>\n\t\t\t\t\t\t\t\t\t\t<span class=\"elementor-icon-list-text\">Spirits: Off<\/span>\n\t\t\t\t\t\t\t\t\t<\/li>\n\t\t\t\t\t\t\t\t<li class=\"elementor-icon-list-item\">\n\t\t\t\t\t\t\t\t\t\t\t<span class=\"elementor-icon-list-icon\">\n\t\t\t\t\t\t\t<svg aria-hidden=\"true\" class=\"e-font-icon-svg e-fas-gavel\" viewBox=\"0 0 512 512\" xmlns=\"http:\/\/www.w3.org\/2000\/svg\"><path d=\"M504.971 199.362l-22.627-22.627c-9.373-9.373-24.569-9.373-33.941 0l-5.657 5.657L329.608 69.255l5.657-5.657c9.373-9.373 9.373-24.569 0-33.941L312.638 7.029c-9.373-9.373-24.569-9.373-33.941 0L154.246 131.48c-9.373 9.373-9.373 24.569 0 33.941l22.627 22.627c9.373 9.373 24.569 9.373 33.941 0l5.657-5.657 39.598 39.598-81.04 81.04-5.657-5.657c-12.497-12.497-32.758-12.497-45.255 0L9.373 412.118c-12.497 12.497-12.497 32.758 0 45.255l45.255 45.255c12.497 12.497 32.758 12.497 45.255 0l114.745-114.745c12.497-12.497 12.497-32.758 0-45.255l-5.657-5.657 81.04-81.04 39.598 39.598-5.657 5.657c-9.373 9.373-9.373 24.569 0 33.941l22.627 22.627c9.373 9.373 24.569 9.373 33.941 0l124.451-124.451c9.372-9.372 9.372-24.568 0-33.941z\"><\/path><\/svg>\t\t\t\t\t\t<\/span>\n\t\t\t\t\t\t\t\t\t\t<span class=\"elementor-icon-list-text\">Damage Handicap: Off<\/span>\n\t\t\t\t\t\t\t\t\t<\/li>\n\t\t\t\t\t\t\t\t<li class=\"elementor-icon-list-item\">\n\t\t\t\t\t\t\t\t\t\t\t<span class=\"elementor-icon-list-icon\">\n\t\t\t\t\t\t\t<svg aria-hidden=\"true\" class=\"e-font-icon-svg e-fas-gavel\" viewBox=\"0 0 512 512\" xmlns=\"http:\/\/www.w3.org\/2000\/svg\"><path d=\"M504.971 199.362l-22.627-22.627c-9.373-9.373-24.569-9.373-33.941 0l-5.657 5.657L329.608 69.255l5.657-5.657c9.373-9.373 9.373-24.569 0-33.941L312.638 7.029c-9.373-9.373-24.569-9.373-33.941 0L154.246 131.48c-9.373 9.373-9.373 24.569 0 33.941l22.627 22.627c9.373 9.373 24.569 9.373 33.941 0l5.657-5.657 39.598 39.598-81.04 81.04-5.657-5.657c-12.497-12.497-32.758-12.497-45.255 0L9.373 412.118c-12.497 12.497-12.497 32.758 0 45.255l45.255 45.255c12.497 12.497 32.758 12.497 45.255 0l114.745-114.745c12.497-12.497 12.497-32.758 0-45.255l-5.657-5.657 81.04-81.04 39.598 39.598-5.657 5.657c-9.373 9.373-9.373 24.569 0 33.941l22.627 22.627c9.373 9.373 24.569 9.373 33.941 0l124.451-124.451c9.372-9.372 9.372-24.568 0-33.941z\"><\/path><\/svg>\t\t\t\t\t\t<\/span>\n\t\t\t\t\t\t\t\t\t\t<span class=\"elementor-icon-list-text\">Launch Rate: 1.0x<\/span>\n\t\t\t\t\t\t\t\t\t<\/li>\n\t\t\t\t\t\t\t\t<li class=\"elementor-icon-list-item\">\n\t\t\t\t\t\t\t\t\t\t\t<span class=\"elementor-icon-list-icon\">\n\t\t\t\t\t\t\t<svg aria-hidden=\"true\" class=\"e-font-icon-svg e-fas-gavel\" viewBox=\"0 0 512 512\" xmlns=\"http:\/\/www.w3.org\/2000\/svg\"><path d=\"M504.971 199.362l-22.627-22.627c-9.373-9.373-24.569-9.373-33.941 0l-5.657 5.657L329.608 69.255l5.657-5.657c9.373-9.373 9.373-24.569 0-33.941L312.638 7.029c-9.373-9.373-24.569-9.373-33.941 0L154.246 131.48c-9.373 9.373-9.373 24.569 0 33.941l22.627 22.627c9.373 9.373 24.569 9.373 33.941 0l5.657-5.657 39.598 39.598-81.04 81.04-5.657-5.657c-12.497-12.497-32.758-12.497-45.255 0L9.373 412.118c-12.497 12.497-12.497 32.758 0 45.255l45.255 45.255c12.497 12.497 32.758 12.497 45.255 0l114.745-114.745c12.497-12.497 12.497-32.758 0-45.255l-5.657-5.657 81.04-81.04 39.598 39.598-5.657 5.657c-9.373 9.373-9.373 24.569 0 33.941l22.627 22.627c9.373 9.373 24.569 9.373 33.941 0l124.451-124.451c9.372-9.372 9.372-24.568 0-33.941z\"><\/path><\/svg>\t\t\t\t\t\t<\/span>\n\t\t\t\t\t\t\t\t\t\t<span class=\"elementor-icon-list-text\">Underdog Boost: Off<\/span>\n\t\t\t\t\t\t\t\t\t<\/li>\n\t\t\t\t\t\t\t\t<li class=\"elementor-icon-list-item\">\n\t\t\t\t\t\t\t\t\t\t\t<span class=\"elementor-icon-list-icon\">\n\t\t\t\t\t\t\t<svg aria-hidden=\"true\" class=\"e-font-icon-svg e-fas-gavel\" viewBox=\"0 0 512 512\" xmlns=\"http:\/\/www.w3.org\/2000\/svg\"><path d=\"M504.971 199.362l-22.627-22.627c-9.373-9.373-24.569-9.373-33.941 0l-5.657 5.657L329.608 69.255l5.657-5.657c9.373-9.373 9.373-24.569 0-33.941L312.638 7.029c-9.373-9.373-24.569-9.373-33.941 0L154.246 131.48c-9.373 9.373-9.373 24.569 0 33.941l22.627 22.627c9.373 9.373 24.569 9.373 33.941 0l5.657-5.657 39.598 39.598-81.04 81.04-5.657-5.657c-12.497-12.497-32.758-12.497-45.255 0L9.373 412.118c-12.497 12.497-12.497 32.758 0 45.255l45.255 45.255c12.497 12.497 32.758 12.497 45.255 0l114.745-114.745c12.497-12.497 12.497-32.758 0-45.255l-5.657-5.657 81.04-81.04 39.598 39.598-5.657 5.657c-9.373 9.373-9.373 24.569 0 33.941l22.627 22.627c9.373 9.373 24.569 9.373 33.941 0l124.451-124.451c9.372-9.372 9.372-24.568 0-33.941z\"><\/path><\/svg>\t\t\t\t\t\t<\/span>\n\t\t\t\t\t\t\t\t\t\t<span class=\"elementor-icon-list-text\">Score Display: Off<\/span>\n\t\t\t\t\t\t\t\t\t<\/li>\n\t\t\t\t\t\t\t\t<li class=\"elementor-icon-list-item\">\n\t\t\t\t\t\t\t\t\t\t\t<span class=\"elementor-icon-list-icon\">\n\t\t\t\t\t\t\t<svg aria-hidden=\"true\" class=\"e-font-icon-svg e-fas-gavel\" viewBox=\"0 0 512 512\" xmlns=\"http:\/\/www.w3.org\/2000\/svg\"><path d=\"M504.971 199.362l-22.627-22.627c-9.373-9.373-24.569-9.373-33.941 0l-5.657 5.657L329.608 69.255l5.657-5.657c9.373-9.373 9.373-24.569 0-33.941L312.638 7.029c-9.373-9.373-24.569-9.373-33.941 0L154.246 131.48c-9.373 9.373-9.373 24.569 0 33.941l22.627 22.627c9.373 9.373 24.569 9.373 33.941 0l5.657-5.657 39.598 39.598-81.04 81.04-5.657-5.657c-12.497-12.497-32.758-12.497-45.255 0L9.373 412.118c-12.497 12.497-12.497 32.758 0 45.255l45.255 45.255c12.497 12.497 32.758 12.497 45.255 0l114.745-114.745c12.497-12.497 12.497-32.758 0-45.255l-5.657-5.657 81.04-81.04 39.598 39.598-5.657 5.657c-9.373 9.373-9.373 24.569 0 33.941l22.627 22.627c9.373 9.373 24.569 9.373 33.941 0l124.451-124.451c9.372-9.372 9.372-24.568 0-33.941z\"><\/path><\/svg>\t\t\t\t\t\t<\/span>\n\t\t\t\t\t\t\t\t\t\t<span class=\"elementor-icon-list-text\">% Show Damage: Yes<\/span>\n\t\t\t\t\t\t\t\t\t<\/li>\n\t\t\t\t\t\t\t\t<li class=\"elementor-icon-list-item\">\n\t\t\t\t\t\t\t\t\t\t\t<span class=\"elementor-icon-list-icon\">\n\t\t\t\t\t\t\t<svg aria-hidden=\"true\" class=\"e-font-icon-svg e-fas-gavel\" viewBox=\"0 0 512 512\" xmlns=\"http:\/\/www.w3.org\/2000\/svg\"><path d=\"M504.971 199.362l-22.627-22.627c-9.373-9.373-24.569-9.373-33.941 0l-5.657 5.657L329.608 69.255l5.657-5.657c9.373-9.373 9.373-24.569 0-33.941L312.638 7.029c-9.373-9.373-24.569-9.373-33.941 0L154.246 131.48c-9.373 9.373-9.373 24.569 0 33.941l22.627 22.627c9.373 9.373 24.569 9.373 33.941 0l5.657-5.657 39.598 39.598-81.04 81.04-5.657-5.657c-12.497-12.497-32.758-12.497-45.255 0L9.373 412.118c-12.497 12.497-12.497 32.758 0 45.255l45.255 45.255c12.497 12.497 32.758 12.497 45.255 0l114.745-114.745c12.497-12.497 12.497-32.758 0-45.255l-5.657-5.657 81.04-81.04 39.598 39.598-5.657 5.657c-9.373 9.373-9.373 24.569 0 33.941l22.627 22.627c9.373 9.373 24.569 9.373 33.941 0l124.451-124.451c9.372-9.372 9.372-24.568 0-33.941z\"><\/path><\/svg>\t\t\t\t\t\t<\/span>\n\t\t\t\t\t\t\t\t\t\t<span class=\"elementor-icon-list-text\">Custom Balance: Off<\/span>\n\t\t\t\t\t\t\t\t\t<\/li>\n\t\t\t\t\t\t\t\t<li class=\"elementor-icon-list-item\">\n\t\t\t\t\t\t\t\t\t\t\t<span class=\"elementor-icon-list-icon\">\n\t\t\t\t\t\t\t<svg aria-hidden=\"true\" class=\"e-font-icon-svg e-fas-gavel\" viewBox=\"0 0 512 512\" xmlns=\"http:\/\/www.w3.org\/2000\/svg\"><path d=\"M504.971 199.362l-22.627-22.627c-9.373-9.373-24.569-9.373-33.941 0l-5.657 5.657L329.608 69.255l5.657-5.657c9.373-9.373 9.373-24.569 0-33.941L312.638 7.029c-9.373-9.373-24.569-9.373-33.941 0L154.246 131.48c-9.373 9.373-9.373 24.569 0 33.941l22.627 22.627c9.373 9.373 24.569 9.373 33.941 0l5.657-5.657 39.598 39.598-81.04 81.04-5.657-5.657c-12.497-12.497-32.758-12.497-45.255 0L9.373 412.118c-12.497 12.497-12.497 32.758 0 45.255l45.255 45.255c12.497 12.497 32.758 12.497 45.255 0l114.745-114.745c12.497-12.497 12.497-32.758 0-45.255l-5.657-5.657 81.04-81.04 39.598 39.598-5.657 5.657c-9.373 9.373-9.373 24.569 0 33.941l22.627 22.627c9.373 9.373 24.569 9.373 33.941 0l124.451-124.451c9.372-9.372 9.372-24.568 0-33.941z\"><\/path><\/svg>\t\t\t\t\t\t<\/span>\n\t\t\t\t\t\t\t\t\t\t<span class=\"elementor-icon-list-text\">Echo Fighters: Separate<\/span>\n\t\t\t\t\t\t\t\t\t<\/li>\n\t\t\t\t\t\t\t\t<li class=\"elementor-icon-list-item\">\n\t\t\t\t\t\t\t\t\t\t\t<span class=\"elementor-icon-list-icon\">\n\t\t\t\t\t\t\t<svg aria-hidden=\"true\" class=\"e-font-icon-svg e-fas-gavel\" viewBox=\"0 0 512 512\" xmlns=\"http:\/\/www.w3.org\/2000\/svg\"><path d=\"M504.971 199.362l-22.627-22.627c-9.373-9.373-24.569-9.373-33.941 0l-5.657 5.657L329.608 69.255l5.657-5.657c9.373-9.373 9.373-24.569 0-33.941L312.638 7.029c-9.373-9.373-24.569-9.373-33.941 0L154.246 131.48c-9.373 9.373-9.373 24.569 0 33.941l22.627 22.627c9.373 9.373 24.569 9.373 33.941 0l5.657-5.657 39.598 39.598-81.04 81.04-5.657-5.657c-12.497-12.497-32.758-12.497-45.255 0L9.373 412.118c-12.497 12.497-12.497 32.758 0 45.255l45.255 45.255c12.497 12.497 32.758 12.497 45.255 0l114.745-114.745c12.497-12.497 12.497-32.758 0-45.255l-5.657-5.657 81.04-81.04 39.598 39.598-5.657 5.657c-9.373 9.373-9.373 24.569 0 33.941l22.627 22.627c9.373 9.373 24.569 9.373 33.941 0l124.451-124.451c9.372-9.372 9.372-24.568 0-33.941z\"><\/path><\/svg>\t\t\t\t\t\t<\/span>\n\t\t\t\t\t\t\t\t\t\t<span class=\"elementor-icon-list-text\">Radar: Big<\/span>\n\t\t\t\t\t\t\t\t\t<\/li>\n\t\t\t\t\t\t\t\t<li class=\"elementor-icon-list-item\">\n\t\t\t\t\t\t\t\t\t\t\t<span class=\"elementor-icon-list-icon\">\n\t\t\t\t\t\t\t<svg aria-hidden=\"true\" class=\"e-font-icon-svg e-fas-gavel\" viewBox=\"0 0 512 512\" xmlns=\"http:\/\/www.w3.org\/2000\/svg\"><path d=\"M504.971 199.362l-22.627-22.627c-9.373-9.373-24.569-9.373-33.941 0l-5.657 5.657L329.608 69.255l5.657-5.657c9.373-9.373 9.373-24.569 0-33.941L312.638 7.029c-9.373-9.373-24.569-9.373-33.941 0L154.246 131.48c-9.373 9.373-9.373 24.569 0 33.941l22.627 22.627c9.373 9.373 24.569 9.373 33.941 0l5.657-5.657 39.598 39.598-81.04 81.04-5.657-5.657c-12.497-12.497-32.758-12.497-45.255 0L9.373 412.118c-12.497 12.497-12.497 32.758 0 45.255l45.255 45.255c12.497 12.497 32.758 12.497 45.255 0l114.745-114.745c12.497-12.497 12.497-32.758 0-45.255l-5.657-5.657 81.04-81.04 39.598 39.598-5.657 5.657c-9.373 9.373-9.373 24.569 0 33.941l22.627 22.627c9.373 9.373 24.569 9.373 33.941 0l124.451-124.451c9.372-9.372 9.372-24.568 0-33.941z\"><\/path><\/svg>\t\t\t\t\t\t<\/span>\n\t\t\t\t\t\t\t\t\t\t<span class=\"elementor-icon-list-text\">If both stock and percentage are the same, or a game ends in both players losing their last stock at the same time, then a tiebreaker is played, which consists of a 1 stock and 3 minute match with the same characters and the same stage.<\/span>\n\t\t\t\t\t\t\t\t\t<\/li>\n\t\t\t\t\t\t\t\t<li class=\"elementor-icon-list-item\">\n\t\t\t\t\t\t\t\t\t\t\t<span class=\"elementor-icon-list-icon\">\n\t\t\t\t\t\t\t<svg aria-hidden=\"true\" class=\"e-font-icon-svg e-fas-gavel\" viewBox=\"0 0 512 512\" xmlns=\"http:\/\/www.w3.org\/2000\/svg\"><path d=\"M504.971 199.362l-22.627-22.627c-9.373-9.373-24.569-9.373-33.941 0l-5.657 5.657L329.608 69.255l5.657-5.657c9.373-9.373 9.373-24.569 0-33.941L312.638 7.029c-9.373-9.373-24.569-9.373-33.941 0L154.246 131.48c-9.373 9.373-9.373 24.569 0 33.941l22.627 22.627c9.373 9.373 24.569 9.373 33.941 0l5.657-5.657 39.598 39.598-81.04 81.04-5.657-5.657c-12.497-12.497-32.758-12.497-45.255 0L9.373 412.118c-12.497 12.497-12.497 32.758 0 45.255l45.255 45.255c12.497 12.497 32.758 12.497 45.255 0l114.745-114.745c12.497-12.497 12.497-32.758 0-45.255l-5.657-5.657 81.04-81.04 39.598 39.598-5.657 5.657c-9.373 9.373-9.373 24.569 0 33.941l22.627 22.627c9.373 9.373 24.569 9.373 33.941 0l124.451-124.451c9.372-9.372 9.372-24.568 0-33.941z\"><\/path><\/svg>\t\t\t\t\t\t<\/span>\n\t\t\t\t\t\t\t\t\t\t<span class=\"elementor-icon-list-text\">Liste<\/span>\n\t\t\t\t\t\t\t\t\t<\/li>\n\t\t\t\t\t\t\t\t<li class=\"elementor-icon-list-item\">\n\t\t\t\t\t\t\t\t\t\t\t<span class=\"elementor-icon-list-icon\">\n\t\t\t\t\t\t\t<svg aria-hidden=\"true\" class=\"e-font-icon-svg e-fas-gavel\" viewBox=\"0 0 512 512\" xmlns=\"http:\/\/www.w3.org\/2000\/svg\"><path d=\"M504.971 199.362l-22.627-22.627c-9.373-9.373-24.569-9.373-33.941 0l-5.657 5.657L329.608 69.255l5.657-5.657c9.373-9.373 9.373-24.569 0-33.941L312.638 7.029c-9.373-9.373-24.569-9.373-33.941 0L154.246 131.48c-9.373 9.373-9.373 24.569 0 33.941l22.627 22.627c9.373 9.373 24.569 9.373 33.941 0l5.657-5.657 39.598 39.598-81.04 81.04-5.657-5.657c-12.497-12.497-32.758-12.497-45.255 0L9.373 412.118c-12.497 12.497-12.497 32.758 0 45.255l45.255 45.255c12.497 12.497 32.758 12.497 45.255 0l114.745-114.745c12.497-12.497 12.497-32.758 0-45.255l-5.657-5.657 81.04-81.04 39.598 39.598-5.657 5.657c-9.373 9.373-9.373 24.569 0 33.941l22.627 22.627c9.373 9.373 24.569 9.373 33.941 0l124.451-124.451c9.372-9.372 9.372-24.568 0-33.941z\"><\/path><\/svg>\t\t\t\t\t\t<\/span>\n\t\t\t\t\t\t\t\t\t\t<span class=\"elementor-icon-list-text\">If pausing is turned on, rulesets will have clauses on how to proceed if a pause occurs. This does not apply if pausing is turned off.<\/span>\n\t\t\t\t\t\t\t\t\t<\/li>\n\t\t\t\t\t\t<\/ul>\n\t\t\t\t\t\t<\/div>\n\t\t\t\t<div class=\"elementor-element elementor-element-a2bab7a elementor-widget elementor-widget-text-editor\" data-id=\"a2bab7a\" data-element_type=\"widget\" data-e-type=\"widget\" data-widget_type=\"text-editor.default\">\n\t\t\t\t\t\t\t\t\t<h3>Konkurranseansvarlig: Vetle<\/h3><p>Vetle fra Smash Norge har v\u00e6rt p\u00e5 Polar flere \u00e5r p\u00e5 rad, og er del av konkurransecrewet v\u00e5rt. Han brenner for gaming og dataparty &#8211; og du kan n\u00e5 han p\u00e5 Discord i kanalen #supersmash under konkurranser.<\/p><p>\u00a0<\/p>\t\t\t\t\t\t\t\t<\/div>\n\t\t\t\t\t<\/div>\n\t\t\t\t<\/div>\n\t\t\t\t<\/div>\n\t\t","protected":false},"excerpt":{"rendered":"<p>Super Smash Bros 1v1 I samarbeid med Smash Norge arrangerer vi Super Smash-konkurranse p\u00e5 Polar!<\/p>\n","protected":false},"author":12,"featured_media":0,"parent":0,"menu_order":0,"comment_status":"closed","ping_status":"closed","template":"elementor_header_footer","meta":{"_monsterinsights_skip_tracking":false,"_monsterinsights_sitenote_active":false,"_monsterinsights_sitenote_note":"","_monsterinsights_sitenote_category":0,"footnotes":""},"class_list":["post-434","page","type-page","status-publish","hentry"],"_links":{"self":[{"href":"https:\/\/polarparty.no\/pp33\/wp-json\/wp\/v2\/pages\/434","targetHints":{"allow":["GET"]}}],"collection":[{"href":"https:\/\/polarparty.no\/pp33\/wp-json\/wp\/v2\/pages"}],"about":[{"href":"https:\/\/polarparty.no\/pp33\/wp-json\/wp\/v2\/types\/page"}],"author":[{"embeddable":true,"href":"https:\/\/polarparty.no\/pp33\/wp-json\/wp\/v2\/users\/12"}],"replies":[{"embeddable":true,"href":"https:\/\/polarparty.no\/pp33\/wp-json\/wp\/v2\/comments?post=434"}],"version-history":[{"count":10,"href":"https:\/\/polarparty.no\/pp33\/wp-json\/wp\/v2\/pages\/434\/revisions"}],"predecessor-version":[{"id":481,"href":"https:\/\/polarparty.no\/pp33\/wp-json\/wp\/v2\/pages\/434\/revisions\/481"}],"wp:attachment":[{"href":"https:\/\/polarparty.no\/pp33\/wp-json\/wp\/v2\/media?parent=434"}],"curies":[{"name":"wp","href":"https:\/\/api.w.org\/{rel}","templated":true}]}}