{"id":543,"date":"2025-09-22T18:29:03","date_gmt":"2025-09-22T16:29:03","guid":{"rendered":"https:\/\/polarparty.no\/pp33\/?page_id=543"},"modified":"2025-09-22T19:50:32","modified_gmt":"2025-09-22T17:50:32","slug":"mekkedag","status":"publish","type":"page","link":"https:\/\/polarparty.no\/pp33\/mekkedag\/","title":{"rendered":"Mekkedag"},"content":{"rendered":"\t\t<div data-elementor-type=\"wp-page\" data-elementor-id=\"543\" class=\"elementor elementor-543\" data-elementor-post-type=\"page\">\n\t\t\t\t<div class=\"elementor-element elementor-element-fce22f8 e-flex e-con-boxed e-con e-parent\" data-id=\"fce22f8\" data-element_type=\"container\" data-e-type=\"container\">\n\t\t\t\t\t<div class=\"e-con-inner\">\n\t\t\t\t<div class=\"elementor-element elementor-element-8b7355b elementor-widget elementor-widget-text-editor\" data-id=\"8b7355b\" data-element_type=\"widget\" data-e-type=\"widget\" data-widget_type=\"text-editor.default\">\n\t\t\t\t\t\t\t\t\t<h1 data-start=\"169\" data-end=\"210\">\ud83d\udee0\ufe0f Mekkedag \u2013 pr\u00f8v, l\u00e6r og skap selv!<\/h1><p data-start=\"212\" data-end=\"483\">Har du lyst til \u00e5 teste ny teknologi, fikse ting eller bare v\u00e6re kreativ?<br data-start=\"285\" data-end=\"288\" \/>P\u00e5 <strong data-start=\"291\" data-end=\"305\">Mekkedagen<\/strong> kan du droppe inn, pr\u00f8ve ulike aktiviteter og oppleve hva som skjer bak kulissene i Polar. Dette er en unik mulighet til \u00e5 utforske, l\u00e6re og skape \u2013 uansett alder og erfaring!<\/p><h3 data-start=\"490\" data-end=\"508\">\ud83d\udd39 Kodeklubb<\/h3><p data-start=\"509\" data-end=\"879\">Har du noen gang lurt p\u00e5 hvordan spill, apper eller nettsider blir til? P\u00e5 kodeklubben kan du selv pr\u00f8ve deg som programmerer. Vi viser deg enkle og morsomme prosjekter der du kan lage dine egne sm\u00e5 spill eller interaktive ting p\u00e5 skjermen. Perfekt for b\u00e5de nybegynnere og de som allerede har testet litt koding. Kanskje finner du gnisten til \u00e5 lage ditt eget program?<\/p><p data-start=\"509\" data-end=\"879\">I tillegg kan du teste <strong data-start=\"612\" data-end=\"625\">micro:bit<\/strong>, en liten datamaskin du kan programmere til \u00e5 blinke, telle, spille lyder og mye mer. Og om du vil ta det et steg videre, kan du bruke <strong data-start=\"761\" data-end=\"771\">BitBot<\/strong> \u2013 en robotbil styrt av micro:bit \u2013 som du kan programmere til \u00e5 kj\u00f8re, f\u00f8lge linjer eller unng\u00e5 hindringer. Her f\u00e5r du oppleve hvordan programmering kan bli til noe fysisk og levende!<\/p><h3 data-start=\"108\" data-end=\"128\">\ud83e\udde9 LEGO\u00ae Spike<\/h3><p data-start=\"129\" data-end=\"543\">Bygg, lek og l\u00e6r med LEGO Spike! Dette er et verkt\u00f8y som kombinerer LEGO-klosser med motorer og sensorer, slik at du kan lage roboter og maskiner som faktisk beveger seg og reagerer. Sammen med enkel programmering kan du f\u00e5 skapningene dine til \u00e5 kj\u00f8re, l\u00f8fte, lyse eller spille av lyder. Det er b\u00e5de morsomt og l\u00e6rerikt \u2013 og gir en spennende introduksjon til hvordan teknologi og kreativitet kan g\u00e5 h\u00e5nd i h\u00e5nd.<\/p><h3 data-start=\"886\" data-end=\"904\">\ud83d\udc55 Klestrykk<\/h3><p data-start=\"905\" data-end=\"1248\">Har du lyst p\u00e5 kl\u00e6r ingen andre har? P\u00e5 mekkedagen kan du lage ditt helt unike plagg ved \u00e5 pr\u00f8ve klestrykk. Du kan eksperimentere med farger, m\u00f8nstre eller egne design, og se hvordan trykket overf\u00f8res til stoffet. Ta gjerne med en T-skjorte, en hettegenser eller noe annet du vil gi nytt liv \u2013 og g\u00e5 hjem med noe personlig og helt ditt eget.<\/p><h3 data-start=\"1627\" data-end=\"1641\">\ud83d\udd26 Laser<\/h3><p data-start=\"1642\" data-end=\"1955\">Med en laser kan du skj\u00e6re ut eller gravere m\u00f8nstre i tre, akryl og andre materialer med utrolig presisjon. Pr\u00f8v selv \u00e5 lage et personlig n\u00f8kkelanheng, et skilt med navnet ditt eller et lite kunstverk. Laseren er et verkt\u00f8y som kombinerer teknologi og kreativitet \u2013 og resultatet blir b\u00e5de unikt og imponerende.<\/p><h3 data-start=\"1962\" data-end=\"1989\">\ud83d\udd27 Drop-in reparasjon<\/h3><p data-start=\"1990\" data-end=\"2320\">Hvorfor kaste noe som kan fikses? P\u00e5 drop-in reparasjonen kan du ta med en liten dings, et leket\u00f8y eller noe annet som ikke virker lenger. Sammen ser vi om vi kan gi det nytt liv \u2013 og samtidig l\u00e6rer du kanskje et triks eller to om hvordan ting fungerer p\u00e5 innsiden. Det er b\u00e5de milj\u00f8vennlig og g\u00f8y \u00e5 reparere fremfor \u00e5 erstatte.<\/p><h3 data-start=\"2327\" data-end=\"2359\">\ud83c\udfa5 Polar behind the scenes<\/h3><p data-start=\"2360\" data-end=\"2765\">Har du noen gang lurt p\u00e5 hva som egentlig skjer bak scenen for at alt skal fungere? Hos Polar kan du f\u00e5 et eksklusivt innblikk i systemene vi bruker til kantina, hvordan vi lager video, tester lys og lyd (\u00abbr\u00e5k &amp; blink\u00bb) og bygger nettverkene som holder alt sammen. Dette er en sjelden sjanse til \u00e5 se teknologien i praksis \u2013 og kanskje oppdage at det du tar for gitt i hverdagen faktisk er ganske kult!<\/p><h3 data-start=\"2772\" data-end=\"2793\">\ud83d\udccd N\u00e5r?<\/h3><p data-start=\"2794\" data-end=\"2839\">\ud83d\udc49 Tirsdag 7. august 12:00-20:00<\/p><p data-start=\"2841\" data-end=\"2957\">Alle er velkommen \u2013 enten du er nysgjerrig p\u00e5 teknologi, vil l\u00e6re noe nytt eller bare vil se hva vi holder p\u00e5 med!<\/p>\t\t\t\t\t\t\t\t<\/div>\n\t\t\t\t\t<\/div>\n\t\t\t\t<\/div>\n\t\t\t\t<\/div>\n\t\t","protected":false},"excerpt":{"rendered":"<p>\ud83d\udee0\ufe0f Mekkedag \u2013 pr\u00f8v, l\u00e6r og skap selv! Har du lyst til \u00e5 teste ny<\/p>\n","protected":false},"author":12,"featured_media":0,"parent":0,"menu_order":0,"comment_status":"closed","ping_status":"closed","template":"elementor_header_footer","meta":{"_monsterinsights_skip_tracking":false,"_monsterinsights_sitenote_active":false,"_monsterinsights_sitenote_note":"","_monsterinsights_sitenote_category":0,"footnotes":""},"class_list":["post-543","page","type-page","status-publish","hentry"],"_links":{"self":[{"href":"https:\/\/polarparty.no\/pp33\/wp-json\/wp\/v2\/pages\/543","targetHints":{"allow":["GET"]}}],"collection":[{"href":"https:\/\/polarparty.no\/pp33\/wp-json\/wp\/v2\/pages"}],"about":[{"href":"https:\/\/polarparty.no\/pp33\/wp-json\/wp\/v2\/types\/page"}],"author":[{"embeddable":true,"href":"https:\/\/polarparty.no\/pp33\/wp-json\/wp\/v2\/users\/12"}],"replies":[{"embeddable":true,"href":"https:\/\/polarparty.no\/pp33\/wp-json\/wp\/v2\/comments?post=543"}],"version-history":[{"count":13,"href":"https:\/\/polarparty.no\/pp33\/wp-json\/wp\/v2\/pages\/543\/revisions"}],"predecessor-version":[{"id":564,"href":"https:\/\/polarparty.no\/pp33\/wp-json\/wp\/v2\/pages\/543\/revisions\/564"}],"wp:attachment":[{"href":"https:\/\/polarparty.no\/pp33\/wp-json\/wp\/v2\/media?parent=543"}],"curies":[{"name":"wp","href":"https:\/\/api.w.org\/{rel}","templated":true}]}}