{"id":548,"date":"2025-09-22T18:33:20","date_gmt":"2025-09-22T16:33:20","guid":{"rendered":"https:\/\/polarparty.no\/pp33\/?page_id=548"},"modified":"2025-09-22T18:36:18","modified_gmt":"2025-09-22T16:36:18","slug":"retrodag","status":"publish","type":"page","link":"https:\/\/polarparty.no\/pp33\/retrodag\/","title":{"rendered":"Retrodag"},"content":{"rendered":"\t\t<div data-elementor-type=\"wp-page\" data-elementor-id=\"548\" class=\"elementor elementor-548\" data-elementor-post-type=\"page\">\n\t\t\t\t<div class=\"elementor-element elementor-element-81a50af e-flex e-con-boxed e-con e-parent\" data-id=\"81a50af\" data-element_type=\"container\" data-e-type=\"container\">\n\t\t\t\t\t<div class=\"e-con-inner\">\n\t\t\t\t<div class=\"elementor-element elementor-element-ee168bd elementor-widget elementor-widget-text-editor\" data-id=\"ee168bd\" data-element_type=\"widget\" data-e-type=\"widget\" data-widget_type=\"text-editor.default\">\n\t\t\t\t\t\t\t\t\t<h1 data-start=\"170\" data-end=\"213\">\ud83c\udfae Retrodagen \u2013 tilbake til fremtiden!<\/h1><p data-start=\"215\" data-end=\"505\">Bli med p\u00e5 en reise tilbake til tiden da spill kom p\u00e5 kassetter, skjermene var sm\u00e5 og lydene var pipende, men gleden var enorm! P\u00e5 <strong data-start=\"346\" data-end=\"360\">Retrodagen<\/strong> feirer vi klassisk teknologi og gir deg muligheten til \u00e5 oppleve \u2013 eller gjenoppleve \u2013 de ikoniske maskinene og spillene som startet det hele.<\/p><hr data-start=\"507\" data-end=\"510\" \/><h3 data-start=\"512\" data-end=\"541\">\ud83d\udd79\ufe0f Retro spillmaskiner<\/h3><p data-start=\"542\" data-end=\"829\">Test ferdighetene dine p\u00e5 gamle spillkonsoller og datamaskiner! Fra pikselerte plattformspill til klassiske arkadeopplevelser \u2013 her kan du kjenne p\u00e5 hvordan spillverdenen var f\u00f8r dagens grafikkmaraton. Perfekt b\u00e5de for nostalgikere og for de som aldri har pr\u00f8vd spill fra \u00abgamledager\u00bb.<\/p><hr data-start=\"831\" data-end=\"834\" \/><h3 data-start=\"836\" data-end=\"858\">\u2753 Teknologi-quiz<\/h3><p data-start=\"859\" data-end=\"1159\">Hvor godt husker du egentlig teknologien fra 80- og 90-tallet? Eller hvor mye kan du om gamle datamaskiner, mobiltelefoner og elektronikk som banet vei for det vi bruker i dag? Bli med p\u00e5 en underholdende quiz som setter kunnskapene dine p\u00e5 pr\u00f8ve \u2013 og kanskje l\u00e6rer du noen morsomme fakta p\u00e5 veien.<\/p><hr data-start=\"1161\" data-end=\"1164\" \/><h3 data-start=\"1166\" data-end=\"1187\">\ud83c\udfc6 Konkurranser<\/h3><p data-start=\"1188\" data-end=\"1371\">Klarer du \u00e5 sl\u00e5 highscoren i Pac-Man, Tetris eller Space Invaders? Vi arrangerer sm\u00e5 konkurranser gjennom dagen \u2013 b\u00e5de for moro og heder og \u00e6re. Kanskje blir du dagens retro-mester?<\/p><hr data-start=\"1373\" data-end=\"1376\" \/><h3 data-start=\"1378\" data-end=\"1399\">\ud83d\udccd N\u00e5r?<\/h3><p data-start=\"1400\" data-end=\"1445\">\ud83d\udc49 Onsdag 8. august 12:00-20:00<\/p><p data-start=\"1447\" data-end=\"1633\">Retrodagen passer for alle \u2013 enten du vil mimre tilbake til din egen barndom eller oppdage hvordan teknologi og spill startet. Her blir det b\u00e5de latter, l\u00e6ring og en god dose nostalgi!<\/p>\t\t\t\t\t\t\t\t<\/div>\n\t\t\t\t\t<\/div>\n\t\t\t\t<\/div>\n\t\t\t\t<\/div>\n\t\t","protected":false},"excerpt":{"rendered":"<p>\ud83c\udfae Retrodagen \u2013 tilbake til fremtiden! Bli med p\u00e5 en reise tilbake til tiden da<\/p>\n","protected":false},"author":12,"featured_media":0,"parent":0,"menu_order":0,"comment_status":"closed","ping_status":"closed","template":"elementor_header_footer","meta":{"_monsterinsights_skip_tracking":false,"_monsterinsights_sitenote_active":false,"_monsterinsights_sitenote_note":"","_monsterinsights_sitenote_category":0,"footnotes":""},"class_list":["post-548","page","type-page","status-publish","hentry"],"_links":{"self":[{"href":"https:\/\/polarparty.no\/pp33\/wp-json\/wp\/v2\/pages\/548","targetHints":{"allow":["GET"]}}],"collection":[{"href":"https:\/\/polarparty.no\/pp33\/wp-json\/wp\/v2\/pages"}],"about":[{"href":"https:\/\/polarparty.no\/pp33\/wp-json\/wp\/v2\/types\/page"}],"author":[{"embeddable":true,"href":"https:\/\/polarparty.no\/pp33\/wp-json\/wp\/v2\/users\/12"}],"replies":[{"embeddable":true,"href":"https:\/\/polarparty.no\/pp33\/wp-json\/wp\/v2\/comments?post=548"}],"version-history":[{"count":7,"href":"https:\/\/polarparty.no\/pp33\/wp-json\/wp\/v2\/pages\/548\/revisions"}],"predecessor-version":[{"id":558,"href":"https:\/\/polarparty.no\/pp33\/wp-json\/wp\/v2\/pages\/548\/revisions\/558"}],"wp:attachment":[{"href":"https:\/\/polarparty.no\/pp33\/wp-json\/wp\/v2\/media?parent=548"}],"curies":[{"name":"wp","href":"https:\/\/api.w.org\/{rel}","templated":true}]}}