{"id":574,"date":"2025-09-23T21:18:52","date_gmt":"2025-09-23T19:18:52","guid":{"rendered":"https:\/\/polarparty.no\/pp33\/?page_id=574"},"modified":"2025-09-30T09:30:42","modified_gmt":"2025-09-30T07:30:42","slug":"hallkart","status":"publish","type":"page","link":"https:\/\/polarparty.no\/pp33\/hallkart\/","title":{"rendered":"Hallkart"},"content":{"rendered":"\t\t<div data-elementor-type=\"wp-page\" data-elementor-id=\"574\" class=\"elementor elementor-574\" data-elementor-post-type=\"page\">\n\t\t\t\t<div class=\"elementor-element elementor-element-0c065ff e-flex e-con-boxed e-con e-parent\" data-id=\"0c065ff\" data-element_type=\"container\" data-e-type=\"container\">\n\t\t\t\t\t<div class=\"e-con-inner\">\n\t\t\t\t<div class=\"elementor-element elementor-element-7f18712 elementor-widget elementor-widget-heading\" data-id=\"7f18712\" data-element_type=\"widget\" data-e-type=\"widget\" data-widget_type=\"heading.default\">\n\t\t\t\t\t<h1 class=\"elementor-heading-title elementor-size-default\">Hallkart<\/h1>\t\t\t\t<\/div>\n\t\t\t\t<div class=\"elementor-element elementor-element-5c4495d elementor-widget elementor-widget-text-editor\" data-id=\"5c4495d\" data-element_type=\"widget\" data-e-type=\"widget\" data-widget_type=\"text-editor.default\">\n\t\t\t\t\t\t\t\t\t<p><strong>For \u00e5 velge plass m\u00e5 du f\u00f8rst ha kj\u00f8pt billett<\/strong><\/p>\t\t\t\t\t\t\t\t<\/div>\n\t\t\t\t<div class=\"elementor-element elementor-element-cd5deba elementor-widget elementor-widget-text-editor\" data-id=\"cd5deba\" data-element_type=\"widget\" data-e-type=\"widget\" data-widget_type=\"text-editor.default\">\n\t\t\t\t\t\t\t\t\t<p>Du kan endre p\u00e5 plassen din helt fram til kvelden l\u00f8rdag 4. oktober.<\/p><p>Husk \u00e5 be venner du vil reise p\u00e5 Polar med om \u00e5 bestille plass!<\/p><p>Bilded under viser en skisse av hvordan oppsettet p\u00e5 hallen i \u00e5r vil v\u00e6re.\u00a0<\/p>\t\t\t\t\t\t\t\t<\/div>\n\t\t\t\t<div class=\"elementor-element elementor-element-24b604f elementor-widget elementor-widget-image\" data-id=\"24b604f\" data-element_type=\"widget\" data-e-type=\"widget\" data-widget_type=\"image.default\">\n\t\t\t\t\t\t\t\t\t\t\t\t\t\t\t<img loading=\"lazy\" width=\"640\" height=\"666\" src=\"https:\/\/polarparty.no\/pp33\/wp-content\/uploads\/sites\/7\/2025\/09\/PP33-Hallkart-deltakere-768x799-2.png\" class=\"attachment-large size-large wp-image-581\" alt=\"PP33-Hallkart-deltakere-768x799\" srcset=\"https:\/\/polarparty.no\/pp33\/wp-content\/uploads\/sites\/7\/2025\/09\/PP33-Hallkart-deltakere-768x799-2.png 768w, https:\/\/polarparty.no\/pp33\/wp-content\/uploads\/sites\/7\/2025\/09\/PP33-Hallkart-deltakere-768x799-2-288x300.png 288w, https:\/\/polarparty.no\/pp33\/wp-content\/uploads\/sites\/7\/2025\/09\/PP33-Hallkart-deltakere-768x799-2-600x624.png 600w\" sizes=\"auto, (max-width: 640px) 100vw, 640px\" loading=\"lazy\" decoding=\"async\" \/>\t\t\t\t\t\t\t\t\t\t\t\t\t\t\t<\/div>\n\t\t\t\t<div class=\"elementor-element elementor-element-d197f2b elementor-widget elementor-widget-text-editor\" data-id=\"d197f2b\" data-element_type=\"widget\" data-e-type=\"widget\" data-widget_type=\"text-editor.default\">\n\t\t\t\t\t\t\t\t\t<p>L\u00f8rdag 4. oktober stenger vi hallkartet for reservering av plass. Hvis du ikke har f\u00e5tt valgt plass f\u00f8r dette, s\u00e5 vil det fortsatt v\u00e6re mulighet til \u00e5 velge plass n\u00e5r du ankommer arrangementet. Vi vil da hjelpe deg med \u00e5 gj\u00f8re dette.<\/p>\t\t\t\t\t\t\t\t<\/div>\n\t\t\t\t\t<\/div>\n\t\t\t\t<\/div>\n\t\t\t\t<\/div>\n\t\t","protected":false},"excerpt":{"rendered":"<p>Hallkart For \u00e5 velge plass m\u00e5 du f\u00f8rst ha kj\u00f8pt billett Du kan endre p\u00e5<\/p>\n","protected":false},"author":12,"featured_media":0,"parent":0,"menu_order":0,"comment_status":"closed","ping_status":"closed","template":"elementor_header_footer","meta":{"_monsterinsights_skip_tracking":false,"_monsterinsights_sitenote_active":false,"_monsterinsights_sitenote_note":"","_monsterinsights_sitenote_category":0,"footnotes":""},"class_list":["post-574","page","type-page","status-publish","hentry"],"_links":{"self":[{"href":"https:\/\/polarparty.no\/pp33\/wp-json\/wp\/v2\/pages\/574","targetHints":{"allow":["GET"]}}],"collection":[{"href":"https:\/\/polarparty.no\/pp33\/wp-json\/wp\/v2\/pages"}],"about":[{"href":"https:\/\/polarparty.no\/pp33\/wp-json\/wp\/v2\/types\/page"}],"author":[{"embeddable":true,"href":"https:\/\/polarparty.no\/pp33\/wp-json\/wp\/v2\/users\/12"}],"replies":[{"embeddable":true,"href":"https:\/\/polarparty.no\/pp33\/wp-json\/wp\/v2\/comments?post=574"}],"version-history":[{"count":25,"href":"https:\/\/polarparty.no\/pp33\/wp-json\/wp\/v2\/pages\/574\/revisions"}],"predecessor-version":[{"id":636,"href":"https:\/\/polarparty.no\/pp33\/wp-json\/wp\/v2\/pages\/574\/revisions\/636"}],"wp:attachment":[{"href":"https:\/\/polarparty.no\/pp33\/wp-json\/wp\/v2\/media?parent=574"}],"curies":[{"name":"wp","href":"https:\/\/api.w.org\/{rel}","templated":true}]}}