{"id":610,"date":"2025-09-27T12:57:51","date_gmt":"2025-09-27T10:57:51","guid":{"rendered":"https:\/\/polarparty.no\/pp33\/?page_id=610"},"modified":"2025-09-27T13:02:41","modified_gmt":"2025-09-27T11:02:41","slug":"fortnite","status":"publish","type":"page","link":"https:\/\/polarparty.no\/pp33\/fortnite\/","title":{"rendered":"Fortnite"},"content":{"rendered":"\t\t<div data-elementor-type=\"wp-page\" data-elementor-id=\"610\" class=\"elementor elementor-610\" data-elementor-post-type=\"page\">\n\t\t\t\t<div class=\"elementor-element elementor-element-69e5f64 e-flex e-con-boxed e-con e-parent\" data-id=\"69e5f64\" data-element_type=\"container\" data-e-type=\"container\">\n\t\t\t\t\t<div class=\"e-con-inner\">\n\t\t\t\t<div class=\"elementor-element elementor-element-eaf7a93 elementor-widget elementor-widget-heading\" data-id=\"eaf7a93\" data-element_type=\"widget\" data-e-type=\"widget\" data-widget_type=\"heading.default\">\n\t\t\t\t\t<h1 class=\"elementor-heading-title elementor-size-default\">Fortnite<\/h1>\t\t\t\t<\/div>\n\t\t\t\t<div class=\"elementor-element elementor-element-655cf4c elementor-widget elementor-widget-image\" data-id=\"655cf4c\" data-element_type=\"widget\" data-e-type=\"widget\" data-widget_type=\"image.default\">\n\t\t\t\t\t\t\t\t\t\t\t\t\t\t\t<img loading=\"lazy\" width=\"640\" height=\"257\" src=\"https:\/\/polarparty.no\/pp33\/wp-content\/uploads\/sites\/7\/2025\/09\/fortnite22-768x308-1.jpg\" class=\"attachment-large size-large wp-image-612\" alt=\"fortnite22-768x308\" srcset=\"https:\/\/polarparty.no\/pp33\/wp-content\/uploads\/sites\/7\/2025\/09\/fortnite22-768x308-1.jpg 768w, https:\/\/polarparty.no\/pp33\/wp-content\/uploads\/sites\/7\/2025\/09\/fortnite22-768x308-1-300x120.jpg 300w, https:\/\/polarparty.no\/pp33\/wp-content\/uploads\/sites\/7\/2025\/09\/fortnite22-768x308-1-600x241.jpg 600w\" sizes=\"auto, (max-width: 640px) 100vw, 640px\" loading=\"lazy\" decoding=\"async\" \/>\t\t\t\t\t\t\t\t\t\t\t\t\t\t\t<\/div>\n\t\t\t\t\t<\/div>\n\t\t\t\t<\/div>\n\t\t<div class=\"elementor-element elementor-element-3ead14c e-flex e-con-boxed e-con e-parent\" data-id=\"3ead14c\" data-element_type=\"container\" data-e-type=\"container\">\n\t\t\t\t\t<div class=\"e-con-inner\">\n\t\t\t\t<div class=\"elementor-element elementor-element-31ab01b elementor-widget elementor-widget-text-editor\" data-id=\"31ab01b\" data-element_type=\"widget\" data-e-type=\"widget\" data-widget_type=\"text-editor.default\">\n\t\t\t\t\t\t\t\t\t<h2>Gj\u00f8r dere klare: Fortnite-konkurranse kommer!<\/h2><p>Det blir en <b>Fortnite-konkurranse<\/b> p\u00e5 \u00e5rets arrangement! \ud83d\udca5<\/p><p>Vi vet at mange av dere har ventet p\u00e5 denne, og vi jobber n\u00e5 p\u00e5 spreng med \u00e5 f\u00e5 p\u00e5 plass det perfekte oppsettet og turneringsformatet. Vi \u00f8nsker \u00e5 sikre en rettferdig og utrolig morsom opplevelse for alle deltakere.<\/p><p><b>Hold deg oppdatert!<\/b> Informasjon om p\u00e5melding, regler, premier og n\u00f8yaktig n\u00e5r konkurransen starter, vil bli publisert her p\u00e5 nettsiden og i v\u00e5re sosiale medier s\u00e5 snart alt er klart.<\/p><p>Gj\u00f8r gjerne klar <i>Squaden<\/i> \u2013 vi gleder oss til \u00e5 se hvem som stikker av med seieren i \u00e5r!<\/p>\t\t\t\t\t\t\t\t<\/div>\n\t\t\t\t\t<\/div>\n\t\t\t\t<\/div>\n\t\t\t\t<\/div>\n\t\t","protected":false},"excerpt":{"rendered":"<p>Fortnite Gj\u00f8r dere klare: Fortnite-konkurranse kommer! Det blir en Fortnite-konkurranse p\u00e5 \u00e5rets arrangement! \ud83d\udca5 Vi<\/p>\n","protected":false},"author":12,"featured_media":0,"parent":0,"menu_order":0,"comment_status":"closed","ping_status":"closed","template":"elementor_header_footer","meta":{"_monsterinsights_skip_tracking":false,"_monsterinsights_sitenote_active":false,"_monsterinsights_sitenote_note":"","_monsterinsights_sitenote_category":0,"footnotes":""},"class_list":["post-610","page","type-page","status-publish","hentry"],"_links":{"self":[{"href":"https:\/\/polarparty.no\/pp33\/wp-json\/wp\/v2\/pages\/610","targetHints":{"allow":["GET"]}}],"collection":[{"href":"https:\/\/polarparty.no\/pp33\/wp-json\/wp\/v2\/pages"}],"about":[{"href":"https:\/\/polarparty.no\/pp33\/wp-json\/wp\/v2\/types\/page"}],"author":[{"embeddable":true,"href":"https:\/\/polarparty.no\/pp33\/wp-json\/wp\/v2\/users\/12"}],"replies":[{"embeddable":true,"href":"https:\/\/polarparty.no\/pp33\/wp-json\/wp\/v2\/comments?post=610"}],"version-history":[{"count":4,"href":"https:\/\/polarparty.no\/pp33\/wp-json\/wp\/v2\/pages\/610\/revisions"}],"predecessor-version":[{"id":615,"href":"https:\/\/polarparty.no\/pp33\/wp-json\/wp\/v2\/pages\/610\/revisions\/615"}],"wp:attachment":[{"href":"https:\/\/polarparty.no\/pp33\/wp-json\/wp\/v2\/media?parent=610"}],"curies":[{"name":"wp","href":"https:\/\/api.w.org\/{rel}","templated":true}]}}